{"id":30015,"date":"2020-01-17T15:52:58","date_gmt":"2020-01-17T14:52:58","guid":{"rendered":"https:\/\/test.rebotherm.de\/produkt\/aerogel\/"},"modified":"2026-03-22T22:10:56","modified_gmt":"2026-03-22T21:10:56","slug":"aerogel","status":"publish","type":"product","link":"https:\/\/test.rebotherm.de\/fr\/aerogel\/","title":{"rendered":"Isolation en a\u00e9rogel 10 mm | Matelas et rouleau | Efficacit\u00e9 maximale"},"content":{"rendered":"<div class=\"et_d4_element et_pb_section et_pb_section_0  et_pb_css_mix_blend_mode et_section_regular et_block_section\" >\n\t\t\t\t\n\t\t\t\t\n\t\t\t\t\n\t\t\t\t\n\t\t\t\t\n\t\t\t\t\n\t\t\t\t<div class=\"et_d4_element et_pb_row et_pb_row_0  et_pb_css_mix_blend_mode et_block_row\">\n\t\t\t\t<div class=\"et_d4_element et_pb_column_4_4 et_pb_column et_pb_column_0  et_pb_css_mix_blend_mode et-last-child et_block_column\">\n\t\t\t\t\n\t\t\t\t\n\t\t\t\t\n\t\t\t\t\n\t\t\t\t<div class=\"et_pb_module et_d4_element et_pb_wc_breadcrumb et_pb_wc_breadcrumb_0 et_pb_bg_layout_  et_pb_text_align_left\">\n\t\t\t\t\n\t\t\t\t\n\t\t\t\t\n\t\t\t\t\n\t\t\t\t\n\t\t\t\t\n\t\t\t\t<div class=\"et_pb_module_inner\">\n\t\t\t\t\t<nav class=\"woocommerce-breadcrumb\" aria-label=\"Breadcrumb\"><a href=\"https:\/\/test.rebotherm.de\/fr\/\">Accueil<\/a>  \/  <a href=\"https:\/\/test.rebotherm.de\/fr\/produkt-kategorie\/composants\/\">Composants<\/a>  \/  Adh\u00e9sif polym\u00e8re<\/nav>\n\t\t\t\t<\/div>\n\t\t\t<\/div><div class=\"et_pb_module et_d4_element et_pb_wc_cart_notice et_pb_wc_cart_notice_0 woocommerce et_pb_fields_layout_default et_pb_bg_layout_  et_pb_text_align_left\">\n\t\t\t\t\n\t\t\t\t\n\t\t\t\t\n\t\t\t\t\n\t\t\t\t\n\t\t\t\t\n\t\t\t\t<div class=\"et_pb_module_inner\">\n\t\t\t\t\t\n\t\t\t\t<\/div>\n\t\t\t<\/div>\n\t\t\t<\/div>\n\t\t\t\t\n\t\t\t\t\n\t\t\t\t\n\t\t\t\t\n\t\t\t<\/div><div class=\"et_d4_element et_pb_row et_pb_row_1  et_pb_css_mix_blend_mode et_block_row\">\n\t\t\t\t<div class=\"et_d4_element et_pb_column_1_2 et_pb_column et_pb_column_1  et_pb_css_mix_blend_mode et_block_column\">\n\t\t\t\t\n\t\t\t\t\n\t\t\t\t\n\t\t\t\t\n\t\t\t\t<div class=\"et_pb_module et_d4_element et_pb_wc_images et_pb_wc_images_0 et_pb_bg_layout_\">\n\t\t\t\t\n\t\t\t\t\n\t\t\t\t\n\t\t\t\t\n\t\t\t\t\n\t\t\t\t\n\t\t\t\t<div class=\"et_pb_module_inner\">\n\t\t\t\t\t<div class=\"woocommerce-product-gallery woocommerce-product-gallery--with-images woocommerce-product-gallery--columns-4 images\" data-columns=\"4\" style=\"opacity: 0; transition: opacity .25s ease-in-out;\">\n\t<div class=\"woocommerce-product-gallery__wrapper\">\n\t\t<div data-thumb=\"https:\/\/test.rebotherm.de\/wp-content\/uploads\/2026\/04\/Soudal-100x100.jpg\" data-thumb-alt=\"Adh\u00e9sif polym\u00e8re pour film chauffant en carbone\" data-thumb-srcset=\"\"  data-thumb-sizes=\"(max-width: 100px) 100vw, 100px\" class=\"woocommerce-product-gallery__image\"><a href=\"https:\/\/test.rebotherm.de\/wp-content\/uploads\/2026\/04\/Soudal.jpg\"><img decoding=\"async\" width=\"226\" height=\"248\" src=\"https:\/\/test.rebotherm.de\/wp-content\/uploads\/2026\/04\/Soudal.jpg\" class=\"wp-post-image\" alt=\"Adh\u00e9sif polym\u00e8re pour film chauffant en carbone\" data-caption=\"\" data-src=\"https:\/\/test.rebotherm.de\/wp-content\/uploads\/2026\/04\/Soudal.jpg\" data-large_image=\"https:\/\/test.rebotherm.de\/wp-content\/uploads\/2026\/04\/Soudal.jpg\" data-large_image_width=\"226\" data-large_image_height=\"248\" srcset=\"https:\/\/test.rebotherm.de\/wp-content\/uploads\/2026\/04\/Soudal.jpg 226w, https:\/\/test.rebotherm.de\/wp-content\/uploads\/2026\/04\/Soudal-137x150.jpg 137w\" sizes=\"(max-width: 226px) 100vw, 226px\" title=\"\" data- data-large_image_><\/a><\/div>\n\t<\/div>\n<\/div>\n\n\t\t\t\t<\/div>\n\t\t\t<\/div>\n\t\t\t<\/div><div class=\"et_d4_element et_pb_column_1_2 et_pb_column et_pb_column_2  et_pb_css_mix_blend_mode et-last-child et_block_column\">\n\t\t\t\t\n\t\t\t\t\n\t\t\t\t\n\t\t\t\t\n\t\t\t\t<div class=\"et_pb_module et_d4_element et_pb_wc_title et_pb_wc_title_0 et_pb_bg_layout_light\">\n\t\t\t\t\n\t\t\t\t\n\t\t\t\t\n\t\t\t\t\n\t\t\t\t\n\t\t\t\t\n\t\t\t\t<div class=\"et_pb_module_inner\">\n\t\t\t\t\t\n\t\t<h1>Adh\u00e9sif polym\u00e8re<\/h1>\n\t\t\t\t<\/div>\n\t\t\t<\/div><div class=\"et_pb_module et_d4_element et_pb_wc_price et_pb_wc_price_0\">\n\t\t\t\t\n\t\t\t\t\n\t\t\t\t\n\t\t\t\t\n\t\t\t\t\n\t\t\t\t\n\t\t\t\t<div class=\"et_pb_module_inner\">\n\t\t\t\t\t<p class=\"price\"><span class=\"woocommerce-Price-amount amount\"><bdi>16,90&nbsp;<span class=\"woocommerce-Price-currencySymbol\">&euro;<\/span><\/bdi><\/span> <small class=\"woocommerce-price-suffix\">TTC <\/small><\/p>\n\n\t\t\t\t<\/div>\n\t\t\t<\/div><div class=\"et_pb_module et_d4_element et_pb_wc_description et_pb_wc_description_0 et_pb_bg_layout_light  et_pb_text_align_left\">\n\t\t\t\t\n\t\t\t\t\n\t\t\t\t\n\t\t\t\t\n\t\t\t\t\n\t\t\t\t\n\t\t\t\t<div class=\"et_pb_module_inner\">\n\t\t\t\t\t<p>Colle polym\u00e8re pour un collage s\u00fbr du film chauffant en carbone<\/p>\n\n\t\t\t\t<\/div>\n\t\t\t<\/div><div class=\"et_pb_module et_d4_element et_pb_wc_add_to_cart et_pb_wc_add_to_cart_0 et_pb_fields_label_position_default et_pb_bg_layout_  et_pb_text_align_left\">\n\t\t\t\t\n\t\t\t\t\n\t\t\t\t\n\t\t\t\t\n\t\t\t\t\n\t\t\t\t\n\t\t\t\t<div class=\"et_pb_module_inner\">\n\t\t\t\t\t\n\t\n\t<form class=\"cart\" action=\"https:\/\/test.rebotherm.de\/fr\/adhesif-polymere\/\" method=\"post\" enctype='multipart\/form-data'>\n\t\t\n\t\t<div class=\"quantity\">\n\t\t<label class=\"screen-reader-text\" for=\"quantity_69da0bc8f087e\">quantit\u00e9 de Adh\u00e9sif polym\u00e8re<\/label>\n\t<input\n\t\ttype=\"number\"\n\t\t\t\tid=\"quantity_69da0bc8f087e\"\n\t\tclass=\"input-text qty text\"\n\t\tname=\"quantity\"\n\t\tvalue=\"1\"\n\t\taria-label=\"Quantit\u00e9 de produits\"\n\t\t\t\tmin=\"1\"\n\t\t\t\t\t\t\tstep=\"1\"\n\t\t\tplaceholder=\"\"\n\t\t\tinputmode=\"numeric\"\n\t\t\tautocomplete=\"off\"\n\t\t\t\/>\n\t<\/div>\n\n\t\t<button type=\"submit\" name=\"add-to-cart\" value=\"42924\" class=\"single_add_to_cart_button button alt\">Ajouter au panier<\/button>\n\n\t\t\t<\/form>\n\n\t\n\n\t\t\t\t<\/div>\n\t\t\t<\/div><div class=\"et_pb_module et_d4_element et_pb_wc_meta et_pb_wc_meta_0 et_pb_bg_layout_ et_pb_wc_meta_layout_inline\">\n\t\t\t\t\n\t\t\t\t\n\t\t\t\t\n\t\t\t\t\n\t\t\t\t\n\t\t\t\t\n\t\t\t\t<div class=\"et_pb_module_inner\">\n\t\t\t\t\t<div class=\"product_meta\">\n\n\t\n\t<p class=\"wc-gzd-additional-info product-units-wrapper product-units wc-gzd-additional-info-placeholder\" aria-hidden=\"true\"><\/p>\n\n\t\n\t\t<span class=\"sku_wrapper\">UGS\u00a0: <span class=\"sku\">ND<\/span><\/span>\n\n\t\n\t<span class=\"posted_in\">Cat\u00e9gorie\u00a0: <a href=\"https:\/\/test.rebotherm.de\/fr\/produkt-kategorie\/isolation\/\" rel=\"tag\">Isolation<\/a><\/span>\n\t\n\t\n<\/div>\n\n\t\t\t\t<\/div>\n\t\t\t<\/div>\n\t\t\t<\/div>\n\t\t\t\t\n\t\t\t\t\n\t\t\t\t\n\t\t\t\t\n\t\t\t<\/div><div class=\"et_d4_element et_pb_row et_pb_row_2  et_pb_css_mix_blend_mode et_block_row\">\n\t\t\t\t<div class=\"et_d4_element et_pb_column_4_4 et_pb_column et_pb_column_3  et_pb_css_mix_blend_mode et-last-child et_block_column\">\n\t\t\t\t\n\t\t\t\t\n\t\t\t\t\n\t\t\t\t\n\t\t\t\t<div class=\"et_pb_module et_d4_element et_pb_wc_tabs et_pb_wc_tabs_0 et_pb_tabs \" >\n\t\t\t\t\n\t\t\t\t\n\t\t\t\t\n\t\t\t\t\n\t\t\t\t<ul class=\"et_pb_tabs_controls clearfix\">\n\t\t\t\t\t\n\t\t\t\t<\/ul>\n\t\t\t\t<div class=\"et_pb_all_tabs\">\n\t\t\t\t\t\n\t\t\t\t<\/div>\n\t\t\t<\/div><div class=\"et_pb_module et_d4_element et_pb_wc_related_products et_pb_wc_related_products_0 et_pb_bg_layout_  et_pb_css_mix_blend_mode\">\n\t\t\t\t\n\t\t\t\t\n\t\t\t\t\n\t\t\t\t\n\t\t\t\t\n\t\t\t\t\n\t\t\t\t<div class=\"et_pb_module_inner\">\n\t\t\t\t\t\n\t<section class=\"related products\">\n\n\t\t\t\t\t<h2>Produits similaires<\/h2>\n\t\t\t\t<ul class=\"products columns-3\">\n\n\t\t\t\n\t\t\t\t\t<li class=\"product type-product post-37145 status-publish first instock product_cat-isolation has-post-thumbnail featured taxable shipping-taxable purchasable product-type-variable\">\n\t<a href=\"https:\/\/test.rebotherm.de\/fr\/panneau-superwall-10mm-pour-lisolation-interieure-kopie\/\" class=\"woocommerce-LoopProduct-link woocommerce-loop-product__link\"><span class=\"et_shop_image\"><img decoding=\"async\" width=\"300\" height=\"300\" src=\"https:\/\/test.rebotherm.de\/wp-content\/uploads\/2024\/06\/superwall-innendaemmplatte-e1635713501831-300x300.jpg\" class=\"attachment-woocommerce_thumbnail size-woocommerce_thumbnail\" alt=\"Panneau Superwall 10mm pour l&#039;isolation int\u00e9rieure\" title=\"\"><span class=\"et_overlay\"><\/span><\/span><h2 class=\"woocommerce-loop-product__title\">Panneau Superwall 10mm pour l&rsquo;isolation int\u00e9rieure<\/h2>\n\t<span class=\"price\"><span class=\"woocommerce-Price-amount amount\"><bdi>45,46&nbsp;<span class=\"woocommerce-Price-currencySymbol\">&euro;<\/span><\/bdi><\/span> &ndash; <span class=\"woocommerce-Price-amount amount\"><bdi>63,55&nbsp;<span class=\"woocommerce-Price-currencySymbol\">&euro;<\/span><\/bdi><\/span> <small class=\"woocommerce-price-suffix\">TTC <\/small><\/span>\n\n\n\n<\/a>\n\n\n<\/li>\n\n\t\t\t\n\t\t\t\t\t<li class=\"product type-product post-30031 status-publish instock product_cat-isolation has-post-thumbnail featured taxable shipping-taxable purchasable product-type-variable has-default-attributes\">\n\t<a href=\"https:\/\/test.rebotherm.de\/fr\/pate-thermique-auratherm\/\" class=\"woocommerce-LoopProduct-link woocommerce-loop-product__link\"><span class=\"et_shop_image\"><img decoding=\"async\" width=\"300\" height=\"300\" src=\"https:\/\/test.rebotherm.de\/wp-content\/uploads\/2024\/06\/auratherm-thermoschutz-farbe-300x300.png\" class=\"attachment-woocommerce_thumbnail size-woocommerce_thumbnail\" alt=\"Peinture de protection thermique Auratherm\" title=\"\"><span class=\"et_overlay\"><\/span><\/span><h2 class=\"woocommerce-loop-product__title\">P\u00e2te thermique contre la moisissure et les murs froids<\/h2>\n\t<span class=\"price\"><span class=\"woocommerce-Price-amount amount\"><bdi>112,50&nbsp;<span class=\"woocommerce-Price-currencySymbol\">&euro;<\/span><\/bdi><\/span> &ndash; <span class=\"woocommerce-Price-amount amount\"><bdi>450,00&nbsp;<span class=\"woocommerce-Price-currencySymbol\">&euro;<\/span><\/bdi><\/span> <small class=\"woocommerce-price-suffix\">TTC <\/small><\/span>\n\n\n\n<\/a>\n\n\n<\/li>\n\n\t\t\t\n\t\t<\/ul>\n\n\t<\/section>\n\t\n\t\t\t\t<\/div>\n\t\t\t<\/div>\n\t\t\t<\/div>\n\t\t\t\t\n\t\t\t\t\n\t\t\t\t\n\t\t\t\t\n\t\t\t<\/div>\n\t\t\t\t\n\t\t\t\t\n\t\t\t<\/div>\n","protected":false},"excerpt":{"rendered":"<p>\n<strong>Isolation en a\u00e9rogel 10 mm<\/strong> \u2013 <strong>isolation haute performance ultra-fine pour l\u2019int\u00e9rieur et l\u2019ext\u00e9rieur<\/strong>.<br \/>\nId\u00e9ale pour la <strong>r\u00e9novation, l\u2019ancien et les b\u00e2timents class\u00e9s<\/strong>, lorsque l\u2019on recherche une performance maximale avec une \u00e9paisseur minimale.\n<\/p>\n<ul>\n<li><strong>Matelas :<\/strong> 750 \u00d7 1200 mm<\/li>\n<li><strong>Rouleau :<\/strong> 1500 mm \u00d7 25 m (37,5 m\u00b2)<\/li>\n<\/ul>\n<p>\nAvec une conductivit\u00e9 thermique de <strong>0,013\u20130,016 W\/(m\u00b7K)<\/strong>, l\u2019a\u00e9rogel offre jusqu\u2019\u00e0 <strong>4\u00d7 meilleures performances d\u2019isolation<\/strong> que les isolants classiques \u2013 parfait pour les espaces r\u00e9duits et les applications exigeantes.<\/p>\n","protected":false},"featured_media":28029,"comment_status":"closed","ping_status":"closed","template":"","meta":{"_et_pb_use_builder":"on","_et_pb_old_content":"<div class=\"aerogel-product\">\n\n<h2>Isolation en a\u00e9rogel 10 mm \u2013 isolant haute performance pour lisolation int\u00e9rieure  ext\u00e9rieure<\/h2>\n\n<p>\nLe <strong>matelas isolant en a\u00e9rogel 10 mm<\/strong> est un <strong>isolant haute performance<\/strong> innovant, offrant une isolation thermique maximale pour une \u00e9paisseur minimale. \nId\u00e9al pour la <strong>r\u00e9novation, l\u2019ancien, le neuf et les b\u00e2timents class\u00e9s<\/strong> \u2013 partout o\u00f9 les isolants classiques sont trop \u00e9pais.\n<\/p>\n\n<!-- TRUST + QUICK BENEFITS -->\n<div style=\"background:#f8fafc;padding:20px;border-radius:8px;margin:20px 0\">\n<strong>\u2714 Avantages imm\u00e9diats :<\/strong>\n<ul>\n<li>Ultra-fin : seulement 10 mm<\/li>\n<li>Jusqu\u00e0 4\u00d7 meilleures performances disolation<\/li>\n<li>Parfait pour lisolation int\u00e9rieure  ext\u00e9rieure<\/li>\n<li>Rapide  facile \u00e0 mettre en \u0153uvre<\/li>\n<\/ul>\n<\/div>\n\n<h2>Pourquoi lisolation en a\u00e9rogel ?<\/h2>\n\n<p>\nAvec une conductivit\u00e9 thermique de <strong>\u03bb = 0,015 W\/(m\u00b7K)<\/strong>, l\u2019a\u00e9rogel fait partie des isolants les plus efficaces au monde. \nVous obtenez une performance d\u2019isolation maximale avec un encombrement minimal \u2013 id\u00e9al pour les situations de chantier complexes.\n<\/p>\n\n<!-- U-WERT -->\n<div style=\"background:#eef6ff;padding:15px;border-radius:8px;margin:20px 0\">\n<strong>Exemple de valeur U (a\u00e9rogel 10 mm) :<\/strong><br>U = 0,015 \/ 0,01 = <strong>1,5 W\/m\u00b2K<\/strong><br><br>Avec des couches suppl\u00e9mentaires, des valeurs globales jusqu\u2019\u00e0 env. \n<strong>0,29 W\/m\u00b2K<\/strong> sont possibles.\n<\/div>\n\n<h2>Domaines dapplication \u2013 flexibilit\u00e9 maximale<\/h2>\n\n<ul>\n<li>Isolation int\u00e9rieure (b\u00e2ti ancien  b\u00e2timents class\u00e9s)<\/li>\n<li><strong>Isolation ext\u00e9rieure avec faible \u00e9paisseur<\/strong><\/li>\n<li>Fa\u00e7ades  embrasures de fen\u00eatres<\/li>\n<li>Ponts thermiques  zones probl\u00e9matiques<\/li>\n<li>Sous chape<\/li>\n<li>Isolation de toiture  entre chevrons<\/li>\n<li>Canalisations  gaines<\/li>\n<\/ul>\n\n<p>\n<strong>Particuli\u00e8rement adapt\u00e9 pour :<\/strong> r\u00e9novations \u00e9nerg\u00e9tiques, b\u00e2timents existants et raccords de d\u00e9tail complexes.\n<\/p>\n\n<h2>Parfait pour lisolation ext\u00e9rieure quand lespace est limit\u00e9<\/h2>\n\n<p>\nL\u2019isolation en a\u00e9rogel convient parfaitement aux <strong>isolations ext\u00e9rieures fines<\/strong>, \np. ex. sur les fa\u00e7ades, les raccords ou les zones \u00e0 \u00e9paisseur disponible limit\u00e9e.\n<\/p>\n\n<p>\n\u27a1 Solution pour les cas o\u00f9 les isolants classiques (EPS, laine min\u00e9rale) ne peuvent pas \u00eatre utilis\u00e9s.\n<\/p>\n\n<h2>Donn\u00e9es techniques<\/h2>\n\n<ul>\n<li>\u00c9paisseur : 5 mm \/ 10 mm<\/li>\n<li>Conductivit\u00e9 thermique : 0,015 W\/(m\u00b7K)<\/li>\n<li>Densit\u00e9 : env. 150 kg\/m\u00b3<\/li>\n<li>Classe de mat\u00e9riau : A2, s1, d0 (incombustible)<\/li>\n<li>Temp\u00e9rature max. : 200 \u00b0C <\/li>\n<li>Hydrophobe  perm\u00e9able \u00e0 la diffusion<\/li>\n<\/ul>\n\n<h2>Mise en \u0153uvre facile<\/h2>\n\n<p>\nLe matelas isolant se d\u00e9coupe et se pose facilement :\n<\/p>\n\n<ul>\n<li>D\u00e9coupe au cutter ou aux ciseaux<\/li>\n<li>Coller, cheviller ou visser<\/li>\n<li>Enduisable avec treillis darmature<\/li>\n<\/ul>\n\n<h2>Avantage par rapport \u00e0 lisolation sous vide<\/h2>\n\n<p>\nAucune structure fragile \u2013 la performance disolation reste intacte m\u00eame lors de la mise en \u0153uvre. \nDe plus, la\u00e9rogel est nettement plus flexible et plus pratique au quotidien.\n<\/p>\n\n<!-- SOCIAL PROOF -->\n<div style=\"background:#f4f6f8;padding:20px;border-radius:8px;margin:25px 0\">\n<strong>Pourquoi les pros misent sur la\u00e9rogel :<\/strong>\n<ul>\n<li>Id\u00e9al pour les r\u00e9novations complexes<\/li>\n<li>Parfait en cas de manque de place<\/li>\n<li>Performance disolation fiable<\/li>\n<\/ul>\n<\/div>\n","_et_gb_content_width":""},"product_brand":[],"product_cat":[257],"product_tag":[],"class_list":{"0":"post-30015","1":"product","2":"type-product","3":"status-publish","4":"has-post-thumbnail","6":"product_cat-isolation","7":"product_shipping_class-aerogel-fr","8":"pa_aerogel-rouleau-10-mm-150-cm-x-25m","9":"pa_aerogel-matelas-5-mm-750x1200-mm","10":"pa_aerogel-rouleau-5-mm-150-cm-x-25-m","11":"pa_aerogel-platte-10-mm-750x1200-mm","13":"last","14":"instock","15":"taxable","16":"shipping-taxable","17":"purchasable","18":"product-type-variable","19":"has-default-attributes"},"_links":{"self":[{"href":"https:\/\/test.rebotherm.de\/fr\/wp-json\/wp\/v2\/product\/30015","targetHints":{"allow":["GET"]}}],"collection":[{"href":"https:\/\/test.rebotherm.de\/fr\/wp-json\/wp\/v2\/product"}],"about":[{"href":"https:\/\/test.rebotherm.de\/fr\/wp-json\/wp\/v2\/types\/product"}],"replies":[{"embeddable":true,"href":"https:\/\/test.rebotherm.de\/fr\/wp-json\/wp\/v2\/comments?post=30015"}],"wp:featuredmedia":[{"embeddable":true,"href":"https:\/\/test.rebotherm.de\/fr\/wp-json\/wp\/v2\/media\/28029"}],"wp:attachment":[{"href":"https:\/\/test.rebotherm.de\/fr\/wp-json\/wp\/v2\/media?parent=30015"}],"wp:term":[{"taxonomy":"product_brand","embeddable":true,"href":"https:\/\/test.rebotherm.de\/fr\/wp-json\/wp\/v2\/product_brand?post=30015"},{"taxonomy":"product_cat","embeddable":true,"href":"https:\/\/test.rebotherm.de\/fr\/wp-json\/wp\/v2\/product_cat?post=30015"},{"taxonomy":"product_tag","embeddable":true,"href":"https:\/\/test.rebotherm.de\/fr\/wp-json\/wp\/v2\/product_tag?post=30015"}],"curies":[{"name":"wp","href":"https:\/\/api.w.org\/{rel}","templated":true}]}}