{"id":35332,"date":"2024-07-23T10:38:30","date_gmt":"2024-07-23T08:38:30","guid":{"rendered":"https:\/\/test.rebotherm.de\/ventes-b2b-partenariats\/"},"modified":"2026-03-05T23:31:28","modified_gmt":"2026-03-05T22:31:28","slug":"ventes-b2b-partenariats","status":"publish","type":"page","link":"https:\/\/test.rebotherm.de\/fr\/ventes-b2b-partenariats\/","title":{"rendered":"Ventes B2B \u2013 Partenariats"},"content":{"rendered":"<p><div class=\"et_d4_element et_pb_section et_pb_section_0  et_pb_css_mix_blend_mode et_section_regular section_has_divider et_pb_bottom_divider et_block_section\" >\n\t\t\t\t\n\t\t\t\t\n\t\t\t\t\n\t\t\t\t\n\t\t\t\t\n\t\t\t\t\n\t\t\t\t<div class=\"et_d4_element et_pb_row et_pb_row_0  et_pb_css_mix_blend_mode et_block_row\">\n\t\t\t\t<div class=\"et_d4_element et_pb_column_4_4 et_pb_column et_pb_column_0  et_pb_css_mix_blend_mode et-last-child et_block_column\">\n\t\t\t\t\n\t\t\t\t\n\t\t\t\t\n\t\t\t\t\n\t\t\t\t<div class=\"et_pb_module et_d4_element et_pb_text et_pb_text_0  et_pb_text_align_left et_pb_bg_layout_light\">\n\t\t\t\t\n\t\t\t\t\n\t\t\t\t\n\t\t\t\t\n\t\t\t\t<div class=\"et_pb_text_inner\"><h1 style=\"text-align: center\">Contacter les ventes - Demandes de renseignements et partenariats B2B<\/h1><\/div>\n\t\t\t<\/div>\n\t\t\t<\/div>\n\t\t\t\t\n\t\t\t\t\n\t\t\t\t\n\t\t\t\t\n\t\t\t<\/div>\n\t\t\t\t\n\t\t\t\t<div class=\"et_pb_bottom_inside_divider et-no-transition\"><\/div>\n\t\t\t<\/div><div class=\"et_d4_element et_pb_section et_pb_section_1 et_pb_with_background  et_pb_css_mix_blend_mode et_section_regular et_block_section\" >\n\t\t\t\t\n\t\t\t\t\n\t\t\t\t\n\t\t\t\t\n\t\t\t\t\n\t\t\t\t\n\t\t\t\t<div id=\"kontakt\" class=\"et_d4_element et_pb_row et_pb_row_1  et_pb_css_mix_blend_mode et_block_row\">\n\t\t\t\t<div class=\"et_d4_element et_pb_column_4_4 et_pb_column et_pb_column_1  et_pb_css_mix_blend_mode et-last-child et_block_column\">\n\t\t\t\t\n\t\t\t\t\n\t\t\t\t\n\t\t\t\t\n\t\t\t\t<div class=\"et_pb_module et_d4_element et_pb_text et_pb_text_1  et_pb_text_align_left et_pb_bg_layout_light\">\n\t\t\t\t\n\t\t\t\t\n\t\t\t\t\n\t\t\t\t\n\t\t\t\t<div class=\"et_pb_text_inner\"><p style=\"text-align: left\">Sur cette page, vous avez la possibilit\u00e9 de nous contacter directement. Pour des questions techniques ou des questions g\u00e9n\u00e9rales sur nos produits, veuillez contacter notre service client\u00e8le via cette page. <span style=\"text-decoration: underline\"><a href=\"https:\/\/test.rebotherm.de\/fr\/contact\/\">Service client<\/a><\/span>.<\/p>\n<p>Ce site est donc principalement destin\u00e9 aux demandes de toutes sortes d'autres entreprises telles que les peintres, les chauffagistes, les entreprises de plomberie, les distributeurs ainsi que les grossistes, les cabinets d'architectes, les promoteurs immobiliers, les soci\u00e9t\u00e9s de logement, les fabricants de maisons pr\u00e9fabriqu\u00e9es, les h\u00f4tels, etc.<\/p><\/div>\n\t\t\t<\/div>\n\t\t\t<\/div>\n\t\t\t\t\n\t\t\t\t\n\t\t\t\t\n\t\t\t\t\n\t\t\t<\/div><div class=\"et_d4_element et_pb_row et_pb_row_2  et_pb_css_mix_blend_mode et_block_row\">\n\t\t\t\t<div class=\"et_d4_element et_pb_column_3_5 et_pb_column et_pb_column_2  et_pb_css_mix_blend_mode et_block_column\">\n\t\t\t\t\n\t\t\t\t\n\t\t\t\t\n\t\t\t\t\n\t\t\t\t\n\t\t\t<div id=\"et_pb_contact_form_0\" class=\"et_pb_module et_d4_element et_pb_contact_form_0 et_pb_contact_form_container clearfix et_block_module\" data-form_unique_num=\"0\" data-form_unique_id=\"4c82ace9-a549-4d50-9095-56188475c074\">\n\t\t\t\t\n\t\t\t\t\n\t\t\t\t\n\t\t\t\t\n\t\t\t\t\n\t\t\t\t<div class=\"et-pb-contact-message\"><\/div>\n\t\t\t\t\n\t\t\t\t<div class=\"et_pb_contact\">\n\t\t\t\t\t<form class=\"et_pb_contact_form clearfix\" method=\"post\" action=\"https:\/\/test.rebotherm.de\/fr\/wp-json\/wp\/v2\/pages\/35332\">\n\t\t\t\t\t\t<p class=\"et_d4_element et_pb_contact_field et_pb_contact_field_0 et_pb_contact_field_half\" data-id=\"name\" data-type=\"input\">\n\t\t\t\t\n\t\t\t\t\n\t\t\t\t\n\t\t\t\t\n\t\t\t\t<label for=\"et_pb_contact_name_0\" class=\"et_pb_contact_form_label\">Nom<\/label>\n\t\t\t\t<input type=\"text\" id=\"et_pb_contact_name_0\" class=\"input\" value=\"\" name=\"et_pb_contact_name_0\" data-required_mark=\"required\" data-field_type=\"input\" data-original_id=\"name\" placeholder=\"Nom\">\n\t\t\t<\/p><p class=\"et_d4_element et_pb_contact_field et_pb_contact_field_1 et_pb_contact_field_half et_pb_contact_field_last\" data-id=\"email\" data-type=\"email\">\n\t\t\t\t\n\t\t\t\t\n\t\t\t\t\n\t\t\t\t\n\t\t\t\t<label for=\"et_pb_contact_email_0\" class=\"et_pb_contact_form_label\">Adresse \u00e9lectronique<\/label>\n\t\t\t\t<input type=\"text\" id=\"et_pb_contact_email_0\" class=\"input\" value=\"\" name=\"et_pb_contact_email_0\" data-required_mark=\"required\" data-field_type=\"email\" data-original_id=\"email\" placeholder=\"Adresse \u00e9lectronique\">\n\t\t\t<\/p><p class=\"et_d4_element et_pb_contact_field et_pb_contact_field_2 et_pb_contact_field_last\" data-id=\"nachricht\" data-type=\"text\">\n\t\t\t\t\n\t\t\t\t\n\t\t\t\t\n\t\t\t\t\n\t\t\t\t<label for=\"et_pb_contact_nachricht_0\" class=\"et_pb_contact_form_label\">Message<\/label>\n\t\t\t\t<textarea name=\"et_pb_contact_nachricht_0\" id=\"et_pb_contact_nachricht_0\" class=\"et_pb_contact_message input\" data-required_mark=\"required\" data-field_type=\"text\" data-original_id=\"nachricht\" placeholder=\"Message\"><\/textarea>\n\t\t\t<\/p><p class=\"et_d4_element et_pb_contact_field et_pb_contact_field_3 et_pb_contact_field_last\" data-id=\"kontaktarten\" data-type=\"radio\">\n\t\t\t\t\n\t\t\t\t\n\t\t\t\t\n\t\t\t\t\n\t\t\t\t<label for=\"et_pb_contact_kontaktarten_0\" class=\"et_pb_contact_form_label\">Comment devons-nous vous contacter ?<\/label>\n\t\t\t\t<span class=\"et_pb_contact_field_options_wrapper\">\n\t\t\t\t\t\t<span class=\"et_pb_contact_field_options_title\">Comment devons-nous vous contacter ?<\/span>\n\t\t\t\t\t\t<span class=\"et_pb_contact_field_options_list\"><span class=\"et_pb_contact_field_radio\">\n\t\t\t\t\t\t\t\t<input type=\"radio\" id=\"et_pb_contact_kontaktarten_0_3_0\" class=\"input\" value=\"T\u00e9l\u00e9phone\" name=\"et_pb_contact_kontaktarten_0\" data-required_mark=\"required\" data-field_type=\"radio\" data-original_id=\"kontaktarten\"  data-id=\"-1\">\n\t\t\t\t\t\t\t\t<label for=\"et_pb_contact_kontaktarten_0_3_0\"><i><\/i>T\u00e9l\u00e9phone<\/label>\n\t\t\t\t\t\t\t<\/span><span class=\"et_pb_contact_field_radio\">\n\t\t\t\t\t\t\t\t<input type=\"radio\" id=\"et_pb_contact_kontaktarten_0_3_1\" class=\"input\" value=\"E-mail\" name=\"et_pb_contact_kontaktarten_0\" data-required_mark=\"required\" data-field_type=\"radio\" data-original_id=\"kontaktarten\"  data-id=\"0\">\n\t\t\t\t\t\t\t\t<label for=\"et_pb_contact_kontaktarten_0_3_1\"><i><\/i>E-mail<\/label>\n\t\t\t\t\t\t\t<\/span><\/span>\n\t\t\t\t\t<\/span>\n\t\t\t<\/p><p class=\"et_d4_element et_pb_contact_field et_pb_contact_field_4 et_pb_contact_field_last\" data-conditional-logic=\"[[&quot;kontaktarten&quot;,&quot;is&quot;,&quot;Telefon&quot;]]\" data-conditional-relation=\"any\" data-id=\"telefon\" data-type=\"input\">\n\t\t\t\t\n\t\t\t\t\n\t\t\t\t\n\t\t\t\t\n\t\t\t\t<label for=\"et_pb_contact_telefon_0\" class=\"et_pb_contact_form_label\">T\u00e9l\u00e9phone<\/label>\n\t\t\t\t<input type=\"text\" id=\"et_pb_contact_telefon_0\" class=\"input\" value=\"\" name=\"et_pb_contact_telefon_0\" data-required_mark=\"required\" data-field_type=\"input\" data-original_id=\"telefon\" placeholder=\"T\u00e9l\u00e9phone\">\n\t\t\t<\/p>\n\t\t\t\t\t\t<input type=\"hidden\" value=\"et_contact_proccess\" name=\"et_pb_contactform_submit_0\"\/>\n\t\t\t\t\t\t<div class=\"et_contact_bottom_container\">\n\t\t\t\t\t\t\t\n\t\t\t<div class=\"et_pb_contact_right et_pb_contact_field\">\n\t\t\t\t<p class=\"clearfix\">\n\t\t\t\t\t<span class=\"et_pb_contact_captcha_question\">11 + 8<\/span> = <input type=\"text\" size=\"2\" class=\"input et_pb_contact_captcha\" data-first_digit=\"11\" data-second_digit=\"8\" value=\"\" name=\"et_pb_contact_captcha_0\" data-required_mark=\"required\" autocomplete=\"off\">\n\t\t\t\t<\/p>\n\t\t\t<\/div>\n\t\t\t\t\t\t\t<button type=\"submit\" name=\"et_builder_submit_button\" class=\"et_pb_contact_submit et_pb_button\">Envoyer<\/button>\n\t\t\t\t\t\t<\/div>\n\t\t\t\t\t\t<input type=\"hidden\" id=\"_wpnonce-et-pb-contact-form-submitted-0\" name=\"_wpnonce-et-pb-contact-form-submitted-0\" value=\"b4af84cf95\" \/><input type=\"hidden\" name=\"_wp_http_referer\" value=\"\/fr\/wp-json\/wp\/v2\/pages\/35332\" \/>\n\t\t\t\t\t<\/form>\n\t\t\t\t<\/div>\n\t\t\t<\/div>\n\t\t\t\n\t\t\t<\/div><div class=\"et_d4_element et_pb_column_2_5 et_pb_column et_pb_column_3  et_pb_css_mix_blend_mode et-last-child et_block_column\">\n\t\t\t\t\n\t\t\t\t\n\t\t\t\t\n\t\t\t\t\n\t\t\t\t<div class=\"et_pb_module et_d4_element et_pb_text et_pb_text_2  et_pb_text_align_left et_pb_bg_layout_light\">\n\t\t\t\t\n\t\t\t\t\n\t\t\t\t\n\t\t\t\t\n\t\t\t\t<div class=\"et_pb_text_inner\"><p><strong>Rebotherm Energy UG<\/strong><\/p><\/div>\n\t\t\t<\/div><div class=\"et_pb_module et_d4_element et_pb_text et_pb_text_3  et_pb_text_align_left et_pb_bg_layout_light\">\n\t\t\t\t\n\t\t\t\t\n\t\t\t\t\n\t\t\t\t\n\t\t\t\t<div class=\"et_pb_text_inner\"><p>Votre contact :<\/p>\n<p style=\"font-weight: 400\"><strong><span>Thiemo Jakobsen<br \/><\/span><\/strong><br \/>Directeur commercial<\/p><\/div>\n\t\t\t<\/div><div class=\"et_pb_module et_d4_element et_pb_blurb et_pb_blurb_0 et_clickable  et_pb_text_align_left  et_pb_blurb_position_left et_block_module et_pb_bg_layout_light\">\n\t\t\t\t\n\t\t\t\t\n\t\t\t\t\n\t\t\t\t\n\t\t\t\t<div class=\"et_pb_blurb_content\">\n\t\t\t\t\t<div class=\"et_pb_main_blurb_image et_pb_css_mix_blend_mode\"><a href=\"mailto:info@rebotherm.de\" target=\"_blank\"><span class=\"et_pb_image_wrap\"><span class=\"et-waypoint et_pb_animation_top et_pb_animation_top_tablet et_pb_animation_top_phone et-pb-icon\">\uf0e0<\/span><\/span><\/a><\/div>\n\t\t\t\t\t<div class=\"et_pb_blurb_container\">\n\t\t\t\t\t\t<h4 class=\"et_pb_module_header\"><a href=\"mailto:info@rebotherm.de\" target=\"_blank\">Adresse \u00e9lectronique<\/a><\/h4>\n\t\t\t\t\t\t<div class=\"et_pb_blurb_description\"><p>thiemo@rebotherm.de<\/p><\/div>\n\t\t\t\t\t<\/div>\n\t\t\t\t<\/div>\n\t\t\t<\/div><div class=\"et_pb_module et_d4_element et_pb_blurb et_pb_blurb_1 et_clickable  et_pb_text_align_left  et_pb_blurb_position_left et_block_module et_pb_bg_layout_light\">\n\t\t\t\t\n\t\t\t\t\n\t\t\t\t\n\t\t\t\t\n\t\t\t\t<div class=\"et_pb_blurb_content\">\n\t\t\t\t\t<div class=\"et_pb_main_blurb_image et_pb_css_mix_blend_mode\"><a href=\"tel:+491590%203539466\" target=\"_blank\"><span class=\"et_pb_image_wrap\"><span class=\"et-waypoint et_pb_animation_top et_pb_animation_top_tablet et_pb_animation_top_phone et-pb-icon\">\uf879<\/span><\/span><\/a><\/div>\n\t\t\t\t\t<div class=\"et_pb_blurb_container\">\n\t\t\t\t\t\t<h4 class=\"et_pb_module_header\"><a href=\"tel:+491590%203539466\" target=\"_blank\">T\u00e9l\u00e9phone<\/a><\/h4>\n\t\t\t\t\t\t<div class=\"et_pb_blurb_description\"><p><span>+49 176 802 65141<\/span><\/p><\/div>\n\t\t\t\t\t<\/div>\n\t\t\t\t<\/div>\n\t\t\t<\/div><div class=\"et_pb_module et_d4_element et_pb_blurb et_pb_blurb_2  et_pb_text_align_left  et_pb_blurb_position_left et_block_module et_pb_bg_layout_light\">\n\t\t\t\t\n\t\t\t\t\n\t\t\t\t\n\t\t\t\t\n\t\t\t\t<div class=\"et_pb_blurb_content\">\n\t\t\t\t\t<div class=\"et_pb_main_blurb_image et_pb_css_mix_blend_mode\"><span class=\"et_pb_image_wrap\"><span class=\"et-waypoint et_pb_animation_top et_pb_animation_top_tablet et_pb_animation_top_phone et-pb-icon\">\uf0e0<\/span><\/span><\/div>\n\t\t\t\t\t<div class=\"et_pb_blurb_container\">\n\t\t\t\t\t\t<h4 class=\"et_pb_module_header\"><span>Adresse<\/span><\/h4>\n\t\t\t\t\t\t<div class=\"et_pb_blurb_description\"><p><span>Ballindamm 3<br \/>20095 Hambourg<\/span><\/p><\/div>\n\t\t\t\t\t<\/div>\n\t\t\t\t<\/div>\n\t\t\t<\/div>\n\t\t\t<\/div>\n\t\t\t\t\n\t\t\t\t\n\t\t\t\t\n\t\t\t\t\n\t\t\t<\/div>\n\t\t\t\t\n\t\t\t\t\n\t\t\t<\/div><\/p>\n","protected":false},"excerpt":{"rendered":"","protected":false},"author":5,"featured_media":0,"parent":0,"menu_order":0,"comment_status":"closed","ping_status":"closed","template":"","meta":{"_et_pb_use_builder":"on","_et_pb_old_content":"","_et_gb_content_width":"","footnotes":""},"class_list":["post-35332","page","type-page","status-publish","hentry"],"_links":{"self":[{"href":"https:\/\/test.rebotherm.de\/fr\/wp-json\/wp\/v2\/pages\/35332","targetHints":{"allow":["GET"]}}],"collection":[{"href":"https:\/\/test.rebotherm.de\/fr\/wp-json\/wp\/v2\/pages"}],"about":[{"href":"https:\/\/test.rebotherm.de\/fr\/wp-json\/wp\/v2\/types\/page"}],"author":[{"embeddable":true,"href":"https:\/\/test.rebotherm.de\/fr\/wp-json\/wp\/v2\/users\/5"}],"replies":[{"embeddable":true,"href":"https:\/\/test.rebotherm.de\/fr\/wp-json\/wp\/v2\/comments?post=35332"}],"version-history":[{"count":22,"href":"https:\/\/test.rebotherm.de\/fr\/wp-json\/wp\/v2\/pages\/35332\/revisions"}],"predecessor-version":[{"id":41180,"href":"https:\/\/test.rebotherm.de\/fr\/wp-json\/wp\/v2\/pages\/35332\/revisions\/41180"}],"wp:attachment":[{"href":"https:\/\/test.rebotherm.de\/fr\/wp-json\/wp\/v2\/media?parent=35332"}],"curies":[{"name":"wp","href":"https:\/\/api.w.org\/{rel}","templated":true}]}}