{"id":31401,"date":"2024-06-20T12:57:20","date_gmt":"2024-06-20T10:57:20","guid":{"rendered":"https:\/\/test.rebotherm.de\/options-de-paiement\/"},"modified":"2026-03-05T23:31:28","modified_gmt":"2026-03-05T22:31:28","slug":"options-de-paiement","status":"publish","type":"page","link":"https:\/\/test.rebotherm.de\/fr\/options-de-paiement\/","title":{"rendered":"Options de paiement"},"content":{"rendered":"<p><div class=\"et_d4_element et_pb_section et_pb_section_0  et_pb_css_mix_blend_mode et_section_regular section_has_divider et_pb_bottom_divider et_block_section\" >\n\t\t\t\t\n\t\t\t\t\n\t\t\t\t\n\t\t\t\t\n\t\t\t\t\n\t\t\t\t\n\t\t\t\t<div class=\"et_d4_element et_pb_row et_pb_row_0  et_pb_css_mix_blend_mode et_block_row\">\n\t\t\t\t<div class=\"et_d4_element et_pb_column_4_4 et_pb_column et_pb_column_0  et_pb_css_mix_blend_mode et-last-child et_block_column\">\n\t\t\t\t\n\t\t\t\t\n\t\t\t\t\n\t\t\t\t\n\t\t\t\t<div class=\"et_pb_module et_d4_element et_pb_text et_pb_text_0  et_pb_text_align_left et_pb_bg_layout_light\">\n\t\t\t\t\n\t\t\t\t\n\t\t\t\t\n\t\t\t\t\n\t\t\t\t<div class=\"et_pb_text_inner\"><h1 style=\"text-align: center\">Modalit\u00e9s de paiement de la boutique Rebotherm<\/h1><\/div>\n\t\t\t<\/div>\n\t\t\t<\/div>\n\t\t\t\t\n\t\t\t\t\n\t\t\t\t\n\t\t\t\t\n\t\t\t<\/div>\n\t\t\t\t\n\t\t\t\t<div class=\"et_pb_bottom_inside_divider et-no-transition\"><\/div>\n\t\t\t<\/div><div class=\"et_d4_element et_pb_section et_pb_section_1 et_pb_with_background  et_pb_css_mix_blend_mode et_section_regular et_block_section\" >\n\t\t\t\t\n\t\t\t\t\n\t\t\t\t\n\t\t\t\t\n\t\t\t\t\n\t\t\t\t\n\t\t\t\t<div id=\"kontakt\" class=\"et_d4_element et_pb_row et_pb_row_1  et_pb_css_mix_blend_mode et_block_row\">\n\t\t\t\t<div class=\"et_d4_element et_pb_column_4_4 et_pb_column et_pb_column_1  et_pb_css_mix_blend_mode et-last-child et_block_column\">\n\t\t\t\t\n\t\t\t\t\n\t\t\t\t\n\t\t\t\t\n\t\t\t\t<div class=\"et_pb_module et_d4_element et_pb_text et_pb_text_1  et_pb_text_align_left et_pb_bg_layout_light\">\n\t\t\t\t\n\t\t\t\t\n\t\t\t\t\n\t\t\t\t\n\t\t\t\t<div class=\"et_pb_text_inner\"><p style=\"text-align: left\">Dans notre <a href=\"https:\/\/test.rebotherm.de\/fr\/boutique\/\">boutique<\/a>, vous disposez des modes de paiement suivants :<\/p><\/div>\n\t\t\t<\/div>\n\t\t\t<\/div>\n\t\t\t\t\n\t\t\t\t\n\t\t\t\t\n\t\t\t\t\n\t\t\t<\/div><div id=\"kontakt\" class=\"et_d4_element et_pb_row et_pb_row_2  et_pb_css_mix_blend_mode et_block_row\">\n\t\t\t\t<div class=\"et_d4_element et_pb_column_3_4 et_pb_column et_pb_column_2  et_pb_css_mix_blend_mode et_block_column\">\n\t\t\t\t\n\t\t\t\t\n\t\t\t\t\n\t\t\t\t\n\t\t\t\t<div class=\"et_pb_module et_d4_element et_pb_text et_pb_text_2  et_pb_text_align_left et_pb_bg_layout_light\">\n\t\t\t\t\n\t\t\t\t\n\t\t\t\t\n\t\t\t\t\n\t\t\t\t<div class=\"et_pb_text_inner\"><h4><strong>Paiement via PayPal (m\u00eame sans compte PayPal)<\/strong><\/h4><\/div>\n\t\t\t<\/div><div class=\"et_pb_module et_d4_element et_pb_text et_pb_text_3  et_pb_text_align_left et_pb_bg_layout_light\">\n\t\t\t\t\n\t\t\t\t\n\t\t\t\t\n\t\t\t\t\n\t\t\t\t<div class=\"et_pb_text_inner\"><h4 data-start=\"405\" data-end=\"453\">Paiement via PayPal (m\u00eame sans compte PayPal)<\/h4>\n<p data-start=\"455\" data-end=\"549\">Dans notre boutique, vous pouvez payer facilement et en toute s\u00e9curit\u00e9 avec PayPal.<br data-start=\"513\" data-end=\"516\">Vous pouvez choisir entre :<\/p>\n<p data-start=\"551\" data-end=\"710\">\u2022 Solde PayPal<br data-start=\"568\" data-end=\"571\">\u2022 Carte de cr\u00e9dit (Visa, Mastercard, Amex)<br data-start=\"609\" data-end=\"612\">\u2022 Pr\u00e9l\u00e8vement automatique<br data-start=\"625\" data-end=\"628\">\u2022 \u00ab Payer plus tard \u00bb (paiement \u00e9chelonn\u00e9 ou date de paiement ult\u00e9rieure \u2013 selon PayPal)<\/p>\n<p data-start=\"712\" data-end=\"852\">Un compte PayPal n\u2019est <strong data-start=\"733\" data-end=\"764\">pas obligatoire<\/strong>.<br data-start=\"765\" data-end=\"768\">S\u00e9lectionnez simplement PayPal lors du paiement, puis choisissez votre mode de paiement pr\u00e9f\u00e9r\u00e9.<\/p>\n<p data-start=\"854\" data-end=\"895\">Nous sommes \u00e0 votre disposition pour toute question.<\/p><\/div>\n\t\t\t<\/div>\n\t\t\t<\/div><div class=\"et_d4_element et_pb_column_1_4 et_pb_column et_pb_column_3  et_pb_css_mix_blend_mode et-last-child et_block_column et_pb_column_empty\">\n\t\t\t\t\n\t\t\t\t\n\t\t\t\t\n\t\t\t\t\n\t\t\t\t\n\t\t\t<\/div>\n\t\t\t\t\n\t\t\t\t\n\t\t\t\t\n\t\t\t\t\n\t\t\t<\/div><div id=\"kontakt\" class=\"et_d4_element et_pb_row et_pb_row_3  et_pb_css_mix_blend_mode et_block_row\">\n\t\t\t\t<div class=\"et_d4_element et_pb_column_3_4 et_pb_column et_pb_column_4  et_pb_css_mix_blend_mode et_block_column\">\n\t\t\t\t\n\t\t\t\t\n\t\t\t\t\n\t\t\t\t\n\t\t\t\t<div class=\"et_pb_module et_d4_element et_pb_text et_pb_text_4  et_pb_text_align_left et_pb_bg_layout_light\">\n\t\t\t\t\n\t\t\t\t\n\t\t\t\t\n\t\t\t\t\n\t\t\t\t<div class=\"et_pb_text_inner\"><p><strong>Pour toute question ou probl\u00e8me<\/strong><\/p><\/div>\n\t\t\t<\/div><div class=\"et_pb_module et_d4_element et_pb_text et_pb_text_5  et_pb_text_align_left et_pb_bg_layout_light\">\n\t\t\t\t\n\t\t\t\t\n\t\t\t\t\n\t\t\t\t\n\t\t\t\t<div class=\"et_pb_text_inner\"><p>Le service client Rebotherm est disponible \u00e0 tout moment pendant nos heures d'ouverture, du lundi au vendredi de 8h30 \u00e0 18h30 ! Il vous suffit de nous appeler au 01590 353 9466 ou d'envoyer un e-mail \u00e0 <a href=\"mailto:info@rebotherm.de\">info@rebotherm.de.<\/a> <\/p>\n<p>Vous pouvez \u00e9galement utiliser le <a href=\"https:\/\/test.rebotherm.de\/fr\/contact\/\">formulaire de contact<\/a>.<\/p><\/div>\n\t\t\t<\/div>\n\t\t\t<\/div><div class=\"et_d4_element et_pb_column_1_4 et_pb_column et_pb_column_5  et_pb_css_mix_blend_mode et-last-child et_block_column et_pb_column_empty\">\n\t\t\t\t\n\t\t\t\t\n\t\t\t\t\n\t\t\t\t\n\t\t\t\t\n\t\t\t<\/div>\n\t\t\t\t\n\t\t\t\t\n\t\t\t\t\n\t\t\t\t\n\t\t\t<\/div>\n\t\t\t\t\n\t\t\t\t\n\t\t\t<\/div><\/p>\n","protected":false},"excerpt":{"rendered":"","protected":false},"author":5,"featured_media":0,"parent":0,"menu_order":0,"comment_status":"closed","ping_status":"closed","template":"","meta":{"_et_pb_use_builder":"on","_et_pb_old_content":"","_et_gb_content_width":"","footnotes":""},"class_list":["post-31401","page","type-page","status-publish","hentry"],"_links":{"self":[{"href":"https:\/\/test.rebotherm.de\/fr\/wp-json\/wp\/v2\/pages\/31401","targetHints":{"allow":["GET"]}}],"collection":[{"href":"https:\/\/test.rebotherm.de\/fr\/wp-json\/wp\/v2\/pages"}],"about":[{"href":"https:\/\/test.rebotherm.de\/fr\/wp-json\/wp\/v2\/types\/page"}],"author":[{"embeddable":true,"href":"https:\/\/test.rebotherm.de\/fr\/wp-json\/wp\/v2\/users\/5"}],"replies":[{"embeddable":true,"href":"https:\/\/test.rebotherm.de\/fr\/wp-json\/wp\/v2\/comments?post=31401"}],"version-history":[{"count":4,"href":"https:\/\/test.rebotherm.de\/fr\/wp-json\/wp\/v2\/pages\/31401\/revisions"}],"predecessor-version":[{"id":41178,"href":"https:\/\/test.rebotherm.de\/fr\/wp-json\/wp\/v2\/pages\/31401\/revisions\/41178"}],"wp:attachment":[{"href":"https:\/\/test.rebotherm.de\/fr\/wp-json\/wp\/v2\/media?parent=31401"}],"curies":[{"name":"wp","href":"https:\/\/api.w.org\/{rel}","templated":true}]}}