{"id":28281,"date":"2021-02-14T21:56:35","date_gmt":"2021-02-14T20:56:35","guid":{"rendered":"https:\/\/test.rebotherm.de\/partenaires-sur-le-terrain\/"},"modified":"2024-06-26T22:39:31","modified_gmt":"2024-06-26T20:39:31","slug":"partenaires-sur-le-terrain","status":"publish","type":"page","link":"https:\/\/test.rebotherm.de\/fr\/partenaires-sur-le-terrain\/","title":{"rendered":"Partenaires sur le terrain"},"content":{"rendered":"<p><div class=\"et_d4_element et_pb_section et_pb_section_0  et_pb_css_mix_blend_mode et_section_regular section_has_divider et_pb_bottom_divider et_block_section\" >\n\t\t\t\t\n\t\t\t\t\n\t\t\t\t\n\t\t\t\t\n\t\t\t\t\n\t\t\t\t\n\t\t\t\t<div class=\"et_d4_element et_pb_row et_pb_row_0  et_pb_css_mix_blend_mode et_block_row\">\n\t\t\t\t<div class=\"et_d4_element et_pb_column_4_4 et_pb_column et_pb_column_0  et_pb_css_mix_blend_mode et-last-child et_block_column\">\n\t\t\t\t\n\t\t\t\t\n\t\t\t\t\n\t\t\t\t\n\t\t\t\t<div class=\"et_pb_module et_d4_element et_pb_text et_pb_text_0  et_pb_text_align_left et_pb_bg_layout_light\">\n\t\t\t\t\n\t\t\t\t\n\t\t\t\t\n\t\t\t\t\n\t\t\t\t<div class=\"et_pb_text_inner\"><h1 style=\"text-align: center;\">Partenaires sur le terrain<\/h1>\n<p style=\"text-align: center;\"><\/div>\n\t\t\t<\/div>\n\t\t\t<\/div>\n\t\t\t\t\n\t\t\t\t\n\t\t\t\t\n\t\t\t\t\n\t\t\t<\/div>\n\t\t\t\t\n\t\t\t\t<div class=\"et_pb_bottom_inside_divider et-no-transition\"><\/div>\n\t\t\t<\/div><div class=\"et_d4_element et_pb_section et_pb_section_1  et_pb_css_mix_blend_mode et_section_regular et_block_section\" >\n\t\t\t\t\n\t\t\t\t\n\t\t\t\t\n\t\t\t\t\n\t\t\t\t\n\t\t\t\t\n\t\t\t\t<div class=\"et_d4_element et_pb_row et_pb_row_1  et_pb_css_mix_blend_mode et_block_row\">\n\t\t\t\t<div class=\"et_d4_element et_pb_column_4_4 et_pb_column et_pb_column_1  et_pb_css_mix_blend_mode et-last-child et_block_column\">\n\t\t\t\t\n\t\t\t\t\n\t\t\t\t\n\t\t\t\t\n\t\t\t\t<div class=\"et_pb_module et_d4_element et_pb_text et_pb_text_1  et_pb_text_align_left et_pb_bg_layout_light\">\n\t\t\t\t\n\t\t\t\t\n\t\t\t\t\n\t\t\t\t\n\t\t\t\t<div class=\"et_pb_text_inner\"><h2>Pour trouver facilement un partenaire local<\/h2>\n<p style=\"text-align: left;\">Nos partenaires locaux sont toujours l\u00e0 pour vous conseiller de mani\u00e8re comp\u00e9tente et professionnelle. Vous souhaitez installer une peinture de chauffage au carbone et vous avez besoin d'un devis ? Nos partenaires sp\u00e9cialis\u00e9s pr\u00e8s de chez vous se feront un plaisir de vous aider.<\/p>\n<p>Dans la rubrique <strong>\"Your Location\"<\/strong>, entrez le nom de votre ville, s\u00e9lectionnez le rayon de recherche et cliquez sur <strong>Rechercher<\/strong>. Vous verrez alors s'afficher les partenaires les plus proches dans un rayon donn\u00e9, avec les coordonn\u00e9es de l'entreprise partenaire.<\/p><\/div>\n\t\t\t<\/div><div class=\"et_pb_module et_d4_element et_pb_code et_pb_code_0\">\n\t\t\t\t\n\t\t\t\t\n\t\t\t\t\n\t\t\t\t\n\t\t\t\t<div class=\"et_pb_code_inner\"><style>\r\n\t#wpsl-stores .wpsl-store-thumb {height:45px !important; width:45px !important;}\r\n\t#wpsl-stores, #wpsl-direction-details, #wpsl-gmap {height:350px !important;}\r\n\t#wpsl-gmap .wpsl-info-window {max-width:225px !important;}\r\n\t.wpsl-input label, #wpsl-radius label, #wpsl-category label {width:95px;}\r\n\t#wpsl-search-input  {width:179px;}\r\n<\/style>\r\n<div id=\"wpsl-wrap\">\r\n\t<div class=\"wpsl-search wpsl-clearfix \">\r\n\t\t<div id=\"wpsl-search-wrap\">\r\n\t\t\t<form autocomplete=\"off\">\r\n\t\t\t<div class=\"wpsl-input\">\r\n\t\t\t\t<div><label for=\"wpsl-search-input\">Votre emplacement<\/label><\/div>\r\n\t\t\t\t<input id=\"wpsl-search-input\" type=\"text\" value=\"\" name=\"wpsl-search-input\" placeholder=\"\" aria-required=\"true\" \/>\r\n\t\t\t<\/div>\r\n\t\t\t<div class=\"wpsl-select-wrap\">\r\n\t\t\t\t<div id=\"wpsl-radius\">\r\n\t\t\t\t\t<label for=\"wpsl-radius-dropdown\">P\u00e9rim\u00e8tre de recherche<\/label>\r\n\t\t\t\t\t<select id=\"wpsl-radius-dropdown\" class=\"wpsl-dropdown\" name=\"wpsl-radius\">\r\n\t\t\t\t\t\t<option value=\"10\">10 km<\/option><option value=\"25\">25 km<\/option><option value=\"50\">50 km<\/option><option selected=\"selected\" value=\"100\">100 km<\/option><option value=\"200\">200 km<\/option><option value=\"500\">500 km<\/option>\r\n\t\t\t\t\t<\/select>\r\n\t\t\t\t<\/div>\r\n\t\t\t\t<div id=\"wpsl-results\">\r\n\t\t\t\t\t<label for=\"wpsl-results-dropdown\">R\u00e9sultats<\/label>\r\n\t\t\t\t\t<select id=\"wpsl-results-dropdown\" class=\"wpsl-dropdown\" name=\"wpsl-results\">\r\n\t\t\t\t\t\t<option value=\"25\">25<\/option><option value=\"50\">50<\/option><option selected=\"selected\" value=\"75\">75<\/option><option value=\"100\">100<\/option>\r\n\t\t\t\t\t<\/select>\r\n\t\t\t\t<\/div>\r\n\t\t\t<\/div>\r\n\t\t\t\t<div class=\"wpsl-search-btn-wrap\"><input id=\"wpsl-search-btn\" type=\"submit\" value=\"Rechercher\"><\/div>\r\n\t\t<\/form>\r\n\t\t<\/div>\r\n\t<\/div>\r\n\t<div id=\"wpsl-gmap\" class=\"wpsl-gmap-canvas\"><\/div>\r\n\t<div id=\"wpsl-result-list\">\r\n\t\t<div id=\"wpsl-stores\" >\r\n\t\t\t<ul><\/ul>\r\n\t\t<\/div>\r\n\t\t<div id=\"wpsl-direction-details\">\r\n\t\t\t<ul><\/ul>\r\n\t\t<\/div>\r\n\t<\/div>\r\n<\/div>\r\n<\/div>\n\t\t\t<\/div><div class=\"et_pb_module et_d4_element et_pb_text et_pb_text_2  et_pb_text_align_left et_pb_bg_layout_light\">\n\t\t\t\t\n\t\t\t\t\n\t\t\t\t\n\t\t\t\t\n\t\t\t\t<div class=\"et_pb_text_inner\"><h3>Devenir partenaire.<\/h3>\n<p>En tant qu'artisan ou entreprise artisanale, vous souhaitez participer \u00e0 la demande sans cesse croissante de notre syst\u00e8me de chauffage au carbone ? Dans ce cas, nous devons absolument parler de partenariat. Nous vous proposons des opportunit\u00e9s de collaboration int\u00e9ressantes ainsi qu'une grande vari\u00e9t\u00e9 de produits. Pour poursuivre le d\u00e9veloppement de nos ventes et l'installation, nous recherchons dans toutes les r\u00e9gions des professionnels comp\u00e9tents et passionn\u00e9s par l'innovation.<\/p>\n<h4>D\u00e9marrez avec Reboheat24 !<\/h4>\n<p>Vous pouvez commencer imm\u00e9diatement et sans engagement. Nous mettons \u00e0 votre disposition notre tissu chauffant en carbone Reboheat24 \u00e0 des conditions avantageuses pour que vous puissiez le d\u00e9couvrir. Avec notre tissu chauffant en carbone, vous pouvez facilement faire vos premi\u00e8res exp\u00e9riences et d\u00e9couvrir les avantages du syst\u00e8me de chauffage. Aucune connaissance pr\u00e9alable des techniques de chauffage n'est requise. <strong>Tr\u00e8s important : <\/strong>nous vous transmettons les connaissances techniques n\u00e9cessaires par le biais de formations \"sur place\".<\/p><\/div>\n\t\t\t<\/div>\n\t\t\t<\/div>\n\t\t\t\t\n\t\t\t\t\n\t\t\t\t\n\t\t\t\t\n\t\t\t<\/div>\n\t\t\t\t\n\t\t\t\t\n\t\t\t<\/div><\/p>\n","protected":false},"excerpt":{"rendered":"","protected":false},"author":1,"featured_media":0,"parent":0,"menu_order":0,"comment_status":"closed","ping_status":"closed","template":"","meta":{"_et_pb_use_builder":"on","_et_pb_old_content":"","_et_gb_content_width":"","footnotes":""},"class_list":["post-28281","page","type-page","status-publish","hentry"],"_links":{"self":[{"href":"https:\/\/test.rebotherm.de\/fr\/wp-json\/wp\/v2\/pages\/28281","targetHints":{"allow":["GET"]}}],"collection":[{"href":"https:\/\/test.rebotherm.de\/fr\/wp-json\/wp\/v2\/pages"}],"about":[{"href":"https:\/\/test.rebotherm.de\/fr\/wp-json\/wp\/v2\/types\/page"}],"author":[{"embeddable":true,"href":"https:\/\/test.rebotherm.de\/fr\/wp-json\/wp\/v2\/users\/1"}],"replies":[{"embeddable":true,"href":"https:\/\/test.rebotherm.de\/fr\/wp-json\/wp\/v2\/comments?post=28281"}],"version-history":[{"count":0,"href":"https:\/\/test.rebotherm.de\/fr\/wp-json\/wp\/v2\/pages\/28281\/revisions"}],"wp:attachment":[{"href":"https:\/\/test.rebotherm.de\/fr\/wp-json\/wp\/v2\/media?parent=28281"}],"curies":[{"name":"wp","href":"https:\/\/api.w.org\/{rel}","templated":true}]}}