{"id":28223,"date":"2019-11-09T17:27:09","date_gmt":"2019-11-09T16:27:09","guid":{"rendered":"https:\/\/test.rebotherm.de\/panneau-chauffant-en-carbone\/"},"modified":"2026-02-27T17:08:38","modified_gmt":"2026-02-27T16:08:38","slug":"panneau-chauffant-en-carbone","status":"publish","type":"page","link":"https:\/\/test.rebotherm.de\/fr\/panneau-chauffant-en-carbone\/","title":{"rendered":"Panneau chauffant en carbone avec plaque Fermacell \u2013 12.5mm"},"content":{"rendered":"<p><div class=\"et_d4_element et_pb_section et_pb_section_0 et_pb_with_background  et_pb_css_mix_blend_mode et_section_regular section_has_divider et_pb_bottom_divider et_block_section\" >\n\t\t\t\t\n\t\t\t\t\n\t\t\t\t\n\t\t\t\t\n\t\t\t\t\n\t\t\t\t\n\t\t\t\t<div class=\"et_d4_element et_pb_row et_pb_row_0  et_pb_css_mix_blend_mode et_block_row\">\n\t\t\t\t<div class=\"et_d4_element et_pb_column_1_2 et_pb_column et_pb_column_0  et_pb_css_mix_blend_mode et_block_column\">\n\t\t\t\t\n\t\t\t\t\n\t\t\t\t\n\t\t\t\t\n\t\t\t\t<div class=\"et_pb_module et_d4_element et_pb_text et_pb_text_0  et_pb_text_align_left et_pb_bg_layout_light\">\n\t\t\t\t\n\t\t\t\t\n\t\t\t\t\n\t\t\t\t\n\t\t\t\t<div class=\"et_pb_text_inner\"><h1>Panneau chauffant en carbone avec plaque Fermacell (1500mm x 1000mm x 12,5mm)<\/h1><\/div>\n\t\t\t<\/div><div class=\"et_pb_module et_d4_element et_pb_text et_pb_text_1  et_pb_text_align_left et_pb_bg_layout_light\">\n\t\t\t\t\n\t\t\t\t\n\t\t\t\t\n\t\t\t\t\n\t\t\t\t<div class=\"et_pb_text_inner\"><p>Notre panneau chauffant en carbone ouvre de toutes nouvelles possibilit\u00e9s en mati\u00e8re d'am\u00e9nagement int\u00e9rieur ! Le panneau chauffant avec chauffage au carbone int\u00e9gr\u00e9 pour une installation facile est con\u00e7u aussi bien pour les professionnels que pour les bricoleurs.<\/p><\/div>\n\t\t\t<\/div>\n\t\t\t<\/div><div class=\"et_d4_element et_pb_column_1_2 et_pb_column et_pb_column_1  et_pb_css_mix_blend_mode et-last-child et_block_column\">\n\t\t\t\t\n\t\t\t\t\n\t\t\t\t\n\t\t\t\t\n\t\t\t\t<div class=\"et_pb_module et_d4_element et_pb_image et_pb_image_0\">\n\t\t\t\t\n\t\t\t\t\n\t\t\t\t\n\t\t\t\t\n\t\t\t\t<span class=\"et_pb_image_wrap \"><img decoding=\"async\" width=\"400\" height=\"600\" src=\"https:\/\/test.rebotherm.de\/wp-content\/uploads\/2024\/05\/carbon-heizpaneel-in-fermacellplatte.png\" alt=\"Panneau chauffant en carbone avec plaque Fermacell pour le chauffage des murs et des plafonds\" title=\"panneau chauffant en carbone dans panneau fermacell\" srcset=\"https:\/\/test.rebotherm.de\/wp-content\/uploads\/2024\/05\/carbon-heizpaneel-in-fermacellplatte.png 400w, https:\/\/test.rebotherm.de\/wp-content\/uploads\/2024\/05\/carbon-heizpaneel-in-fermacellplatte-200x300.png 200w, https:\/\/test.rebotherm.de\/wp-content\/uploads\/2024\/05\/carbon-heizpaneel-in-fermacellplatte-100x150.png 100w\" sizes=\"(max-width: 400px) 100vw, 400px\" class=\"wp-image-27477\" \/><\/span>\n\t\t\t<\/div><div class=\"et_pb_module et_d4_element et_pb_text et_pb_text_2  et_pb_text_align_left et_pb_bg_layout_light\">\n\t\t\t\t\n\t\t\t\t\n\t\t\t\t\n\t\t\t\t\n\t\t\t\t<div class=\"et_pb_text_inner\"><p style=\"text-align: center;\"><em>Exemple de pr\u00e9sentation.<br \/>Le panneau de chauffage se trouve<br \/>plus tard directement dans le mur !<\/em><\/p><\/div>\n\t\t\t<\/div>\n\t\t\t<\/div>\n\t\t\t\t\n\t\t\t\t\n\t\t\t\t\n\t\t\t\t\n\t\t\t<\/div>\n\t\t\t\t\n\t\t\t\t<div class=\"et_pb_bottom_inside_divider et-no-transition\"><\/div>\n\t\t\t<\/div><div class=\"et_pb_with_border et_d4_element et_pb_section et_pb_section_1 et_pb_with_background  et_pb_css_mix_blend_mode et_pb_inner_shadow et_section_regular section_has_divider et_pb_bottom_divider et_block_section\" >\n\t\t\t\t\n\t\t\t\t\n\t\t\t\t\n\t\t\t\t\n\t\t\t\t\n\t\t\t\t\n\t\t\t\t<div class=\"et_d4_element et_pb_row et_pb_row_1  et_pb_css_mix_blend_mode et_block_row\">\n\t\t\t\t<div class=\"et_d4_element et_pb_column_1_2 et_pb_column et_pb_column_2  et_pb_css_mix_blend_mode et_block_column\">\n\t\t\t\t\n\t\t\t\t\n\t\t\t\t\n\t\t\t\t\n\t\t\t\t<div class=\"et_pb_module et_d4_element et_pb_image et_pb_image_1\">\n\t\t\t\t\n\t\t\t\t\n\t\t\t\t\n\t\t\t\t\n\t\t\t\t<span class=\"et_pb_image_wrap \"><img decoding=\"async\" width=\"400\" height=\"500\" src=\"https:\/\/test.rebotherm.de\/wp-content\/uploads\/2024\/05\/carbon-heizpaneel-mit-fermacellplatte-stehend.png\" alt=\"Panneau chauffant en carbone avec plaque Fermacell, vertical\" title=\"panneau-chauffant-carbone-avec-panneau-fermacell-portant\" srcset=\"https:\/\/test.rebotherm.de\/wp-content\/uploads\/2024\/05\/carbon-heizpaneel-mit-fermacellplatte-stehend.png 400w, https:\/\/test.rebotherm.de\/wp-content\/uploads\/2024\/05\/carbon-heizpaneel-mit-fermacellplatte-stehend-240x300.png 240w, https:\/\/test.rebotherm.de\/wp-content\/uploads\/2024\/05\/carbon-heizpaneel-mit-fermacellplatte-stehend-120x150.png 120w\" sizes=\"(max-width: 400px) 100vw, 400px\" class=\"wp-image-27478\" \/><\/span>\n\t\t\t<\/div>\n\t\t\t<\/div><div class=\"et_d4_element et_pb_column_1_2 et_pb_column et_pb_column_3  et_pb_css_mix_blend_mode et-last-child et_block_column\">\n\t\t\t\t\n\t\t\t\t\n\t\t\t\t\n\t\t\t\t\n\t\t\t\t<div class=\"et_pb_module et_d4_element et_pb_text et_pb_text_3  et_pb_text_align_left et_pb_bg_layout_light\">\n\t\t\t\t\n\t\t\t\t\n\t\t\t\t\n\t\t\t\t\n\t\t\t\t<div class=\"et_pb_text_inner\"><h2>Panneau chauffant en carbone avec panneau Fermacell<\/h2><\/div>\n\t\t\t<\/div><div class=\"et_pb_module et_d4_element et_pb_text et_pb_text_4  et_pb_text_align_left et_pb_bg_layout_light\">\n\t\t\t\t\n\t\t\t\t\n\t\t\t\t\n\t\t\t\t\n\t\t\t\t<div class=\"et_pb_text_inner\"><p>Le panneau chauffant en carbone est constitu\u00e9 d'une plaque Fermacell de 1500 mm x 1000 mm x 12,5 mm, ce qui le rend parfaitement utilisable dans une construction s\u00e8che. Le chauffage au carbone est appliqu\u00e9 sur une face du panneau et est pr\u00eat \u00e0 \u00eatre raccord\u00e9.<\/p>\n<p>Le panneau chauffant est mont\u00e9 sur l'ossature existante, le c\u00f4t\u00e9 chauffant \u00e9tant orient\u00e9 vers le mur ou le plafond. Le c\u00e2blage des panneaux est achemin\u00e9 et raccord\u00e9 au module de commande dans l'ossature de la structure. C\u00f4t\u00e9 pi\u00e8ce, le panneau chauffant ressemble alors \u00e0 une plaque Fermacell normale et peut \u00eatre trait\u00e9 de la m\u00eame mani\u00e8re.<\/p><\/div>\n\t\t\t<\/div>\n\t\t\t<\/div>\n\t\t\t\t\n\t\t\t\t\n\t\t\t\t\n\t\t\t\t\n\t\t\t<\/div><div class=\"et_d4_element et_pb_row et_pb_row_2 et_pb_equal_columns et_pb_gutters4  et_pb_css_mix_blend_mode et_block_row\">\n\t\t\t\t<div class=\"et_d4_element et_pb_column_1_2 et_pb_column et_pb_column_4  et_pb_css_mix_blend_mode et_block_column\">\n\t\t\t\t\n\t\t\t\t\n\t\t\t\t\n\t\t\t\t\n\t\t\t\t<div class=\"et_pb_module et_d4_element et_pb_text et_pb_text_5  et_pb_text_align_left et_pb_bg_layout_light\">\n\t\t\t\t\n\t\t\t\t\n\t\t\t\t\n\t\t\t\t\n\t\t\t\t<div class=\"et_pb_text_inner\"><h2>Panneau chauffant en carbone : simple et ing\u00e9nieux !<\/h2>\n<p>Notre panneau chauffant en carbone est tout simplement g\u00e9nial. Ce syst\u00e8me facile \u00e0 installer ouvre de nouvelles possibilit\u00e9s insoup\u00e7onn\u00e9es dans le domaine du chauffage. Quelques manipulations suffisent pour int\u00e9grer le panneau chauffant en carbone souhait\u00e9 au mur ou au plafond dans l'am\u00e9nagement int\u00e9rieur. Sans salet\u00e9 ni bruit. Une fois install\u00e9, le syst\u00e8me de chauffage infrarouge est invisible et ne n\u00e9cessite absolument aucun entretien.<\/p>\n<p>Non seulement cela permet de gagner du temps, mais la planification du nouveau chauffage est \u00e9galement tr\u00e8s simple. La puissance de chauffage n\u00e9cessaire est r\u00e9partie individuellement aux endroits souhait\u00e9s de la pi\u00e8ce et permet ainsi d'obtenir une chaleur rayonnante agr\u00e9able, par exemple dans le coin salon ou dans le coin jeu de la chambre d'enfant.<\/p>\n<p>&nbsp;<\/p><\/div>\n\t\t\t<\/div><div class=\"et_pb_module et_d4_element et_pb_text et_pb_text_6  et_pb_text_align_left et_pb_bg_layout_light\">\n\t\t\t\t\n\t\t\t\t\n\t\t\t\t\n\t\t\t\t\n\t\t\t\t<div class=\"et_pb_text_inner\"><p>Pour conna\u00eetre l'efficacit\u00e9 de votre nouveau syst\u00e8me de chauffage au carbone, utilisez le calculateur de besoins en chauffage, simple et rapide.<\/p><\/div>\n\t\t\t<\/div><div class=\"et_pb_button_module_wrapper et_pb_button_0_wrapper  et_pb_module \">\n\t\t\t\t<a class=\"et_pb_button et_d4_element et_pb_button_0 et_pb_bg_layout_light et_block_module\" href=\"https:\/\/test.rebotherm.de\/heizbedarf-rechner\/\">Cliquez ici pour acc\u00e9der au calculateur des besoins en chauffage<\/a>\n\t\t\t<\/div>\n\t\t\t<\/div><div class=\"et_d4_element et_pb_column_1_2 et_pb_column et_pb_column_5  et_pb_css_mix_blend_mode et-last-child et_block_column\">\n\t\t\t\t\n\t\t\t\t\n\t\t\t\t\n\t\t\t\t\n\t\t\t\t<div class=\"et_pb_module et_d4_element et_pb_text et_pb_text_7  et_pb_text_align_left et_pb_bg_layout_light\">\n\t\t\t\t\n\t\t\t\t\n\t\t\t\t\n\t\t\t\t\n\t\t\t\t<div class=\"et_pb_text_inner\"><h3>Am\u00e9nagement de l'espace avec un panneau chauffant en carbone<\/h3>\n<p>Il est possible de planifier au mieux une pi\u00e8ce sans radiateurs g\u00eanants. Il n'y a pas de tuyaux \u00e0 poser et toutes les surfaces sont libres pour la disposition des meubles. Le chauffage n\u00e9cessaire est invisible sur le mur ou le plafond&nbsp;!<\/p><\/div>\n\t\t\t<\/div><div class=\"et_pb_module et_d4_element et_pb_text et_pb_text_8  et_pb_text_align_left et_pb_bg_layout_light\">\n\t\t\t\t\n\t\t\t\t\n\t\t\t\t\n\t\t\t\t\n\t\t\t\t<div class=\"et_pb_text_inner\"><div class=\"et_pb_module et_pb_text et_pb_text_8 et_pb_text_align_left et_pb_bg_layout_light\">\n<div class=\"et_pb_text_inner\">\n<h3>Caract\u00e9ristiques du chauffage au carbone<\/h3>\n<ul>\n<li>Format pratique<\/li>\n<li>Puissance variable<\/li>\n<li>Facile \u00e0 int\u00e9grer<\/li>\n<li>Syst\u00e8me de chauffage invisible<\/li>\n<li>Pas seulement pour les professionnels<\/li>\n<li>Installation facile<\/li>\n<li>Fabriqu\u00e9 en Allemagne<\/li>\n<li>Sans entretien<\/li>\n<\/ul>\n<\/div>\n<\/div><\/div>\n\t\t\t<\/div><div class=\"et_pb_module et_d4_element et_pb_text et_pb_text_9  et_pb_text_align_left et_pb_bg_layout_light\">\n\t\t\t\t\n\t\t\t\t\n\t\t\t\t\n\t\t\t\t\n\t\t\t\t<div class=\"et_pb_text_inner\"><p>D\u00e9terminez d\u00e8s maintenant les co\u00fbts exacts des mat\u00e9riaux et les co\u00fbts totaux de votre panneau chauffant en carbone Fermacell gr\u00e2ce \u00e0 notre calculateur de chauffage.<\/p><\/div>\n\t\t\t<\/div><div class=\"et_pb_button_module_wrapper et_pb_button_1_wrapper  et_pb_module \">\n\t\t\t\t<a class=\"et_pb_button et_d4_element et_pb_button_1 et_pb_bg_layout_light et_block_module\" href=\"https:\/\/test.rebotherm.de\/fr\/calculateur-de-chauffage\/\">Calculer les co\u00fbts exacts maintenant<\/a>\n\t\t\t<\/div>\n\t\t\t<\/div>\n\t\t\t\t\n\t\t\t\t\n\t\t\t\t\n\t\t\t\t\n\t\t\t<\/div>\n\t\t\t\t\n\t\t\t\t<div class=\"et_pb_bottom_inside_divider et-no-transition\"><\/div>\n\t\t\t<\/div><div class=\"et_d4_element et_pb_section et_pb_section_2  et_pb_css_mix_blend_mode et_section_regular et_block_section\" >\n\t\t\t\t\n\t\t\t\t\n\t\t\t\t\n\t\t\t\t\n\t\t\t\t\n\t\t\t\t\n\t\t\t\t<div class=\"et_d4_element et_pb_row et_pb_row_3  et_pb_css_mix_blend_mode et_block_row\">\n\t\t\t\t<div class=\"et_d4_element et_pb_column_4_4 et_pb_column et_pb_column_6  et_pb_css_mix_blend_mode et-last-child et_block_column\">\n\t\t\t\t\n\t\t\t\t\n\t\t\t\t\n\t\t\t\t\n\t\t\t\t<div class=\"et_pb_module et_d4_element et_pb_text et_pb_text_10  et_pb_text_align_left et_pb_bg_layout_light\">\n\t\t\t\t\n\t\t\t\t\n\t\t\t\t\n\t\t\t\t\n\t\t\t\t<div class=\"et_pb_text_inner\"><h3 style=\"text-align: center;\">Installer un panneau chauffant en carbone - c'est aussi simple que \u00e7a :<\/h3><\/div>\n\t\t\t<\/div>\n\t\t\t<\/div>\n\t\t\t\t\n\t\t\t\t\n\t\t\t\t\n\t\t\t\t\n\t\t\t<\/div><div class=\"et_d4_element et_pb_row et_pb_row_4  et_pb_css_mix_blend_mode et_block_row\">\n\t\t\t\t<div class=\"et_d4_element et_pb_column_4_4 et_pb_column et_pb_column_7  et_pb_css_mix_blend_mode et-last-child et_block_column\">\n\t\t\t\t\n\t\t\t\t\n\t\t\t\t\n\t\t\t\t\n\t\t\t\t<div class=\"et_pb_module et_d4_element et_pb_code et_pb_code_0\">\n\t\t\t\t\n\t\t\t\t\n\t\t\t\t\n\t\t\t\t\n\t\t\t\t<div class=\"et_pb_code_inner\">\n<div class=\"wp-block-presto-player-reusable-edit\"><!--presto-player:video_id=1--><figure class=\"wp-block-video presto-block-video  presto-provider-youtube\" style=\"--plyr-color-main: var(--presto-player-highlight-color, #ff9761); --presto-player-logo-width: 150px; \">\n\t<presto-player \n\t\tpreset='{&quot;id&quot;:5,&quot;name&quot;:&quot;YouTube Optimized&quot;,&quot;slug&quot;:&quot;youtube&quot;,&quot;icon&quot;:&quot;youtube&quot;,&quot;skin&quot;:&quot;modern&quot;,&quot;play-large&quot;:true,&quot;rewind&quot;:true,&quot;play&quot;:true,&quot;fast-forward&quot;:true,&quot;progress&quot;:true,&quot;current-time&quot;:true,&quot;mute&quot;:true,&quot;volume&quot;:true,&quot;speed&quot;:true,&quot;pip&quot;:false,&quot;fullscreen&quot;:true,&quot;captions&quot;:false,&quot;reset_on_end&quot;:true,&quot;auto_hide&quot;:true,&quot;show_time_elapsed&quot;:false,&quot;captions_enabled&quot;:false,&quot;save_player_position&quot;:false,&quot;sticky_scroll&quot;:false,&quot;sticky_scroll_position&quot;:&quot;bottom right&quot;,&quot;on_video_end&quot;:&quot;select&quot;,&quot;play_video_viewport&quot;:false,&quot;hide_youtube&quot;:false,&quot;lazy_load_youtube&quot;:true,&quot;hide_logo&quot;:false,&quot;border_radius&quot;:0,&quot;caption_style&quot;:&quot;&quot;,&quot;caption_background&quot;:&quot;&quot;,&quot;is_locked&quot;:true,&quot;cta&quot;:[&quot;&quot;],&quot;watermark&quot;:[&quot;&quot;],&quot;search&quot;:[&quot;&quot;],&quot;email_collection&quot;:[&quot;&quot;],&quot;created_by&quot;:5,&quot;created_at&quot;:&quot;2024-05-07 01:32:45&quot;,&quot;updated_at&quot;:&quot;2024-05-07 01:32:45&quot;,&quot;deleted_at&quot;:&quot;&quot;}'\n\t\tbranding='{&quot;logo&quot;:&quot;&quot;,&quot;color&quot;:&quot;#ff9761&quot;,&quot;logo_width&quot;:150,&quot;player_css&quot;:&quot;&quot;}'\n\t\tchapters='[]'\n\t\toverlays='[]'\n\t\ttracks='[]'\n\t\tblock-attributes='{&quot;playsInline&quot;:true,&quot;id&quot;:1,&quot;src&quot;:&quot;https:\\\/\\\/www.youtube.com\\\/watch?v=ZpHTCuW3DvY&quot;,&quot;poster&quot;:&quot;https:\\\/\\\/test.rebotherm.de\\\/wp-content\\\/uploads\\\/2024\\\/05\\\/carbon-heizpaneel-installieren.jpg&quot;,&quot;preset&quot;:5,&quot;video_id&quot;:&quot;ZpHTCuW3DvY&quot;,&quot;visibility&quot;:&quot;public&quot;,&quot;color&quot;:&quot;#00b3ff&quot;,&quot;mutedPreview&quot;:{&quot;enabled&quot;:false,&quot;captions&quot;:false},&quot;mutedOverlay&quot;:{&quot;enabled&quot;:false,&quot;src&quot;:&quot;&quot;,&quot;width&quot;:200,&quot;focalPoint&quot;:{&quot;x&quot;:0.5,&quot;y&quot;:0.5}},&quot;mutedOverlayType&quot;:&quot;text&quot;,&quot;mutedOverlayText&quot;:&quot;Click to play&quot;,&quot;mutedOverlayImageWidth&quot;:200,&quot;chapters&quot;:[],&quot;overlays&quot;:[],&quot;tracks&quot;:[],&quot;title&quot;:&quot;\\&quot;Schnelle und effiziente W\\u00e4rme mit Fermacell Carbon Heizplatten!&quot;}'\n\t\tanalytics=''\n\t\tautomations\t\tprovider='youtube'\n\t\t\t\tid=\"presto-player-1\"\n\t\tsrc=\"\/\/www.youtube.com\/embed\/ZpHTCuW3DvY?iv_load_policy=3&amp;modestbranding=1&amp;playinline=1&amp;showinfo=0&amp;rel=0&amp;enablejsapi=1\"\n\t\tmedia-title=\"&quot;Schnelle und effiziente W\u00e4rme mit Fermacell Carbon Heizplatten!\"\n\t\tcss=\"\"\n\t\tclass=\"presto-video-id-1 presto-preset-id-5 skin-modern\"\n\t\tskin=\"modern\" \n\t\ticon-url=\"https:\/\/test.rebotherm.de\/wp-content\/plugins\/presto-player\/img\/sprite.svg\" \n\t\tpreload=\"\" \n\t\tposter=\"https:\/\/test.rebotherm.de\/wp-content\/uploads\/2024\/05\/carbon-heizpaneel-installieren.jpg\"\n\t\tyoutube=\"{&quot;noCookie&quot;:false,&quot;channelId&quot;:&quot;&quot;,&quot;show_count&quot;:false}\"\n\t\tprovider-video-id=\"ZpHTCuW3DvY\"\n\t\tvideo-id=\"1\"\n\t\tlazy-load-youtube\t\tvideo-attributes='{}'\n\t\tplaysinline\t\t\t\t>\n\t\t\n\n\t<\/presto-player>\n<\/figure>\t\t<script type=\"application\/ld+json\">\n\t\t\t{\"@context\":\"https:\\\/\\\/schema.org\",\"@type\":\"VideoObject\",\"name\":\"\\\"Schnelle und effiziente W\\u00e4rme mit Fermacell Carbon Heizplatten!\",\"thumbnailUrl\":\"https:\\\/\\\/test.rebotherm.de\\\/wp-content\\\/uploads\\\/2024\\\/05\\\/carbon-heizpaneel-installieren.jpg\",\"uploadDate\":\"2024-05-07T03:58:17+02:00\",\"contentUrl\":\"\\\/\\\/www.youtube.com\\\/embed\\\/ZpHTCuW3DvY?iv_load_policy=3&modestbranding=1&playinline=1&showinfo=0&rel=0&enablejsapi=1\"}\t\t<\/script>\n\t\t<\/div>\n<\/div>\n\t\t\t<\/div><div class=\"et_pb_module et_d4_element et_pb_text et_pb_text_11  et_pb_text_align_left et_pb_bg_layout_light\">\n\t\t\t\t\n\t\t\t\t\n\t\t\t\t\n\t\t\t\t\n\t\t\t\t<div class=\"et_pb_text_inner\"><p style=\"text-align: center;\">Remarque : lorsque vous activez la vid\u00e9o, YouTube est activ\u00e9 en mode de protection \u00e9tendue des donn\u00e9es. Vous acceptez la politique de confidentialit\u00e9 de YouTube.<\/p><\/div>\n\t\t\t<\/div>\n\t\t\t<\/div>\n\t\t\t\t\n\t\t\t\t\n\t\t\t\t\n\t\t\t\t\n\t\t\t<\/div><div class=\"et_d4_element et_pb_row et_pb_row_5  et_pb_css_mix_blend_mode et_block_row\">\n\t\t\t\t<div class=\"et_d4_element et_pb_column_4_4 et_pb_column et_pb_column_8  et_pb_css_mix_blend_mode et-last-child et_block_column et_pb_column_empty\">\n\t\t\t\t\n\t\t\t\t\n\t\t\t\t\n\t\t\t\t\n\t\t\t\t\n\t\t\t<\/div>\n\t\t\t\t\n\t\t\t\t\n\t\t\t\t\n\t\t\t\t\n\t\t\t<\/div>\n\t\t\t\t\n\t\t\t\t\n\t\t\t<\/div><div class=\"et_pb_with_border et_d4_element et_pb_section et_pb_section_3 et_pb_with_background  et_pb_css_mix_blend_mode et_pb_inner_shadow et_section_regular section_has_divider et_pb_bottom_divider et_pb_top_divider et_block_section\" >\n\t\t\t\t<div class=\"et_pb_top_inside_divider et-no-transition\"><\/div>\n\t\t\t\t\n\t\t\t\t\n\t\t\t\t\n\t\t\t\t\n\t\t\t\t\n\t\t\t\t<div class=\"et_d4_element et_pb_row et_pb_row_6  et_pb_css_mix_blend_mode et_block_row\">\n\t\t\t\t<div class=\"et_d4_element et_pb_column_4_4 et_pb_column et_pb_column_9  et_pb_css_mix_blend_mode et-last-child et_block_column\">\n\t\t\t\t\n\t\t\t\t\n\t\t\t\t\n\t\t\t\t\n\t\t\t\t<div class=\"et_pb_module et_d4_element et_pb_text et_pb_text_12  et_pb_text_align_left et_pb_bg_layout_light\">\n\t\t\t\t\n\t\t\t\t\n\t\t\t\t\n\t\t\t\t\n\t\t\t\t<div class=\"et_pb_text_inner\"><h4><strong>Chaleur efficace avec un panneau chauffant en carbone sur des plaques Fermacell<\/strong><\/h4>\n<p>Dans le monde des technologies de chauffage modernes, l'int\u00e9gration de chauffages au carbone sur les panneaux Fermacell a permis une perc\u00e9e significative. Cette combinaison innovante offre non seulement une chaleur efficace, mais aussi une solution durable et esth\u00e9tique pour le chauffage des locaux. En savoir plus sur les avantages et les applications de cette technologie de chauffage avanc\u00e9e.<\/p>\n<h5><strong>Qu'est-ce qui rend les chauffages au carbone sur les panneaux Fermacell si particuliers ?<\/strong><\/h5>\n<p>Les panneaux Fermacell sont connus pour leurs excellentes propri\u00e9t\u00e9s physiques. Elles sont compos\u00e9es de fibres de gypse et sont non seulement stables, mais aussi thermoconductrices. En int\u00e9grant des \u00e9l\u00e9ments chauffants en carbone, cette forme de plaque devient une source de chaleur efficace. Les chauffages au carbone sont constitu\u00e9s d'un tissu conducteur en carbone qui permet une r\u00e9partition uniforme de la chaleur. Il en r\u00e9sulte une solution \u00e9co\u00e9nerg\u00e9tique qui am\u00e8ne rapidement la pi\u00e8ce \u00e0 la temp\u00e9rature souhait\u00e9e.<\/p>\n<h5><strong>Efficacit\u00e9 \u00e9nerg\u00e9tique et r\u00e9duction des co\u00fbts<\/strong><\/h5>\n<p>La combinaison du chauffage au carbone et des panneaux Fermacell offre une efficacit\u00e9 \u00e9nerg\u00e9tique impressionnante. Le transfert de chaleur est direct et uniforme, ce qui permet d'optimiser la consommation d'\u00e9nergie. Par rapport aux syst\u00e8mes de chauffage traditionnels, cette technologie vous permet de r\u00e9aliser d'importantes \u00e9conomies. Le temps de chauffe rapide et le contr\u00f4le pr\u00e9cis de la temp\u00e9rature contribuent \u00e0 minimiser la consommation d'\u00e9nergie et \u00e0 r\u00e9duire les co\u00fbts d'exploitation.<\/p>\n<h5><strong>Flexibilit\u00e9 de l'installation<\/strong><\/h5>\n<p>L'installation de chauffages au carbone sur des panneaux Fermacell est extr\u00eamement flexible et s'adapte \u00e0 diff\u00e9rentes configurations de pi\u00e8ces. Cette solution de chauffage peut \u00eatre facilement int\u00e9gr\u00e9e dans les nouvelles constructions et les r\u00e9novations. La faible hauteur d'installation des panneaux Fermacell permet une installation discr\u00e8te, sans occuper un espace pr\u00e9cieux. Cela en fait une option attrayante pour les appartements modernes, les bureaux et les espaces commerciaux.<\/p>\n<h5><strong>Durabilit\u00e9 et respect de l'environnement<\/strong><\/h5>\n<p>L'association des chauffages au carbone et des panneaux Fermacell est en accord avec les exigences de la construction et de l'habitat durables. Les mat\u00e9riaux sont respectueux de l'environnement et recyclables, ce qui contribue \u00e0 un bilan \u00e9cologique positif. L'efficacit\u00e9 \u00e9nerg\u00e9tique des chauffages au carbone r\u00e9duit encore l'empreinte \u00e9cologique en minimisant la consommation d'\u00e9nergie. Cela rend cette solution de chauffage non seulement \u00e9conomique, mais aussi respectueuse de l'environnement. Nous r\u00e9pondons <a href=\"https:\/\/neu.rebotherm.de\/faq-carbonheizung\/\" target=\"_blank\" rel=\"noopener\">ici<\/a> aux questions sur le chauffage au carbone<\/p><\/div>\n\t\t\t<\/div>\n\t\t\t<\/div>\n\t\t\t\t\n\t\t\t\t\n\t\t\t\t\n\t\t\t\t\n\t\t\t<\/div>\n\t\t\t\t\n\t\t\t\t<div class=\"et_pb_bottom_inside_divider et-no-transition\"><\/div>\n\t\t\t<\/div><div class=\"et_d4_element et_pb_section et_pb_section_4  et_pb_css_mix_blend_mode et_section_regular et_block_section\" >\n\t\t\t\t\n\t\t\t\t\n\t\t\t\t\n\t\t\t\t\n\t\t\t\t\n\t\t\t\t\n\t\t\t\t<div class=\"et_pb_with_border et_d4_element et_pb_row et_pb_row_7  et_pb_css_mix_blend_mode et_block_row\">\n\t\t\t\t<div class=\"et_d4_element et_pb_column_4_4 et_pb_column et_pb_column_10  et_pb_css_mix_blend_mode et-last-child et_block_column\">\n\t\t\t\t\n\t\t\t\t\n\t\t\t\t\n\t\t\t\t\n\t\t\t\t<div class=\"et_pb_module et_d4_element et_pb_slider et_pb_slider_0 et_pb_slider_fullwidth_off\">\n\t\t\t\t<div class=\"et_pb_slides\">\n\t\t\t\t\t<div class=\"et_d4_element et_pb_slide et_pb_slide_0  et_pb_css_mix_blend_mode et_pb_bg_layout_dark et_pb_media_alignment_center et-pb-active-slide\" data-slide-id=\"et_pb_slide_0\">\n\t\t\t\t\n\t\t\t\t\n\t\t\t\t<div class=\"et_pb_container clearfix\">\n\t\t\t\t\t<div class=\"et_pb_slider_container_inner\">\n\t\t\t\t\t\t\n\t\t\t\t\t\t<div class=\"et_pb_slide_description\">\n\t\t\t\t\t\t\t<h2 class=\"et_pb_slide_title\">Am\u00e9nagement de combles avec Fermacell et carbone<\/h2><div class=\"et_pb_slide_content\"><h4><\/h4>\n<p>L'am\u00e9nagement ult\u00e9rieur des combles \u00e9choue souvent \u00e0 cause du probl\u00e8me du chauffage. Il faut poser des tuyaux, installer des radiateurs et parfois m\u00eame un tout nouveau chauffage. Il faut alors rapidement compter quelques milliers d'euros.<\/p>\n<p>Avec notre panneau Fermacell avec chauffage infrarouge int\u00e9gr\u00e9, l'effort est tr\u00e8s limit\u00e9. Dans la zone d'am\u00e9nagement, le nombre n\u00e9cessaire d'\u00e9l\u00e9ments chauffants avec chauffage au carbone est int\u00e9gr\u00e9 dans la construction s\u00e8che. L'agr\u00e9able chaleur rayonnante est alors r\u00e9partie de mani\u00e8re optimale dans la pi\u00e8ce par les pentes du toit.<\/p><\/div>\n\t\t\t\t\t\t\t\n\t\t\t\t\t\t<\/div>\n\t\t\t\t\t<\/div>\n\t\t\t\t<\/div>\n\t\t\t\t\n\t\t\t\t\n\t\t\t\t\n\t\t\t<\/div>\n\t\t\t\n\t\t\t\t<\/div>\n\t\t\t\t\n\t\t\t<\/div>\n\t\t\t\n\t\t\t<\/div>\n\t\t\t\t\n\t\t\t\t\n\t\t\t\t\n\t\t\t\t\n\t\t\t<\/div>\n\t\t\t\t\n\t\t\t\t\n\t\t\t<\/div><\/p>\n","protected":false},"excerpt":{"rendered":"","protected":false},"author":1,"featured_media":0,"parent":0,"menu_order":0,"comment_status":"closed","ping_status":"closed","template":"","meta":{"_et_pb_use_builder":"on","_et_pb_old_content":"","_et_gb_content_width":"","footnotes":""},"class_list":["post-28223","page","type-page","status-publish","hentry"],"_links":{"self":[{"href":"https:\/\/test.rebotherm.de\/fr\/wp-json\/wp\/v2\/pages\/28223","targetHints":{"allow":["GET"]}}],"collection":[{"href":"https:\/\/test.rebotherm.de\/fr\/wp-json\/wp\/v2\/pages"}],"about":[{"href":"https:\/\/test.rebotherm.de\/fr\/wp-json\/wp\/v2\/types\/page"}],"author":[{"embeddable":true,"href":"https:\/\/test.rebotherm.de\/fr\/wp-json\/wp\/v2\/users\/1"}],"replies":[{"embeddable":true,"href":"https:\/\/test.rebotherm.de\/fr\/wp-json\/wp\/v2\/comments?post=28223"}],"version-history":[{"count":8,"href":"https:\/\/test.rebotherm.de\/fr\/wp-json\/wp\/v2\/pages\/28223\/revisions"}],"predecessor-version":[{"id":40621,"href":"https:\/\/test.rebotherm.de\/fr\/wp-json\/wp\/v2\/pages\/28223\/revisions\/40621"}],"wp:attachment":[{"href":"https:\/\/test.rebotherm.de\/fr\/wp-json\/wp\/v2\/media?parent=28223"}],"curies":[{"name":"wp","href":"https:\/\/api.w.org\/{rel}","templated":true}]}}