{"id":30038,"date":"2020-01-14T15:26:50","date_gmt":"2020-01-14T14:26:50","guid":{"rendered":"https:\/\/test.rebotherm.de\/produkt\/pasta-termica-auratherm\/"},"modified":"2026-03-22T22:09:16","modified_gmt":"2026-03-22T21:09:16","slug":"pasta-termica-auratherm","status":"publish","type":"product","link":"https:\/\/test.rebotherm.de\/es\/pasta-termica-auratherm\/","title":{"rendered":"Pasta t\u00e9rmica Auratherm contra el moho y las paredes fr\u00edas"},"content":{"rendered":"<h2>\u00a1Thermopaste AURATHERM contra el moho y las paredes fr\u00edas!<\/h2>\n<p>Basta con aplicar Auratherm a la superficie fr\u00eda desde el interior con un rodillo o brocha.<\/p>\n<p>1 litro de pasta t\u00e9rmica es suficiente para 3 \u2013 4 m\u00b2<\/p>\n<p>Thermopaste Auratherm ofrece una soluci\u00f3n eficaz para mejorar el clima interior y aumentar el confort t\u00e9rmico.<\/p>\n<p>Acogedor gracias al aislamiento y la reflexi\u00f3n del calor en la habitaci\u00f3n. \u00a1Se acab\u00f3 el moho!<\/p>\n<p>F\u00e1cil de procesar.<\/p>\n<h2>\u00bfQu\u00e9 hace que Thermopaste Auratherm sea tan especial?<\/h2>\n<p>Bas\u00e1ndose en la reflexi\u00f3n del calor, el revestimiento cer\u00e1mico crea calor radiante en salones, huecos de escalera, edificios comerciales, s\u00f3tanos, garajes y todas las dem\u00e1s estancias mal aisladas. As\u00ed, el <strong>revestimiento t\u00e9rmico<\/strong> reduce eficazmente los efectos negativos del llamado \u00abrodillo de calefacci\u00f3n\u00bb (el ascenso del aire caliente del radiador y el lento enfriamiento del mismo en la pared opuesta). Gracias al elevado n\u00famero de microesferas de vidrio hueco t\u00e9rmicamente aislantes, el calor es almacenado por las paredes revestidas e irradiado hacia el interior. Gracias a estas propiedades, no se forma humedad en las superficies y se evita permanentemente la aparici\u00f3n de moho.<\/p>\n<h3>Caracter\u00edsticas del producto<\/h3>\n<p>\u2705 Revestimiento clim\u00e1tico que ahorra energ\u00eda (aislamiento y color en uno)<br \/>\n\u2705 Aislamiento t\u00e9rmico gracias a las microesferas huecas de vidrio<br \/>\n\u2705 Ahorro de energ\u00eda gracias a la fuerte reflexi\u00f3n de la radiaci\u00f3n t\u00e9rmica<br \/>\n\u2705 Ahorra energ\u00eda y costes de calefacci\u00f3n optimizando el efecto de calentamiento<br \/>\n\u2705 Deshumidifica permanentemente \u2013 dando como resultado paredes secas que a\u00edslan bien<br \/>\nReduce en gran medida la formaci\u00f3n de moho<br \/>\n\u2705 Mejora el clima interior<br \/>\nTranspirable \/ abierto a la difusi\u00f3n<br \/>\nRespetuoso con el medio ambiente<\/p>\n<h3>\u00bfC\u00f3mo se procesa la pasta t\u00e9rmica Auratherm?<\/h3>\n<p>La superficie debe estar seca, limpia, sana y sin moho. El papel pintado debe retirarse antes de la aplicaci\u00f3n. Trata previamente las paredes muy absorbentes con una imprimaci\u00f3n profunda. Remueve el Auratherm <strong>sin grumos<\/strong> en el recipiente antes de usarlo. La aplicaci\u00f3n se realiza con un rodillo de pintura de nailon m\u00e1x. Pila de 12 mm o un cepillo. Se necesitan dos capas para optimizar la reacci\u00f3n t\u00e9rmica. La temperatura m\u00ednima de aplicaci\u00f3n de la superficie debe ser de al menos 8\u00b0C. El tiempo de secado de la primera capa es de unas 3 \u2013 5 horas a una temperatura ambiente de 20\u00b0C y una humedad del 65%. Cubre o retira los alimentos abiertos durante la elaboraci\u00f3n y la fase de secado. La pasta de protecci\u00f3n t\u00e9rmica Auratherm se puede repasar con otros colores sin problemas.<\/p>\n","protected":false},"excerpt":{"rendered":"<h1>Thermopaste AURATHERM libera de:<\/h1>\n<ul>\n<li>paredes exteriores fr\u00edas<\/li>\n<li>suelos fr\u00edos<\/li>\n<li>P\u00e9rdidas de calor<\/li>\n<li>Molde<\/li>\n<li>superficies fr\u00edas en la casa<\/li>\n<li><a href=\"https:\/\/test.rebotherm.de\/es\/proteccion-termica-con-auratherm-contra-el-moho-y-las-paredes-frias\/\">M\u00e1s informaci\u00f3n<\/a><\/li>\n<\/ul>\n<h2>Pasta t\u00e9rmica Auratherm contra el moho<\/h2>\n<p>Cada piso o casa est\u00e1 protegido de forma fiable contra el moho con dos capas de pintura. La combinaci\u00f3n especial de microesferas de vidrio huecas y aerogel hace que nuestra pasta t\u00e9rmica <strong>Auratherm <\/strong>sea tan eficaz. La aplicaci\u00f3n es tan sencilla como pintar paredes.<\/p>\n","protected":false},"featured_media":29580,"comment_status":"closed","ping_status":"closed","template":"","meta":{"_et_pb_use_builder":"","_et_pb_old_content":"","_et_gb_content_width":""},"product_brand":[],"product_cat":[258],"product_tag":[],"class_list":{"0":"post-30038","1":"product","2":"type-product","3":"status-publish","4":"has-post-thumbnail","6":"product_cat-aislamiento","7":"product_shipping_class-paquete-por-849","8":"pa_liter-10-litros","9":"pa_liter-20-litros","10":"pa_liter-5-litros","12":"first","13":"instock","14":"featured","15":"taxable","16":"shipping-taxable","17":"purchasable","18":"product-type-variable","19":"has-default-attributes"},"_links":{"self":[{"href":"https:\/\/test.rebotherm.de\/es\/wp-json\/wp\/v2\/product\/30038","targetHints":{"allow":["GET"]}}],"collection":[{"href":"https:\/\/test.rebotherm.de\/es\/wp-json\/wp\/v2\/product"}],"about":[{"href":"https:\/\/test.rebotherm.de\/es\/wp-json\/wp\/v2\/types\/product"}],"replies":[{"embeddable":true,"href":"https:\/\/test.rebotherm.de\/es\/wp-json\/wp\/v2\/comments?post=30038"}],"wp:featuredmedia":[{"embeddable":true,"href":"https:\/\/test.rebotherm.de\/es\/wp-json\/wp\/v2\/media\/29580"}],"wp:attachment":[{"href":"https:\/\/test.rebotherm.de\/es\/wp-json\/wp\/v2\/media?parent=30038"}],"wp:term":[{"taxonomy":"product_brand","embeddable":true,"href":"https:\/\/test.rebotherm.de\/es\/wp-json\/wp\/v2\/product_brand?post=30038"},{"taxonomy":"product_cat","embeddable":true,"href":"https:\/\/test.rebotherm.de\/es\/wp-json\/wp\/v2\/product_cat?post=30038"},{"taxonomy":"product_tag","embeddable":true,"href":"https:\/\/test.rebotherm.de\/es\/wp-json\/wp\/v2\/product_tag?post=30038"}],"curies":[{"name":"wp","href":"https:\/\/api.w.org\/{rel}","templated":true}]}}