{"id":41596,"date":"2026-03-15T19:08:18","date_gmt":"2026-03-15T18:08:18","guid":{"rendered":"https:\/\/test.rebotherm.de\/calefaccion-en-una-casa-protegida-como-patrimonio\/"},"modified":"2026-04-04T13:39:11","modified_gmt":"2026-04-04T11:39:11","slug":"calefaccion-en-una-casa-protegida-como-patrimonio","status":"publish","type":"page","link":"https:\/\/test.rebotherm.de\/es\/calefaccion-en-una-casa-protegida-como-patrimonio\/","title":{"rendered":"Calefacci\u00f3n en una casa protegida como patrimonio"},"content":{"rendered":"<div class=\"et_d4_element et_pb_section et_pb_section_0  et_pb_css_mix_blend_mode et_section_regular et_block_section\" >\n\t\t\t\t\n\t\t\t\t\n\t\t\t\t\n\t\t\t\t\n\t\t\t\t\n\t\t\t\t\n\t\t\t\t<div class=\"et_d4_element et_pb_row et_pb_row_0  et_pb_css_mix_blend_mode et_block_row\">\n\t\t\t\t<div class=\"et_d4_element et_pb_column_4_4 et_pb_column et_pb_column_0  et_pb_css_mix_blend_mode et-last-child et_block_column\">\n\t\t\t\t\n\t\t\t\t\n\t\t\t\t\n\t\t\t\t\n\t\t\t\t<div class=\"et_pb_module et_d4_element et_pb_code et_pb_code_0\">\n\t\t\t\t\n\t\t\t\t\n\t\t\t\t\n\t\t\t\t\n\t\t\t\t<div class=\"et_pb_code_inner\"><section style=\"max-width:1100px;margin:0 auto;padding:30px 20px;font-family:Arial,sans-serif;line-height:1.7;color:#222;\">\n\n<header style=\"margin-bottom:26px;\">\n\n<h1 style=\"margin:0 0 14px;line-height:1.15;\">\n\u00bfCalefacci\u00f3n en una casa protegida como patrimonio? \u00bfQu\u00e9 opciones existen? \n<\/h1>\n\n<p style=\"font-size:18px;\">\nLa calefacci\u00f3n en una casa protegida como patrimonio, as\u00ed como la modernizaci\u00f3n de la calefacci\u00f3n en un edificio protegido, suele plantear a los propietarios retos especiales. \nMientras que en las construcciones nuevas muchas opciones t\u00e9cnicas pueden planificarse libremente, en los edificios hist\u00f3ricos deben tenerse en cuenta las \nexigencias de la protecci\u00f3n del patrimonio. Los cambios en la fachada, la estructura del edificio o la distribuci\u00f3n de los espacios \na menudo solo son posibles de forma limitada. Al mismo tiempo, la tecnolog\u00eda de calefacci\u00f3n debe funcionar de forma fiable y mejorar el confort \nen la vivienda.  \n\n\n<p style=\"font-size:18px;\">\nPor eso, la pregunta clave suele ser: <strong>\u00bfQu\u00e9 calefacci\u00f3n en una casa protegida como patrimonio est\u00e1 realmente permitida y tiene sentido?<\/strong> \nLa respuesta depende en gran medida del estado del edificio, de la tecnolog\u00eda de calefacci\u00f3n existente y de las posibilidades de integraci\u00f3n constructiva. \nLo decisivo es un concepto que tenga en cuenta tanto los requisitos de la protecci\u00f3n del patrimonio como las exigencias t\u00e9cnicas \nde los sistemas de calefacci\u00f3n modernos.\n\n\n<\/header>\n\n\n\n\n\n<\/div>\n\t\t\t<\/div><div class=\"et_pb_module et_d4_element et_pb_image et_pb_image_0\">\n\t\t\t\t\n\t\t\t\t\n\t\t\t\t\n\t\t\t\t\n\t\t\t\t<span class=\"et_pb_image_wrap \"><img decoding=\"async\" width=\"1536\" height=\"1024\" src=\"https:\/\/test.rebotherm.de\/wp-content\/uploads\/2026\/03\/Heizung-denkmalgeschuetztes-Haus.jpg\" alt=\"calefaccion en una casa protegida como patrimonio\" title=\"Calefacci\u00f3n en una casa protegida como patrimonio\" srcset=\"https:\/\/test.rebotherm.de\/wp-content\/uploads\/2026\/03\/Heizung-denkmalgeschuetztes-Haus.jpg 1536w, https:\/\/test.rebotherm.de\/wp-content\/uploads\/2026\/03\/Heizung-denkmalgeschuetztes-Haus-1280x853.jpg 1280w, https:\/\/test.rebotherm.de\/wp-content\/uploads\/2026\/03\/Heizung-denkmalgeschuetztes-Haus-980x653.jpg 980w, https:\/\/test.rebotherm.de\/wp-content\/uploads\/2026\/03\/Heizung-denkmalgeschuetztes-Haus-480x320.jpg 480w\" sizes=\"(min-width: 0px) and (max-width: 480px) 480px, (min-width: 481px) and (max-width: 980px) 980px, (min-width: 981px) and (max-width: 1280px) 1280px, (min-width: 1281px) 1536px, 100vw\" class=\"wp-image-41449\" \/><\/span>\n\t\t\t<\/div><div class=\"et_pb_module et_d4_element et_pb_code et_pb_code_1\">\n\t\t\t\t\n\t\t\t\t\n\t\t\t\t\n\t\t\t\t\n\t\t\t\t<div class=\"et_pb_code_inner\">Infograf\u00eda sobre las ventajas de una calefacci\u00f3n de superficie de carbono en una casa protegida como patrimonio. La gr\u00e1fica muestra c\u00f3mo el sistema de calefacci\u00f3n puede integrarse de forma respetuosa en la estructura hist\u00f3rica del edificio, permanece invisible detr\u00e1s del enlucido de la pared y, gracias al calor radiante, garantiza una distribuci\u00f3n del calor uniforme y sin corrientes de aire.<\/div>\n\t\t\t<\/div><div class=\"et_pb_module et_d4_element et_pb_code et_pb_code_2\">\n\t\t\t\t\n\t\t\t\t\n\t\t\t\t\n\t\t\t\t\n\t\t\t\t<div class=\"et_pb_code_inner\"><h2>Calefacci\u00f3n en una casa protegida como patrimonio. Los sistemas de calefacci\u00f3n en edificios protegidos deben planificarse con especial cuidado. <\/h2>\n\n\nEn los edificios protegidos como patrimonio, la conservaci\u00f3n de la estructura hist\u00f3rica es lo principal. \nEsto significa que los cambios t\u00e9cnicos a menudo solo son posibles de forma limitada. \nEn muchos casos, las nuevas conducciones, las unidades exteriores o las intervenciones mayores en la estructura del edificio deben \ncoordinarse con la autoridad competente de protecci\u00f3n del patrimonio.\n\n\n<ul style=\"list-style:none;padding-left:0;margin-top:10px;\">\n<li><span style=\"color:#2E9E44;font-weight:bold;\">\u2714<\/span> A menudo no se permite modificar las fachadas hist\u00f3ricas<\/li>\n<li><span style=\"color:#2E9E44;font-weight:bold;\">\u2714<\/span> La tecnolog\u00eda visible en el exterior a menudo no est\u00e1 permitida<\/li>\n<li><span style=\"color:#2E9E44;font-weight:bold;\">\u2714<\/span> Deben minimizarse las intervenciones en la estructura original del edificio<\/li>\n<li><span style=\"color:#2E9E44;font-weight:bold;\">\u2714<\/span> Debe conservarse la distribuci\u00f3n de espacios de los edificios hist\u00f3ricos<\/li>\n<\/ul>\n\n\nPrecisamente por eso se necesitan soluciones de calefacci\u00f3n que puedan integrarse en el edificio de la forma m\u00e1s discreta posible \ny funcionen sin grandes cambios constructivos.\n\n\n\n<h2>Requisitos t\u00edpicos para una calefacci\u00f3n en una casa protegida como patrimonio<\/h2>\n\n\nPara que una soluci\u00f3n de calefacci\u00f3n en un edificio protegido funcione a largo plazo, debe cumplir varios requisitos. \nAdem\u00e1s de la eficiencia t\u00e9cnica, lo m\u00e1s importante es la integraci\u00f3n en la estructura existente del edificio.\n\n\n\n<table style=\"width:100%;border-collapse:collapse;margin:20px 0;\">\n<tr style=\"background:#f5f5f5;\">\n<th style=\"padding:12px;border:1px solid #ddd;text-align:left;\">Requisito<\/th>\n<th style=\"padding:12px;border:1px solid #ddd;text-align:left;\">Por qu\u00e9 es importante<\/th>\n<\/tr>\n\n<tr>\n<td style=\"padding:12px;border:1px solid #ddd;\">Intervenciones m\u00ednimas en la estructura del edificio<\/td>\n<td style=\"padding:12px;border:1px solid #ddd;\">Deben conservarse los materiales y las construcciones hist\u00f3ricas.<\/td>\n<\/tr>\n\n<tr>\n<td style=\"padding:12px;border:1px solid #ddd;\">Integraci\u00f3n discreta<\/td>\n<td style=\"padding:12px;border:1px solid #ddd;\">La tecnolog\u00eda no debe cambiar el aspecto del edificio.<\/td>\n<\/tr>\n\n<tr>\n<td style=\"padding:12px;border:1px solid #ddd;\">Reforma flexible<\/td>\n<td style=\"padding:12px;border:1px solid #ddd;\">Muchos edificios solo pueden modernizarse de forma gradual.<\/td>\n<\/tr>\n\n<tr>\n<td style=\"padding:12px;border:1px solid #ddd;\">Buena distribuci\u00f3n del calor<\/td>\n<td style=\"padding:12px;border:1px solid #ddd;\">Los edificios hist\u00f3ricos suelen tener geometr\u00edas de espacios diferentes.<\/td>\n<\/tr>\n\n<\/table>\n\n\n<h2>Qu\u00e9 soluciones de calefacci\u00f3n pueden considerarse en una casa protegida como patrimonio<\/h2>\n\n<h3>Calefacci\u00f3n de superficie en pared o techo<\/h3>\n\n\nUna opci\u00f3n para calentar edificios hist\u00f3ricos son los sistemas de calefacci\u00f3n de gran superficie en pared o techo. \nPueden prescindir de radiadores visibles y a menudo requieren menos espacio en la estancia. \nDe este modo, se pueden conservar los espacios hist\u00f3ricos sin cambiar en exceso el dise\u00f1o.\n\n\n\n<h3>Modernizaci\u00f3n suave de sistemas de calefacci\u00f3n existentes<\/h3>\n\n\nEn algunos edificios, tambi\u00e9n puede ser conveniente modernizar el sistema de calefacci\u00f3n existente. \nEn este caso, se sustituyen u optimizan componentes individuales sin modificar todo el sistema. \nEste enfoque puede ser especialmente adecuado cuando la tecnolog\u00eda existente, en principio, \nest\u00e1 bien integrada en el edificio.\n\n\n\n<h3>Combinaci\u00f3n con aislamiento interior<\/h3>\n\n\nEn los edificios hist\u00f3ricos, la envolvente del edificio tambi\u00e9n suele desempe\u00f1ar un papel importante. \nSi se reducen las p\u00e9rdidas de calor, puede cambiar toda la estrategia de calefacci\u00f3n. \nUn aislamiento interior planificado cuidadosamente puede ayudar a reducir la demanda energ\u00e9tica \nsin modificar el aspecto exterior del edificio.\n<\/div>\n\t\t\t<\/div><div class=\"et_pb_module et_d4_element et_pb_image et_pb_image_1\">\n\t\t\t\t\n\t\t\t\t\n\t\t\t\t\n\t\t\t\t\n\t\t\t\t<span class=\"et_pb_image_wrap \"><img decoding=\"async\" width=\"1536\" height=\"1024\" src=\"https:\/\/test.rebotherm.de\/wp-content\/uploads\/2026\/03\/Wandheizung-und-Strahlungswaerme-im-Raum.jpg\" alt=\"calefaccion de pared y calor radiante en la estancia\" title=\"Calefacci\u00f3n de pared y calor radiante en la estancia\" srcset=\"https:\/\/test.rebotherm.de\/wp-content\/uploads\/2026\/03\/Wandheizung-und-Strahlungswaerme-im-Raum.jpg 1536w, https:\/\/test.rebotherm.de\/wp-content\/uploads\/2026\/03\/Wandheizung-und-Strahlungswaerme-im-Raum-1280x853.jpg 1280w, https:\/\/test.rebotherm.de\/wp-content\/uploads\/2026\/03\/Wandheizung-und-Strahlungswaerme-im-Raum-980x653.jpg 980w, https:\/\/test.rebotherm.de\/wp-content\/uploads\/2026\/03\/Wandheizung-und-Strahlungswaerme-im-Raum-480x320.jpg 480w\" sizes=\"(min-width: 0px) and (max-width: 480px) 480px, (min-width: 481px) and (max-width: 980px) 980px, (min-width: 981px) and (max-width: 1280px) 1280px, (min-width: 1281px) 1536px, 100vw\" class=\"wp-image-41451\" \/><\/span>\n\t\t\t<\/div><div class=\"et_pb_module et_d4_element et_pb_code et_pb_code_3\">\n\t\t\t\t\n\t\t\t\t\n\t\t\t\t\n\t\t\t\t\n\t\t\t\t<div class=\"et_pb_code_inner\"><h2>Protecci\u00f3n del patrimonio y rehabilitaci\u00f3n energ\u00e9tica<\/h2>\n\n\nTambi\u00e9n en la protecci\u00f3n del patrimonio, la modernizaci\u00f3n energ\u00e9tica est\u00e1 cobrando cada vez m\u00e1s importancia. \nSin embargo, aqu\u00ed se trata menos de una transformaci\u00f3n completa del edificio \ny m\u00e1s de una mejora sensible de la eficiencia energ\u00e9tica.\n\n\n\nPor ejemplo, una buena visi\u00f3n general de las posibilidades de rehabilitaci\u00f3n energ\u00e9tica en edificios existentes \nla ofrece la \n<a href=\"https:\/\/www.denkmalschutz.de\/ueber-uns\/die-deutsche-stiftung-denkmalschutz\/nachhaltigkeit\/warum-denkmalschutz-ein-synonym-fuer-nachhaltigkeit-ist.html\" target=\"_blank\" rel=\"noopener\">\nFundaci\u00f3n Alemana para la Protecci\u00f3n del Patrimonio\n<\/a>. \nMuestra qu\u00e9 medidas pueden ser adecuadas en edificios existentes \ny c\u00f3mo se puede apoyar a los propietarios en la planificaci\u00f3n.\n\n<\/div>\n\t\t\t<\/div><div class=\"et_pb_module et_d4_element et_pb_image et_pb_image_2\">\n\t\t\t\t\n\t\t\t\t\n\t\t\t\t\n\t\t\t\t\n\t\t\t\t<span class=\"et_pb_image_wrap \"><img decoding=\"async\" width=\"1536\" height=\"1024\" src=\"https:\/\/test.rebotherm.de\/wp-content\/uploads\/2026\/03\/3-Vorteile-einer-Carbon-Flaechenheizung-im-Denkmalschutz.jpg\" alt=\"3-ventajas-de-una-calefaccion-de-superficie-de-carbono-en-la-proteccion-del-patrimonio\" title=\"3 ventajas de una calefacci\u00f3n de superficie de carbono en la protecci\u00f3n del patrimonio\" srcset=\"https:\/\/test.rebotherm.de\/wp-content\/uploads\/2026\/03\/3-Vorteile-einer-Carbon-Flaechenheizung-im-Denkmalschutz.jpg 1536w, https:\/\/test.rebotherm.de\/wp-content\/uploads\/2026\/03\/3-Vorteile-einer-Carbon-Flaechenheizung-im-Denkmalschutz-1280x853.jpg 1280w, https:\/\/test.rebotherm.de\/wp-content\/uploads\/2026\/03\/3-Vorteile-einer-Carbon-Flaechenheizung-im-Denkmalschutz-980x653.jpg 980w, https:\/\/test.rebotherm.de\/wp-content\/uploads\/2026\/03\/3-Vorteile-einer-Carbon-Flaechenheizung-im-Denkmalschutz-480x320.jpg 480w\" sizes=\"(min-width: 0px) and (max-width: 480px) 480px, (min-width: 481px) and (max-width: 980px) 980px, (min-width: 981px) and (max-width: 1280px) 1280px, (min-width: 1281px) 1536px, 100vw\" class=\"wp-image-41452\" \/><\/span>\n\t\t\t<\/div><div class=\"et_pb_module et_d4_element et_pb_code et_pb_code_4\">\n\t\t\t\t\n\t\t\t\t\n\t\t\t\t\n\t\t\t\t\n\t\t\t\t<div class=\"et_pb_code_inner\"><section style=\"background:#f7f7f7;border:1px solid #e5e5e5;border-radius:14px;padding:20px;margin-top:28px;\">\n\n<p style=\"margin:0;font-size:16px;line-height:1.7;\">\nEsta p\u00e1gina pertenece a nuestro \u00e1rea tem\u00e1tica \n<a href=\"https:\/\/test.rebotherm.de\/es\/calefaccion-para-edificios-antiguos-sin-radiadores\/\" style=\"color:#009DDF;font-weight:600;text-decoration:none;\">\nCalefacci\u00f3n para edificios antiguos sin radiadores\n<\/a>. \nAll\u00ed mostramos distintas soluciones de calefacci\u00f3n para edificios existentes, \ntambi\u00e9n para edificios sensibles como casas protegidas como patrimonio, \nen las que se debe intervenir lo menos posible en la estructura hist\u00f3rica del edificio.\n\n\n<\/section><\/div>\n\t\t\t<\/div><div class=\"et_pb_module et_d4_element et_pb_code et_pb_code_5\">\n\t\t\t\t\n\t\t\t\t\n\t\t\t\t\n\t\t\t\t\n\t\t\t\t<div class=\"et_pb_code_inner\"><h2>Conclusi\u00f3n: cada calefacci\u00f3n en un edificio protegido necesita una soluci\u00f3n individual<\/h2>\n\n\nNo existe una soluci\u00f3n de calefacci\u00f3n universal para edificios protegidos como patrimonio. \nCada inmueble tiene sus propias condiciones constructivas, t\u00e9cnicas y legales. \nPor eso es especialmente importante analizar con precisi\u00f3n la estructura existente \ny desarrollar una estrategia de calefacci\u00f3n que se adapte al edificio.\n\n\n\nUna planificaci\u00f3n cuidadosa ayuda a conciliar tanto la protecci\u00f3n del patrimonio como \nel deseo de contar con tecnolog\u00eda de calefacci\u00f3n moderna.\n\n\n\n\n<div style=\"background:#f7f7f7;border:1px solid #e5e5e5;border-radius:14px;padding:22px;margin-top:28px;text-align:center;\">\n\n<h3 style=\"margin-top:0;\">\u00bfTiene alguna pregunta sobre la calefacci\u00f3n en una casa protegida como patrimonio?<\/h3>\n\n\nSi no est\u00e1 seguro de qu\u00e9 soluci\u00f3n de calefacci\u00f3n es posible en su edificio, \npuede enviarnos una breve consulta sin compromiso.\n\n\n<a href=\"https:\/\/test.rebotherm.de\/es\/kontakt\/\" style=\"display:inline-block;background:#009DDF;color:#fff;padding:14px 26px;border-radius:10px;text-decoration:none;font-weight:700;\">\nSolicitar asesoramiento sin compromiso\n<\/a>\n\n<\/div>\n\n\n\n<h2 style=\"margin-top:40px;\">Preguntas frecuentes sobre la calefacci\u00f3n en una casa protegida como patrimonio<\/h2>\n\n\n<h3>\u00bfSe permite una nueva calefacci\u00f3n en un edificio protegido como patrimonio?<\/h3>\n\n\nEn principio, s\u00ed. Sin embargo, los cambios a menudo deben coordinarse con la autoridad de protecci\u00f3n del patrimonio \n, especialmente si afectan al aspecto exterior del edificio. \n\n\n\n<h3>\u00bfQu\u00e9 sistemas de calefacci\u00f3n son especialmente adecuados para edificios hist\u00f3ricos?<\/h3>\n\n\nA menudo son adecuadas las soluciones que pueden integrarse discretamente en el edificio \ny no requieren grandes cambios constructivos.\n\n\n\n<h3>\u00bfPuede modernizarse energ\u00e9ticamente una casa protegida como patrimonio?<\/h3>\n\n\nS\u00ed, aunque por lo general de forma gradual y con especial consideraci\u00f3n por la estructura hist\u00f3rica. \nPor eso, la planificaci\u00f3n siempre debe realizarse junto con profesionales.\n\n\n<\/div>\n\t\t\t<\/div>\n\t\t\t<\/div>\n\t\t\t\t\n\t\t\t\t\n\t\t\t\t\n\t\t\t\t\n\t\t\t<\/div>\n\t\t\t\t\n\t\t\t\t\n\t\t\t<\/div>\n","protected":false},"excerpt":{"rendered":"","protected":false},"author":1,"featured_media":0,"parent":0,"menu_order":0,"comment_status":"closed","ping_status":"closed","template":"","meta":{"_et_pb_use_builder":"on","_et_pb_old_content":"","_et_gb_content_width":"","footnotes":""},"class_list":["post-41596","page","type-page","status-publish","hentry"],"_links":{"self":[{"href":"https:\/\/test.rebotherm.de\/es\/wp-json\/wp\/v2\/pages\/41596","targetHints":{"allow":["GET"]}}],"collection":[{"href":"https:\/\/test.rebotherm.de\/es\/wp-json\/wp\/v2\/pages"}],"about":[{"href":"https:\/\/test.rebotherm.de\/es\/wp-json\/wp\/v2\/types\/page"}],"author":[{"embeddable":true,"href":"https:\/\/test.rebotherm.de\/es\/wp-json\/wp\/v2\/users\/1"}],"replies":[{"embeddable":true,"href":"https:\/\/test.rebotherm.de\/es\/wp-json\/wp\/v2\/comments?post=41596"}],"version-history":[{"count":6,"href":"https:\/\/test.rebotherm.de\/es\/wp-json\/wp\/v2\/pages\/41596\/revisions"}],"predecessor-version":[{"id":42647,"href":"https:\/\/test.rebotherm.de\/es\/wp-json\/wp\/v2\/pages\/41596\/revisions\/42647"}],"wp:attachment":[{"href":"https:\/\/test.rebotherm.de\/es\/wp-json\/wp\/v2\/media?parent=41596"}],"curies":[{"name":"wp","href":"https:\/\/api.w.org\/{rel}","templated":true}]}}