{"id":39320,"date":"2025-12-02T22:22:10","date_gmt":"2025-12-02T21:22:10","guid":{"rendered":"https:\/\/test.rebotherm.de\/estructura-de-suelo-con-aerogel\/"},"modified":"2025-12-02T22:27:09","modified_gmt":"2025-12-02T21:27:09","slug":"estructura-de-suelo-con-aerogel","status":"publish","type":"page","link":"https:\/\/test.rebotherm.de\/es\/estructura-de-suelo-con-aerogel\/","title":{"rendered":"Estructura de suelo con aerogel"},"content":{"rendered":"<div class=\"et_d4_element et_pb_section et_pb_section_0  et_pb_css_mix_blend_mode et_section_regular et_block_section\" >\n\t\t\t\t\n\t\t\t\t\n\t\t\t\t\n\t\t\t\t\n\t\t\t\t\n\t\t\t\t\n\t\t\t\t<div class=\"et_d4_element et_pb_row et_pb_row_0  et_pb_css_mix_blend_mode et_block_row\">\n\t\t\t\t<div class=\"et_d4_element et_pb_column_4_4 et_pb_column et_pb_column_0  et_pb_css_mix_blend_mode et-last-child et_block_column\">\n\t\t\t\t\n\t\t\t\t\n\t\t\t\t\n\t\t\t\t\n\t\t\t\t<div class=\"et_pb_module et_d4_element et_pb_text et_pb_text_0  et_pb_text_align_left et_pb_bg_layout_light\">\n\t\t\t\t\n\t\t\t\t\n\t\t\t\t\n\t\t\t\t\n\t\t\t\t<div class=\"et_pb_text_inner\"><h1>Estructura de suelo con aerogel: m\u00e1ximo rendimiento de aislamiento con una altura m\u00ednima<\/h1>\n<p>Una <strong>estructura de suelo con aerogel<\/strong> ofrece una de las formas m\u00e1s eficientes de lograr un excelente rendimiento de aislamiento con una altura de construcci\u00f3n m\u00ednima. Especialmente en renovaciones, edificios antiguos y reformas con espacio limitado, una estructura de suelo con aerogel es ideal, ya que el aerogel permite un aislamiento t\u00e9rmico excepcional a pesar de su grosor de material extremadamente bajo. En combinaci\u00f3n con un moderno sistema de calefacci\u00f3n por suelo radiante en seco, se crea una estructura de suelo energ\u00e9ticamente eficiente, duradera y estable.  <\/p><\/div>\n\t\t\t<\/div>\n\t\t\t<\/div>\n\t\t\t\t\n\t\t\t\t\n\t\t\t\t\n\t\t\t\t\n\t\t\t<\/div><div class=\"et_d4_element et_pb_row et_pb_row_1  et_pb_css_mix_blend_mode et_block_row\">\n\t\t\t\t<div class=\"et_d4_element et_pb_column_4_4 et_pb_column et_pb_column_1  et_pb_css_mix_blend_mode et-last-child et_block_column\">\n\t\t\t\t\n\t\t\t\t\n\t\t\t\t\n\t\t\t\t\n\t\t\t\t<div class=\"et_pb_module et_d4_element et_pb_text et_pb_text_1  et_pb_text_align_left et_pb_bg_layout_light\">\n\t\t\t\t\n\t\t\t\t\n\t\t\t\t\n\t\t\t\t\n\t\t\t\t<div class=\"et_pb_text_inner\"><h2>\u00bfQu\u00e9 es el aislamiento de aerogel y por qu\u00e9 es ideal para el suelo?<\/h2>\n<p>El aerogel es uno de los materiales de aislamiento m\u00e1s modernos y de alto rendimiento del mundo. Debido a su conductividad t\u00e9rmica extremadamente baja (\u03bb \u2248 0,014\u20130,018 W\/mK), es perfecto para <g id=\"gid_0\">estructuras de suelo con baja altura de construcci\u00f3n<\/g>. Las esteras aislantes son flexibles, altamente efectivas e hidr\u00f3fugas, ideales para renovaciones, edificios antiguos y modernizaciones energ\u00e9ticas.  <\/p>\n<ul>\n<li>rendimiento de aislamiento extremadamente alto<\/li>\n<li>ideal para alturas de construcci\u00f3n bajas<\/li>\n<li>hidr\u00f3fobo (no absorbe la humedad)<\/li>\n<li>F\u00e1cil de procesar<\/li>\n<li>complemento \u00f3ptimo para sistemas de calefacci\u00f3n por suelo radiante en seco<\/li>\n<\/ul><\/div>\n\t\t\t<\/div>\n\t\t\t<\/div>\n\t\t\t\t\n\t\t\t\t\n\t\t\t\t\n\t\t\t\t\n\t\t\t<\/div><div class=\"et_d4_element et_pb_row et_pb_row_2  et_pb_css_mix_blend_mode et_block_row\">\n\t\t\t\t<div class=\"et_d4_element et_pb_column_4_4 et_pb_column et_pb_column_2  et_pb_css_mix_blend_mode et-last-child et_block_column\">\n\t\t\t\t\n\t\t\t\t\n\t\t\t\t\n\t\t\t\t\n\t\t\t\t<div class=\"et_pb_module et_d4_element et_pb_text et_pb_text_2  et_pb_text_align_left et_pb_bg_layout_light\">\n\t\t\t\t\n\t\t\t\t\n\t\t\t\t\n\t\t\t\t\n\t\t\t\t<div class=\"et_pb_text_inner\"><h2>El aislamiento de aerogel no es resistente a la compresi\u00f3n: por qu\u00e9 es importante<\/h2>\n<p>Para su uso bajo un sistema de calefacci\u00f3n por suelo radiante, es fundamental que el <strong>aerogel no sea resistente a la presi\u00f3n<\/strong>. Solo asume la funci\u00f3n de aislamiento. Para que el suelo permanezca estable a largo plazo, siempre se debe instalar una <strong>capa de distribuci\u00f3n de carga estable a la presi\u00f3n<\/strong> sobre el aerogel.  <\/p>\n<p>Las capas adecuadas son, por ejemplo:<\/p>\n<ul>\n<li>Placas de solado seco (p. ej., Fermacell)<\/li>\n<li>Paneles OSB<\/li>\n<li>Paneles de sistema seco propios del sistema de calefacci\u00f3n por suelo radiante<\/li>\n<\/ul>\n<p>Solo as\u00ed se distribuye la carga de manera uniforme y el suelo permanece permanentemente resistente.<\/p><\/div>\n\t\t\t<\/div>\n\t\t\t<\/div>\n\t\t\t\t\n\t\t\t\t\n\t\t\t\t\n\t\t\t\t\n\t\t\t<\/div><div class=\"et_d4_element et_pb_row et_pb_row_3  et_pb_css_mix_blend_mode et_block_row\">\n\t\t\t\t<div class=\"et_d4_element et_pb_column_4_4 et_pb_column et_pb_column_3  et_pb_css_mix_blend_mode et-last-child et_block_column\">\n\t\t\t\t\n\t\t\t\t\n\t\t\t\t\n\t\t\t\t\n\t\t\t\t<div class=\"et_pb_module et_d4_element et_pb_text et_pb_text_3  et_pb_text_align_left et_pb_bg_layout_light\">\n\t\t\t\t\n\t\t\t\t\n\t\t\t\t\n\t\t\t\t\n\t\t\t\t<div class=\"et_pb_text_inner\"><h2>Estructura de la capa en detalle: as\u00ed es como se ve una estructura de suelo moderna con aerogel<\/h2><\/div>\n\t\t\t<\/div>\n\t\t\t<\/div>\n\t\t\t\t\n\t\t\t\t\n\t\t\t\t\n\t\t\t\t\n\t\t\t<\/div><div class=\"et_d4_element et_pb_row et_pb_row_4  et_pb_css_mix_blend_mode et_block_row\">\n\t\t\t\t<div class=\"et_d4_element et_pb_column_1_2 et_pb_column et_pb_column_4  et_pb_css_mix_blend_mode et_block_column\">\n\t\t\t\t\n\t\t\t\t\n\t\t\t\t\n\t\t\t\t\n\t\t\t\t<div class=\"et_pb_module et_d4_element et_pb_text et_pb_text_4  et_pb_text_align_left et_pb_bg_layout_light\">\n\t\t\t\t\n\t\t\t\t\n\t\t\t\t\n\t\t\t\t\n\t\t\t\t<div class=\"et_pb_text_inner\"><h2><\/h2>\n<p>Para su uso bajo un sistema seco, recomendamos la siguiente estructura:<\/p>\n<h2 data-start=\"491\" data-end=\"572\"><strong data-start=\"491\" data-end=\"530\">Revestimiento de suelo<\/strong> (vinilo, parqu\u00e9, baldosa)<\/h2>\n<h2 data-start=\"573\" data-end=\"634\"><strong data-start=\"573\" data-end=\"592\">Compuesto autonivelante<\/strong><\/h2>\n<h2 data-start=\"635\" data-end=\"715\"><strong data-start=\"635\" data-end=\"673\">L\u00e1mina calefactora de carbono<\/strong> (calefacci\u00f3n por infrarrojos)<\/h2>\n<h2 data-start=\"716\" data-end=\"789\"><strong data-start=\"716\" data-end=\"747\">Capa adhesiva \/ enlucido<\/strong><\/h2>\n<h2 data-start=\"790\" data-end=\"882\"><strong data-start=\"790\" data-end=\"840\">Capa de distribuci\u00f3n de carga<\/strong> (OSB \/ solado seco)<\/h2>\n<h2 data-start=\"883\" data-end=\"966\"><strong data-start=\"883\" data-end=\"924\">Aislamiento de aerogel<\/strong> (de una o dos capas)<\/h2>\n<p data-start=\"967\" data-end=\"992\"><strong data-start=\"967\" data-end=\"992\">Forjado en bruto \/ subsuelo<\/strong><\/p>\n<p data-start=\"967\" data-end=\"992\"><strong data-start=\"967\" data-end=\"992\"><br \/><\/strong>Esta estructura garantiza una alta eficiencia energ\u00e9tica, estabilidad y durabilidad, incluso con una altura de construcci\u00f3n extremadamente limitada. Los excelentes valores de aislamiento evitan una liberaci\u00f3n de calor no deseada hacia abajo, mientras que la capa de solado seco u OSB distribuye la carga de manera fiable y protege de forma \u00f3ptima la l\u00e1mina calefactora de carbono. <\/p>\n<p>&nbsp;<\/p>\n<p>&nbsp;<\/p><\/div>\n\t\t\t<\/div>\n\t\t\t<\/div><div class=\"et_d4_element et_pb_column_1_2 et_pb_column et_pb_column_5  et_pb_css_mix_blend_mode et-last-child et_block_column\">\n\t\t\t\t\n\t\t\t\t\n\t\t\t\t\n\t\t\t\t\n\t\t\t\t<div class=\"et_pb_module et_d4_element et_pb_code et_pb_code_0\">\n\t\t\t\t\n\t\t\t\t\n\t\t\t\t\n\t\t\t\t\n\t\t\t\t<div class=\"et_pb_code_inner\"><svg  role=\"img\"  aria-label=\"Aerogel Fu\u00dfbodenaufbau \u2013 schematische Darstellung der Bodenschichten\"  xmlns=\"http:\/\/www.w3.org\/2000\/svg\"  viewBox=\"0 0 800 900\"  width=\"100%\"  preserveAspectRatio=\"xMidYMid meet\"  style=\"display:block; width:100%; height:auto; margin:0 auto;\">\n  <style>\n    text {\n      font-family: Arial, system-ui, -apple-system, BlinkMacSystemFont, sans-serif;\n      font-size: 20px;\n      fill: #222;\n    }\n  <\/style>\n\n  <!-- Bodenbelag -->\n  <rect x=\"50\" y=\"40\" width=\"700\" height=\"90\" rx=\"12\" ry=\"12\" fill=\"#f5f5f5\" stroke=\"#bdbdbd\" stroke-width=\"2\"><\/rect>\n  <text x=\"70\" y=\"95\">Revestimiento de suelo (vinilo, parqu\u00e9, baldosa)<\/text>\n\n  <!-- Ausgleichsmasse -->\n  <rect x=\"50\" y=\"160\" width=\"700\" height=\"90\" rx=\"12\" ry=\"12\" fill=\"#eeeeee\" stroke=\"#bdbdbd\" stroke-width=\"2\"><\/rect>\n  <text x=\"70\" y=\"215\">Compuesto autonivelante<\/text>\n\n  <!-- Carbon-Heizfolie -->\n  <rect x=\"50\" y=\"280\" width=\"700\" height=\"90\" rx=\"12\" ry=\"12\" fill=\"#ffe0b2\" stroke=\"#ffb74d\" stroke-width=\"2\"><\/rect>\n  <text x=\"70\" y=\"335\">L\u00e1mina calefactora de carbono (calefacci\u00f3n por infrarrojos)<\/text>\n\n  <!-- Kleberschicht \/ Spachtelung -->\n  <rect x=\"50\" y=\"400\" width=\"700\" height=\"90\" rx=\"12\" ry=\"12\" fill=\"#e8f5e9\" stroke=\"#a5d6a7\" stroke-width=\"2\"><\/rect>\n  <text x=\"70\" y=\"455\">Capa adhesiva \/ enlucido<\/text>\n\n  <!-- Lastverteilende Schicht -->\n  <rect x=\"50\" y=\"520\" width=\"700\" height=\"90\" rx=\"12\" ry=\"12\" fill=\"#e3f2fd\" stroke=\"#90caf9\" stroke-width=\"2\"><\/rect>\n  <text x=\"70\" y=\"575\">Capa de distribuci\u00f3n de carga (OSB \/ solado seco)<\/text>\n\n  <!-- Aerogel-D\u00e4mmung -->\n  <rect x=\"50\" y=\"640\" width=\"700\" height=\"90\" rx=\"12\" ry=\"12\" fill=\"#ede7f6\" stroke=\"#b39ddb\" stroke-width=\"2\"><\/rect>\n  <text x=\"70\" y=\"695\">Aislamiento de aerogel (1\u20132 capas)<\/text>\n\n  <!-- Rohdecke \/ Untergrund -->\n  <rect x=\"50\" y=\"760\" width=\"700\" height=\"90\" rx=\"12\" ry=\"12\" fill=\"#e0e0e0\" stroke=\"#9e9e9e\" stroke-width=\"2\"><\/rect>\n  <text x=\"70\" y=\"815\">Forjado en bruto \/ subsuelo<\/text>\n<\/svg>\n<\/div>\n\t\t\t<\/div>\n\t\t\t<\/div>\n\t\t\t\t\n\t\t\t\t\n\t\t\t\t\n\t\t\t\t\n\t\t\t<\/div><div class=\"et_d4_element et_pb_row et_pb_row_5  et_pb_css_mix_blend_mode et_block_row\">\n\t\t\t\t<div class=\"et_d4_element et_pb_column_4_4 et_pb_column et_pb_column_6  et_pb_css_mix_blend_mode et-last-child et_block_column\">\n\t\t\t\t\n\t\t\t\t\n\t\t\t\t\n\t\t\t\t\n\t\t\t\t<div class=\"et_pb_module et_d4_element et_pb_text et_pb_text_5  et_pb_text_align_left et_pb_bg_layout_light\">\n\t\t\t\t\n\t\t\t\t\n\t\t\t\t\n\t\t\t\t\n\t\t\t\t<div class=\"et_pb_text_inner\"><h2>Aislamiento de aerogel doble: m\u00e1s rendimiento de aislamiento en poco espacio<\/h2>\n<p>Un <strong>aislamiento de aerogel de dos capas<\/strong> aumenta significativamente el efecto aislante sin cambiar masivamente la altura del suelo. La resistencia a la presi\u00f3n permanece sin cambios, por lo que la <strong>capa de distribuci\u00f3n de carga sigue siendo absolutamente necesaria<\/strong>. <\/p>\n<p>Si se deben alcanzar valores de aislamiento muy altos, el uso de dos capas de aerogel suele ser una soluci\u00f3n ideal, especialmente en renovaciones energ\u00e9ticas y proyectos con requisitos estrictos. <a href=\"https:\/\/de.wikipedia.org\/wiki\/Aerogel\" target=\"_blank\" rel=\"nofollow noopener\">M\u00e1s informaci\u00f3n sobre el aerogel<\/a><\/div>\n\t\t\t<\/div>\n\t\t\t<\/div>\n\t\t\t\t\n\t\t\t\t\n\t\t\t\t\n\t\t\t\t\n\t\t\t<\/div><div class=\"et_d4_element et_pb_row et_pb_row_6  et_pb_css_mix_blend_mode et_block_row\">\n\t\t\t\t<div class=\"et_d4_element et_pb_column_4_4 et_pb_column et_pb_column_7  et_pb_css_mix_blend_mode et-last-child et_block_column\">\n\t\t\t\t\n\t\t\t\t\n\t\t\t\t\n\t\t\t\t\n\t\t\t\t<div class=\"et_pb_module et_d4_element et_pb_text et_pb_text_6  et_pb_text_align_left et_pb_bg_layout_light\">\n\t\t\t\t\n\t\t\t\t\n\t\t\t\t\n\t\t\t\t\n\t\t\t\t<div class=\"et_pb_text_inner\"><h2>\u00bfEs compatible el aislamiento de aerogel con los sistemas de calefacci\u00f3n por suelo radiante en seco?<\/h2>\n<p>En la mayor\u00eda de los casos, la <strong>estructura de suelo con aerogel<\/strong> se puede combinar con los sistemas de calefacci\u00f3n por suelo radiante en seco comunes. Es importante que las placas del sistema: <\/p>\n<ul>\n<li>sean resistentes a la presi\u00f3n y autoportantes<\/li>\n<li>distribuyan la carga por toda la superficie<\/li>\n<li>cubran completamente el aislamiento de aerogel<\/li>\n<\/ul>\n<p>Estaremos encantados de comprobar si el sistema que ha planeado o ya tiene se puede combinar de forma \u00f3ptima con el aerogel.<\/p><\/div>\n\t\t\t<\/div>\n\t\t\t<\/div>\n\t\t\t\t\n\t\t\t\t\n\t\t\t\t\n\t\t\t\t\n\t\t\t<\/div><div class=\"et_d4_element et_pb_row et_pb_row_7  et_pb_css_mix_blend_mode et_block_row\">\n\t\t\t\t<div class=\"et_d4_element et_pb_column_4_4 et_pb_column et_pb_column_8  et_pb_css_mix_blend_mode et-last-child et_block_column\">\n\t\t\t\t\n\t\t\t\t\n\t\t\t\t\n\t\t\t\t\n\t\t\t\t<div class=\"et_pb_module et_d4_element et_pb_text et_pb_text_7  et_pb_text_align_left et_pb_bg_layout_light\">\n\t\t\t\t\n\t\t\t\t\n\t\t\t\t\n\t\t\t\t\n\t\t\t\t<div class=\"et_pb_text_inner\"><h2>Sus ventajas con el aerogel en la estructura del suelo<\/h2><\/div>\n\t\t\t<\/div>\n\t\t\t<\/div>\n\t\t\t\t\n\t\t\t\t\n\t\t\t\t\n\t\t\t\t\n\t\t\t<\/div><div class=\"et_d4_element et_pb_row et_pb_row_8  et_pb_css_mix_blend_mode et_block_row\">\n\t\t\t\t<div class=\"et_d4_element et_pb_column_1_2 et_pb_column et_pb_column_9  et_pb_css_mix_blend_mode et_block_column\">\n\t\t\t\t\n\t\t\t\t\n\t\t\t\t\n\t\t\t\t\n\t\t\t\t<div class=\"et_pb_module et_d4_element et_pb_text et_pb_text_8  et_pb_text_align_left et_pb_bg_layout_light\">\n\t\t\t\t\n\t\t\t\t\n\t\t\t\t\n\t\t\t\t\n\t\t\t\t<div class=\"et_pb_text_inner\"><ul>\n<li>\u2714 excelentes valores de aislamiento a pesar de la baja altura de construcci\u00f3n<\/li>\n<li>\u2714 ideal para renovaciones y reformas<\/li>\n<li>\u2714 perfecto para edificios antiguos con poco espacio<\/li>\n<\/ul><\/div>\n\t\t\t<\/div>\n\t\t\t<\/div><div class=\"et_d4_element et_pb_column_1_2 et_pb_column et_pb_column_10  et_pb_css_mix_blend_mode et-last-child et_block_column\">\n\t\t\t\t\n\t\t\t\t\n\t\t\t\t\n\t\t\t\t\n\t\t\t\t<div class=\"et_pb_module et_d4_element et_pb_text et_pb_text_9  et_pb_text_align_left et_pb_bg_layout_light\">\n\t\t\t\t\n\t\t\t\t\n\t\t\t\t\n\t\t\t\t\n\t\t\t\t<div class=\"et_pb_text_inner\"><ul>\n<li>\u2714 compatible con sistemas secos modernos<\/li>\n<li>\u2714 duradero, hidr\u00f3fobo y energ\u00e9ticamente eficiente<\/li>\n<li>\u2714 ideal para sistemas de calefacci\u00f3n con baja temperatura de impulsi\u00f3n<\/li>\n<\/ul><\/div>\n\t\t\t<\/div>\n\t\t\t<\/div>\n\t\t\t\t\n\t\t\t\t\n\t\t\t\t\n\t\t\t\t\n\t\t\t<\/div><div class=\"et_d4_element et_pb_row et_pb_row_9  et_pb_css_mix_blend_mode et_block_row\">\n\t\t\t\t<div class=\"et_d4_element et_pb_column_4_4 et_pb_column et_pb_column_11  et_pb_css_mix_blend_mode et-last-child et_block_column\">\n\t\t\t\t\n\t\t\t\t\n\t\t\t\t\n\t\t\t\t\n\t\t\t\t<div class=\"et_pb_module et_d4_element et_pb_text et_pb_text_10  et_pb_text_align_left et_pb_bg_layout_light\">\n\t\t\t\t\n\t\t\t\t\n\t\t\t\t\n\t\t\t\t\n\t\t\t\t<div class=\"et_pb_text_inner\"><h2>Conclusi\u00f3n: el aislamiento de aerogel es la mejor soluci\u00f3n para estructuras de suelo delgadas<\/h2>\n<p>La <strong>estructura de suelo con aerogel<\/strong> ofrece una combinaci\u00f3n \u00fanica de rendimiento de aislamiento extremo, bajo grosor y alta compatibilidad con los sistemas modernos de calefacci\u00f3n por suelo radiante. Para renovaciones, modernizaciones y proyectos con altura limitada, el aerogel es la soluci\u00f3n ideal: eficiente, segura y con garant\u00eda de futuro. <\/p>\n<p>Estaremos encantados de asesorarle personalmente y crear la estructura de suelo adecuada para su proyecto.<\/p><\/div>\n\t\t\t<\/div><div class=\"et_pb_button_module_wrapper et_pb_button_0_wrapper et_pb_button_alignment_center et_pb_module \">\n\t\t\t\t<a class=\"et_pb_button et_d4_element et_pb_button_0 et_pb_bg_layout_light et_block_module\" href=\"https:\/\/test.rebotherm.de\/es\/contacta-con-nosotros\/\">Asesoramiento ahora<\/a>\n\t\t\t<\/div>\n\t\t\t<\/div>\n\t\t\t\t\n\t\t\t\t\n\t\t\t\t\n\t\t\t\t\n\t\t\t<\/div><div class=\"et_d4_element et_pb_row et_pb_row_10  et_pb_css_mix_blend_mode et_block_row\">\n\t\t\t\t<div class=\"et_d4_element et_pb_column_4_4 et_pb_column et_pb_column_12  et_pb_css_mix_blend_mode et-last-child et_block_column\">\n\t\t\t\t\n\t\t\t\t\n\t\t\t\t\n\t\t\t\t\n\t\t\t\t<div class=\"et_pb_module et_d4_element et_pb_text et_pb_text_11  et_pb_text_align_left et_pb_bg_layout_light\">\n\t\t\t\t\n\t\t\t\t\n\t\t\t\t\n\t\t\t\t\n\t\t\t\t<div class=\"et_pb_text_inner\"><h2>FAQ: preguntas frecuentes sobre la estructura de suelo con aerogel<\/h2>\n<h3>\u00bfPuedo colocar aerogel directamente debajo del revestimiento del suelo?<\/h3>\n<p>No. <strong>El aerogel nunca debe cargarse directamente<\/strong>. Solo asume la funci\u00f3n de aislamiento y siempre debe estar protegido por una <g id=\"gid_1\">capa de distribuci\u00f3n de carga estable a la presi\u00f3n<\/g> (p. ej., solado seco u OSB). Solo entonces siguen el sistema seco, la calefacci\u00f3n por suelo radiante y el revestimiento del suelo.  <\/p>\n<h3>\u00bfEs adecuado el aislamiento de aerogel para renovaciones con baja altura de construcci\u00f3n?<\/h3>\n<p>S\u00ed, precisamente para eso es ideal el aerogel. Debido a la conductividad t\u00e9rmica extremadamente baja, se logra un rendimiento de aislamiento muy alto con un grosor m\u00ednimo. Especialmente en renovaciones en edificios existentes, donde las puertas, las escaleras o las alturas de las habitaciones son limitadas, el <strong>aislamiento de aerogel en la estructura del suelo<\/strong> es una soluci\u00f3n perfecta.  <\/p>\n<h3>\u00bfPuedo colocar aislamiento de aerogel de doble capa debajo de un sistema de calefacci\u00f3n por suelo radiante?<\/h3>\n<p>S\u00ed, es posible una capa doble y aumenta significativamente el efecto aislante. Sin embargo, es importante: la resistencia a la presi\u00f3n no aumenta como resultado. La <strong>capa de distribuci\u00f3n de carga sigue siendo absolutamente necesaria<\/strong> para que la estructura del suelo permanezca estable de forma permanente.  <\/p>\n<h3>\u00bfFunciona el aislamiento de aerogel con cualquier sistema seco para calefacci\u00f3n por suelo radiante?<\/h3>\n<p>Por lo general, el aerogel se puede combinar con la mayor\u00eda de los sistemas secos, siempre que las placas del sistema sean resistentes a la presi\u00f3n y distribuyan la carga por toda la superficie. Recomendamos comprobar brevemente la compatibilidad; estaremos encantados de ayudarle y evaluar su estructura de suelo concreta. <\/p>\n<h3>\u00bfEs el aislamiento de aerogel sensible a la humedad?<\/h3>\n<p>No. El aerogel es hidr\u00f3fobo y no absorbe la humedad. Sin embargo, el aislamiento debe instalarse correctamente y protegerse contra la tensi\u00f3n mec\u00e1nica. En las estructuras de suelo habituales, el aerogel est\u00e1 completamente encerrado por otras capas.   <\/p>\n<h3>\u00bfPuedo ahorrar energ\u00eda y costes de calefacci\u00f3n con el aislamiento de aerogel?<\/h3>\n<p>S\u00ed. Debido al alto rendimiento de aislamiento, un <strong>aislamiento de aerogel en la estructura del suelo<\/strong> reduce significativamente las p\u00e9rdidas de calor. En combinaci\u00f3n con un sistema de calefacci\u00f3n por suelo radiante en seco, la temperatura de impulsi\u00f3n a menudo se puede reducir, lo que a largo plazo conduce a menores costes de calefacci\u00f3n y una mayor eficiencia.  <\/p>\n<h3>\u00bfPara qu\u00e9 proyectos es especialmente adecuado el aislamiento de aerogel?<\/h3>\n<p>El aerogel es especialmente adecuado para <strong>renovaciones, edificios antiguos y proyectos con baja altura de construcci\u00f3n<\/strong>, por ejemplo, en modernizaciones de apartamentos, casas unifamiliares, \u00e1ticos o \u00e1reas de uso comercial en las que cada mil\u00edmetro de altura del suelo cuenta.<\/p><\/div>\n\t\t\t<\/div>\n\t\t\t<\/div>\n\t\t\t\t\n\t\t\t\t\n\t\t\t\t\n\t\t\t\t\n\t\t\t<\/div>\n\t\t\t\t\n\t\t\t\t\n\t\t\t<\/div>\n","protected":false},"excerpt":{"rendered":"","protected":false},"author":1,"featured_media":0,"parent":0,"menu_order":0,"comment_status":"closed","ping_status":"closed","template":"","meta":{"_et_pb_use_builder":"on","_et_pb_old_content":"","_et_gb_content_width":"","footnotes":""},"class_list":["post-39320","page","type-page","status-publish","hentry"],"_links":{"self":[{"href":"https:\/\/test.rebotherm.de\/es\/wp-json\/wp\/v2\/pages\/39320","targetHints":{"allow":["GET"]}}],"collection":[{"href":"https:\/\/test.rebotherm.de\/es\/wp-json\/wp\/v2\/pages"}],"about":[{"href":"https:\/\/test.rebotherm.de\/es\/wp-json\/wp\/v2\/types\/page"}],"author":[{"embeddable":true,"href":"https:\/\/test.rebotherm.de\/es\/wp-json\/wp\/v2\/users\/1"}],"replies":[{"embeddable":true,"href":"https:\/\/test.rebotherm.de\/es\/wp-json\/wp\/v2\/comments?post=39320"}],"version-history":[{"count":4,"href":"https:\/\/test.rebotherm.de\/es\/wp-json\/wp\/v2\/pages\/39320\/revisions"}],"predecessor-version":[{"id":39334,"href":"https:\/\/test.rebotherm.de\/es\/wp-json\/wp\/v2\/pages\/39320\/revisions\/39334"}],"wp:attachment":[{"href":"https:\/\/test.rebotherm.de\/es\/wp-json\/wp\/v2\/media?parent=39320"}],"curies":[{"name":"wp","href":"https:\/\/api.w.org\/{rel}","templated":true}]}}