{"id":28804,"date":"2024-05-15T13:13:33","date_gmt":"2024-05-15T11:13:33","guid":{"rendered":"https:\/\/test.rebotherm.de\/calentadores\/"},"modified":"2026-03-29T22:37:25","modified_gmt":"2026-03-29T20:37:25","slug":"calentadores","status":"publish","type":"page","link":"https:\/\/test.rebotherm.de\/es\/calentadores\/","title":{"rendered":"Calentadores"},"content":{"rendered":"<p><div class=\"et_d4_element et_pb_section et_pb_section_0  et_pb_css_mix_blend_mode et_section_regular section_has_divider et_pb_bottom_divider et_block_section\" >\n\t\t\t\t\n\t\t\t\t\n\t\t\t\t\n\t\t\t\t\n\t\t\t\t\n\t\t\t\t\n\t\t\t\t<div class=\"et_d4_element et_pb_row et_pb_row_0  et_pb_css_mix_blend_mode et_block_row\">\n\t\t\t\t<div class=\"et_d4_element et_pb_column_4_4 et_pb_column et_pb_column_0  et_pb_css_mix_blend_mode et-last-child et_block_column\">\n\t\t\t\t\n\t\t\t\t\n\t\t\t\t\n\t\t\t\t\n\t\t\t\t<div class=\"et_pb_module et_d4_element et_pb_heading et_pb_heading_0 et_pb_bg_layout_\">\n\t\t\t\t\n\t\t\t\t\n\t\t\t\t\n\t\t\t\t\n\t\t\t\t<div class=\"et_pb_heading_container\"><h1 class=\"et_pb_module_heading\">Calefacci\u00f3n de superficie de carbono de REBOTHERM\u00ae: la alternativa sencilla a la bomba de calor<\/h1><\/div>\n\t\t\t<\/div>\n\t\t\t<\/div>\n\t\t\t\t\n\t\t\t\t\n\t\t\t\t\n\t\t\t\t\n\t\t\t<\/div>\n\t\t\t\t\n\t\t\t\t<div class=\"et_pb_bottom_inside_divider et-no-transition\"><\/div>\n\t\t\t<\/div><div class=\"et_d4_element et_pb_section et_pb_section_1  et_pb_css_mix_blend_mode et_section_regular et_block_section\" >\n\t\t\t\t\n\t\t\t\t\n\t\t\t\t\n\t\t\t\t\n\t\t\t\t\n\t\t\t\t\n\t\t\t\t<div class=\"et_d4_element et_pb_row et_pb_row_1  et_pb_css_mix_blend_mode et_block_row\">\n\t\t\t\t<div class=\"et_d4_element et_pb_column_4_4 et_pb_column et_pb_column_1  et_pb_css_mix_blend_mode et-last-child et_block_column\">\n\t\t\t\t\n\t\t\t\t\n\t\t\t\t\n\t\t\t\t\n\t\t\t\t<div class=\"et_pb_module et_d4_element et_pb_text et_pb_text_0  et_pb_text_align_left et_pb_bg_layout_light\">\n\t\t\t\t\n\t\t\t\t\n\t\t\t\t\n\t\t\t\t\n\t\t\t\t<div class=\"et_pb_text_inner\"><h2 data-start=\"150\" data-end=\"217\">Calefacci\u00f3n sin radiadores: eficiente, sin mantenimiento y de instalaci\u00f3n inmediata<\/h2>\n<p>Con nuestra innovadora calefacci\u00f3n de superficie de carbono, reducir\u00e1 sus costes de calefacci\u00f3n de forma sostenible, sin tecnolog\u00eda compleja y sin gastos de mantenimiento.<\/p>\n<p>Los sistemas de calefacci\u00f3n planos y de bajo consumo proporcionan un agradable calor radiante y pueden integrarse de forma flexible en cualquier estancia; son ideales para edificios antiguos, reformas o construcciones nuevas.<\/p>\n<p>Nuestros sistemas funcionan directamente con electricidad, sin bomba de calor, sin hidr\u00e1ulica compleja y sin mantenimiento. Esto se traduce en menores costes de inversi\u00f3n y una instalaci\u00f3n sencilla. <\/p>\n<p>Especialmente en combinaci\u00f3n con el aislamiento existente o un aislamiento interior espec\u00edfico, la calefacci\u00f3n de superficie de carbono despliega todo su potencial de eficiencia.<\/p>\n<p data-start=\"839\" data-end=\"948\">Descubre ahora las ventajas de la calefacci\u00f3n de carbono de Rebotherm: moderna, econ\u00f3mica y respetuosa con el medio ambiente.<\/p><\/div>\n\t\t\t<\/div><div class=\"et_pb_module et_d4_element et_pb_text et_pb_text_1  et_pb_text_align_left et_pb_bg_layout_light\">\n\t\t\t\t\n\t\t\t\t\n\t\t\t\t\n\t\t\t\t\n\t\t\t\t<div class=\"et_pb_text_inner\"><p>Comprueba por ti mismo cu\u00e1nto puedes ahorrar con tu sistema de calefacci\u00f3n de carbono. Con nuestra calculadora de necesidades de calefacci\u00f3n, puedes averiguar tus costes estimados de calefacci\u00f3n y los <strong data-start=\"670\" data-end=\"707\">costes totales de tu nuevo sistema<\/strong> en unos pocos clics, de forma r\u00e1pida, sencilla y fiable. Pronto estar\u00e1s disfrutando de un calor acogedor en tu casa.  <\/p><\/div>\n\t\t\t<\/div><div class=\"et_pb_button_module_wrapper et_pb_button_0_wrapper  et_pb_module \">\n\t\t\t\t<a class=\"et_pb_button et_d4_element et_pb_button_0 et_pb_bg_layout_light et_block_module\" href=\"https:\/\/test.rebotherm.de\/es\/calculadora-de-necesidades-de-calefaccion\/\">Iniciar la calculadora de necesidades de calefacci\u00f3n<\/a>\n\t\t\t<\/div>\n\t\t\t<\/div>\n\t\t\t\t\n\t\t\t\t\n\t\t\t\t\n\t\t\t\t\n\t\t\t<\/div>\n\t\t\t\t\n\t\t\t\t\n\t\t\t<\/div><div class=\"et_d4_element et_pb_section et_pb_section_2 et_pb_with_background  et_pb_css_mix_blend_mode et_section_regular et_block_section\" >\n\t\t\t\t\n\t\t\t\t\n\t\t\t\t\n\t\t\t\t\n\t\t\t\t\n\t\t\t\t\n\t\t\t\t<div class=\"et_d4_element et_pb_row et_pb_row_2 et_pb_equal_columns  et_pb_css_mix_blend_mode et_block_row\">\n\t\t\t\t<div class=\"et_d4_element et_pb_column_1_2 et_pb_column et_pb_column_2  et_pb_css_mix_blend_mode et_block_column\">\n\t\t\t\t\n\t\t\t\t\n\t\t\t\t\n\t\t\t\t\n\t\t\t\t<div class=\"et_pb_module et_d4_element et_pb_image et_pb_image_0\">\n\t\t\t\t\n\t\t\t\t\n\t\t\t\t\n\t\t\t\t\n\t\t\t\t<a href=\"https:\/\/test.rebotherm.de\/es\/revestimiento-del-calentador\/\"><span class=\"et_pb_image_wrap \"><img decoding=\"async\" width=\"1280\" height=\"720\" src=\"https:\/\/test.rebotherm.de\/wp-content\/uploads\/2024\/05\/rebotherm-heizsysteme-heizfarbe.jpg\" alt=\"Sistemas de calefacci\u00f3n rebotherm Color de la pintura para calefacci\u00f3n\" title=\"rebotherm-heating-systems-heating-paint\" srcset=\"https:\/\/test.rebotherm.de\/wp-content\/uploads\/2024\/05\/rebotherm-heizsysteme-heizfarbe.jpg 1280w, https:\/\/test.rebotherm.de\/wp-content\/uploads\/2024\/05\/rebotherm-heizsysteme-heizfarbe-980x551.jpg 980w, https:\/\/test.rebotherm.de\/wp-content\/uploads\/2024\/05\/rebotherm-heizsysteme-heizfarbe-480x270.jpg 480w\" sizes=\"(min-width: 0px) and (max-width: 480px) 480px, (min-width: 481px) and (max-width: 980px) 980px, (min-width: 981px) 1280px, 100vw\" class=\"wp-image-27582\" \/><\/span><\/a>\n\t\t\t<\/div><div class=\"et_pb_module et_d4_element et_pb_text et_pb_text_2  et_pb_text_align_left et_pb_bg_layout_light\">\n\t\t\t\t\n\t\t\t\t\n\t\t\t\t\n\t\t\t\t\n\t\t\t\t<div class=\"et_pb_text_inner\"><h2>Revestimiento del calentador<\/h2><\/div>\n\t\t\t<\/div><div class=\"et_pb_module et_d4_element et_pb_text et_pb_text_3  et_pb_text_align_left et_pb_bg_layout_light\">\n\t\t\t\t\n\t\t\t\t\n\t\t\t\t\n\t\t\t\t\n\t\t\t\t<div class=\"et_pb_text_inner\"><p><span>\u00bfCalefacci\u00f3n con pintura? \u00bfEs realmente tan f\u00e1cil?  <\/span><strong>S\u00ed<\/strong><span>Aplica nuestra pintura calefactora en el lugar deseado de la pared, el techo o el suelo, \u00a1y tu nuevo calefactor infrarrojo de carbono invisible estar\u00e1 listo!<\/span><\/p><\/div>\n\t\t\t<\/div><div class=\"et_pb_button_module_wrapper et_pb_button_1_wrapper et_pb_button_alignment_left et_pb_module \">\n\t\t\t\t<a class=\"et_pb_button et_d4_element et_pb_button_1 et_pb_bg_layout_light et_block_module\" href=\"https:\/\/test.rebotherm.de\/es\/revestimiento-del-calentador\/\">M\u00e1s informaci\u00f3n<\/a>\n\t\t\t<\/div>\n\t\t\t<\/div><div class=\"et_d4_element et_pb_column_1_2 et_pb_column et_pb_column_3  et_pb_css_mix_blend_mode et-last-child et_block_column\">\n\t\t\t\t\n\t\t\t\t\n\t\t\t\t\n\t\t\t\t\n\t\t\t\t<div class=\"et_pb_module et_d4_element et_pb_image et_pb_image_1\">\n\t\t\t\t\n\t\t\t\t\n\t\t\t\t\n\t\t\t\t\n\t\t\t\t<a href=\"https:\/\/test.rebotherm.de\/es\/panel-calefactor-de-carbono\/\"><span class=\"et_pb_image_wrap \"><img decoding=\"async\" width=\"1280\" height=\"720\" src=\"https:\/\/test.rebotherm.de\/wp-content\/uploads\/2024\/05\/rebotherm-heizsysteme-heizpaneel.jpg\" alt=\"sistemas de calefacci\u00f3n rebotherm Panel de calefacci\u00f3n de carbono\" title=\"rebotherm-heating-systems-heating-panel\" srcset=\"https:\/\/test.rebotherm.de\/wp-content\/uploads\/2024\/05\/rebotherm-heizsysteme-heizpaneel.jpg 1280w, https:\/\/test.rebotherm.de\/wp-content\/uploads\/2024\/05\/rebotherm-heizsysteme-heizpaneel-980x551.jpg 980w, https:\/\/test.rebotherm.de\/wp-content\/uploads\/2024\/05\/rebotherm-heizsysteme-heizpaneel-480x270.jpg 480w\" sizes=\"(min-width: 0px) and (max-width: 480px) 480px, (min-width: 481px) and (max-width: 980px) 980px, (min-width: 981px) 1280px, 100vw\" class=\"wp-image-27584\" \/><\/span><\/a>\n\t\t\t<\/div><div class=\"et_pb_module et_d4_element et_pb_text et_pb_text_4  et_pb_text_align_left et_pb_bg_layout_light\">\n\t\t\t\t\n\t\t\t\t\n\t\t\t\t\n\t\t\t\t\n\t\t\t\t<div class=\"et_pb_text_inner\"><h2>Panel calefactor de carbono<\/h2><\/div>\n\t\t\t<\/div><div class=\"et_pb_module et_d4_element et_pb_text et_pb_text_5  et_pb_text_align_left et_pb_bg_layout_light\">\n\t\t\t\t\n\t\t\t\t\n\t\t\t\t\n\t\t\t\t\n\t\t\t\t<div class=\"et_pb_text_inner\"><p><span>\u00a1Nuestro panel calefactor de carbono abre posibilidades completamente nuevas en el dise\u00f1o de interiores! El panel calefactor con calefacci\u00f3n de carbono integrada de f\u00e1cil instalaci\u00f3n est\u00e1 dise\u00f1ado tanto para profesionales como para aficionados al bricolaje.<\/span><\/p><\/div>\n\t\t\t<\/div><div class=\"et_pb_button_module_wrapper et_pb_button_2_wrapper et_pb_button_alignment_left et_pb_module \">\n\t\t\t\t<a class=\"et_pb_button et_d4_element et_pb_button_2 et_pb_bg_layout_light et_block_module\" href=\"https:\/\/test.rebotherm.de\/es\/panel-calefactor-de-carbono\/\">M\u00e1s informaci\u00f3n<\/a>\n\t\t\t<\/div>\n\t\t\t<\/div>\n\t\t\t\t\n\t\t\t\t\n\t\t\t\t\n\t\t\t\t\n\t\t\t<\/div><div class=\"et_d4_element et_pb_row et_pb_row_3 et_pb_equal_columns  et_pb_css_mix_blend_mode et_block_row\">\n\t\t\t\t<div class=\"et_d4_element et_pb_column_1_2 et_pb_column et_pb_column_4  et_pb_css_mix_blend_mode et_block_column\">\n\t\t\t\t\n\t\t\t\t\n\t\t\t\t\n\t\t\t\t\n\t\t\t\t<div class=\"et_pb_module et_d4_element et_pb_image et_pb_image_2\">\n\t\t\t\t\n\t\t\t\t\n\t\t\t\t\n\t\t\t\t\n\t\t\t\t<a href=\"https:\/\/test.rebotherm.de\/es\/calentamiento-por-infrarrojos-con-carbon\/\"><span class=\"et_pb_image_wrap \"><img decoding=\"async\" width=\"1280\" height=\"720\" src=\"https:\/\/test.rebotherm.de\/wp-content\/uploads\/2024\/05\/rebotherm-heizsysteme-carbonheizung.jpg\" alt=\"Calentadores de Rebotherm con moderna tecnolog\u00eda de carbono\" title=\"Calentadores de Rebotherm - Moderna tecnolog\u00eda de carbono para una calefacci\u00f3n eficiente\" srcset=\"https:\/\/test.rebotherm.de\/wp-content\/uploads\/2024\/05\/rebotherm-heizsysteme-carbonheizung.jpg 1280w, https:\/\/test.rebotherm.de\/wp-content\/uploads\/2024\/05\/rebotherm-heizsysteme-carbonheizung-980x551.jpg 980w, https:\/\/test.rebotherm.de\/wp-content\/uploads\/2024\/05\/rebotherm-heizsysteme-carbonheizung-480x270.jpg 480w\" sizes=\"(min-width: 0px) and (max-width: 480px) 480px, (min-width: 481px) and (max-width: 980px) 980px, (min-width: 981px) 1280px, 100vw\" class=\"wp-image-27581\" \/><\/span><\/a>\n\t\t\t<\/div><div class=\"et_pb_module et_d4_element et_pb_text et_pb_text_6  et_pb_text_align_left et_pb_bg_layout_light\">\n\t\t\t\t\n\t\t\t\t\n\t\t\t\t\n\t\t\t\t\n\t\t\t\t<div class=\"et_pb_text_inner\"><h2>Calefacci\u00f3n por infrarrojos de carbono<\/h2><\/div>\n\t\t\t<\/div><div class=\"et_pb_module et_d4_element et_pb_text et_pb_text_7  et_pb_text_align_left et_pb_bg_layout_light\">\n\t\t\t\t\n\t\t\t\t\n\t\t\t\t\n\t\t\t\t\n\t\t\t\t<div class=\"et_pb_text_inner\"><p><span>Si vas a construir una casa nueva, quieres sustituir el viejo sistema de calefacci\u00f3n de tu vivienda o incluso necesitas renovarlo, surge la pregunta de qu\u00e9 tipo de calefacci\u00f3n es el m\u00e1s adecuado. La mejor soluci\u00f3n es un sistema de calefacci\u00f3n que no perjudique al clima ni a nuestro medio ambiente.<\/span><\/p><\/div>\n\t\t\t<\/div><div class=\"et_pb_button_module_wrapper et_pb_button_3_wrapper et_pb_button_alignment_left et_pb_module \">\n\t\t\t\t<a class=\"et_pb_button et_d4_element et_pb_button_3 et_pb_bg_layout_light et_block_module\" href=\"https:\/\/test.rebotherm.de\/es\/calentamiento-por-infrarrojos-con-carbon\/\">M\u00e1s informaci\u00f3n<\/a>\n\t\t\t<\/div>\n\t\t\t<\/div><div class=\"et_d4_element et_pb_column_1_2 et_pb_column et_pb_column_5  et_pb_css_mix_blend_mode et-last-child et_block_column\">\n\t\t\t\t\n\t\t\t\t\n\t\t\t\t\n\t\t\t\t\n\t\t\t\t<div class=\"et_pb_module et_d4_element et_pb_image et_pb_image_3\">\n\t\t\t\t\n\t\t\t\t\n\t\t\t\t\n\t\t\t\t\n\t\t\t\t<a href=\"https:\/\/test.rebotherm.de\/es\/lamina-calefactora\/\"><span class=\"et_pb_image_wrap \"><img decoding=\"async\" width=\"1280\" height=\"720\" src=\"https:\/\/test.rebotherm.de\/wp-content\/uploads\/2024\/05\/rebotherm-heizsysteme-heizfolie.jpg\" alt=\"L\u00e1mina calefactora de rebotherm\" title=\"rebotherm-heating-systems-heating-foil\" srcset=\"https:\/\/test.rebotherm.de\/wp-content\/uploads\/2024\/05\/rebotherm-heizsysteme-heizfolie.jpg 1280w, https:\/\/test.rebotherm.de\/wp-content\/uploads\/2024\/05\/rebotherm-heizsysteme-heizfolie-980x551.jpg 980w, https:\/\/test.rebotherm.de\/wp-content\/uploads\/2024\/05\/rebotherm-heizsysteme-heizfolie-480x270.jpg 480w\" sizes=\"(min-width: 0px) and (max-width: 480px) 480px, (min-width: 481px) and (max-width: 980px) 980px, (min-width: 981px) 1280px, 100vw\" class=\"wp-image-27583\" \/><\/span><\/a>\n\t\t\t<\/div><div class=\"et_pb_module et_d4_element et_pb_text et_pb_text_8  et_pb_text_align_left et_pb_bg_layout_light\">\n\t\t\t\t\n\t\t\t\t\n\t\t\t\t\n\t\t\t\t\n\t\t\t\t<div class=\"et_pb_text_inner\"><h2>L\u00e1mina calefactora<\/h2><\/div>\n\t\t\t<\/div><div class=\"et_pb_module et_d4_element et_pb_text et_pb_text_9  et_pb_text_align_left et_pb_bg_layout_light\">\n\t\t\t\t\n\t\t\t\t\n\t\t\t\t\n\t\t\t\t\n\t\t\t\t<div class=\"et_pb_text_inner\"><p>Con nuestra l\u00e1mina calefactora de fibra de carbono, obtendr\u00e1s un sistema de calefacci\u00f3n radiante de pleno derecho \u00a1de una clase propia! La l\u00e1mina calefactora est\u00e1 dise\u00f1ada para facilitar el acabado, especialmente para los aficionados al bricolaje.<\/p><\/div>\n\t\t\t<\/div><div class=\"et_pb_button_module_wrapper et_pb_button_4_wrapper et_pb_button_alignment_left et_pb_module \">\n\t\t\t\t<a class=\"et_pb_button et_d4_element et_pb_button_4 et_pb_bg_layout_light et_block_module\" href=\"https:\/\/test.rebotherm.de\/es\/lamina-calefactora\/\">M\u00e1s informaci\u00f3n<\/a>\n\t\t\t<\/div>\n\t\t\t<\/div>\n\t\t\t\t\n\t\t\t\t\n\t\t\t\t\n\t\t\t\t\n\t\t\t<\/div><div class=\"et_d4_element et_pb_row et_pb_row_4  et_pb_css_mix_blend_mode et_block_row\">\n\t\t\t\t<div class=\"et_d4_element et_pb_column_4_4 et_pb_column et_pb_column_6  et_pb_css_mix_blend_mode et-last-child et_block_column\">\n\t\t\t\t\n\t\t\t\t\n\t\t\t\t\n\t\t\t\t\n\t\t\t\t<div class=\"et_pb_module et_d4_element et_pb_text et_pb_text_10  et_pb_text_align_left et_pb_bg_layout_light\">\n\t\t\t\t\n\t\t\t\t\n\t\t\t\t\n\t\t\t\t\n\t\t\t\t<div class=\"et_pb_text_inner\"><p data-start=\"151\" data-end=\"332\"><strong data-start=\"151\" data-end=\"332\">Pero los sistemas de calefacci\u00f3n de carbono de Rebotherm ofrecen muchas otras ventajas que los diferencian de los sistemas de calefacci\u00f3n convencionales: desde un mayor confort hasta una aut\u00e9ntica independencia.<\/strong><\/p>\n<h2 data-start=\"334\" data-end=\"389\">Por qu\u00e9 los calentadores de carbono modernos son la mejor opci\u00f3n<\/h2>\n<p data-start=\"391\" data-end=\"915\">En comparaci\u00f3n con los sistemas de calefacci\u00f3n tradicionales, como <strong data-start=\"436\" data-end=\"461\">los de gas\u00f3leo o gas<\/strong>, nuestros <strong data-start=\"478\" data-end=\"512\">sistemas de calefacci\u00f3n de carbono de Rebotherm<\/strong> pr\u00e1cticamente <strong data-start=\"520\" data-end=\"536\">no requieren mantenimiento<\/strong>, sin chimenea ni sala de calderas. <strong data-start=\"583\" data-end=\"611\">No hay emisiones in situ<\/strong>, lo que no s\u00f3lo protege el medio ambiente, sino que te da una mayor independencia de los combustibles f\u00f3siles a largo plazo. Especialmente en tiempos de subida de los precios de la energ\u00eda, es importante confiar en una <strong data-start=\"802\" data-end=\"837\">tecnolog\u00eda de calefacci\u00f3n preparada para el futuro<\/strong>, que pueda combinarse de forma flexible con <strong data-start=\"866\" data-end=\"891\">energ\u00edas renovables<\/strong>.  <\/p>\n<h3 data-start=\"917\" data-end=\"956\">M\u00e1s confort y mejor clima interior<\/h3>\n<p data-start=\"958\" data-end=\"1373\">Nuestros sistemas de calefacci\u00f3n generan un agradable <strong data-start=\"996\" data-end=\"1015\">calor radiante<\/strong> que calienta uniformemente toda la habitaci\u00f3n, sin aire seco ni contaminaci\u00f3n por polvo. Esto los hace especialmente adecuados para <strong data-start=\"1137\" data-end=\"1151\">al\u00e9rgicos<\/strong> y personas sensibles. Las <strong data-start=\"1192\" data-end=\"1215\">superficies planas de<\/strong> calefacci\u00f3n son invisibles, ocupan poco espacio y pueden integrarse con flexibilidad en suelos, paredes o techos. Esto te da m\u00e1s libertad a la hora de dise\u00f1ar tu habitaci\u00f3n.   <\/p>\n<h3 data-start=\"1375\" data-end=\"1411\">Calefacci\u00f3n sostenible e independiente<\/h3>\n<p data-start=\"1413\" data-end=\"1711\">Con Rebotherm, puedes confiar en un sistema de calefacci\u00f3n que <strong data-start=\"1462\" data-end=\"1501\">no requiere combustibles f\u00f3siles<\/strong> y que se puede combinar f\u00e1cilmente con <strong data-start=\"1521\" data-end=\"1544\">sistemas fotovoltaicos<\/strong> o <strong data-start=\"1550\" data-end=\"1571\">almacenamiento en bater\u00edas<\/strong>. Esto te proporciona un alto grado de <strong data-start=\"1634\" data-end=\"1659\">seguridad de suministro<\/strong> y te hace menos dependiente de los proveedores de energ\u00eda. <\/p>\n<p data-start=\"1713\" data-end=\"1749\"><strong data-start=\"1713\" data-end=\"1747\">Tus ventajas de un vistazo:<\/strong><\/p>\n<ul data-start=\"1750\" data-end=\"1998\">\n<li data-start=\"1750\" data-end=\"1804\">\n<p data-start=\"1752\" data-end=\"1804\">Sin mantenimiento, sin chimenea, sin p\u00e9rdida de espacio<\/p>\n<\/li>\n<li data-start=\"1805\" data-end=\"1850\">\n<p data-start=\"1807\" data-end=\"1850\">Calor uniforme y clima interior saludable<\/p>\n<\/li>\n<li data-start=\"1851\" data-end=\"1923\">\n<p data-start=\"1853\" data-end=\"1923\">Compatible con <strong data-start=\"1868\" data-end=\"1888\">el almacenamiento en bater\u00eda<\/strong> y <strong data-start=\"1893\" data-end=\"1921\">las tarifas el\u00e9ctricas din\u00e1micas<\/strong><\/p>\n<\/li>\n<li data-start=\"1924\" data-end=\"1966\">\n<p data-start=\"1926\" data-end=\"1966\">Ideal para <strong data-start=\"1936\" data-end=\"1946\">nuevas construcciones<\/strong> y <strong data-start=\"1951\" data-end=\"1964\">renovaciones<\/strong><\/p>\n<\/li>\n<li data-start=\"1967\" data-end=\"1998\">\n<p data-start=\"1969\" data-end=\"1998\">A prueba de futuro y sostenible<\/p>\n<\/li>\n<\/ul>\n<h3 data-start=\"2000\" data-end=\"2049\">Control inteligente para la m\u00e1xima eficacia<\/h3>\n<p data-start=\"2051\" data-end=\"2433\">Nuestros sistemas de calefacci\u00f3n de carbono pueden controlarse individualmente para cada habitaci\u00f3n, tambi\u00e9n mediante <strong data-start=\"2133\" data-end=\"2140\">una aplicaci\u00f3n<\/strong> o un sistema dom\u00e9stico inteligente. Esto significa que s\u00f3lo calientas donde realmente lo necesitas y evitas el consumo innecesario de energ\u00eda. En combinaci\u00f3n con un <strong data-start=\"2282\" data-end=\"2302\">sistema de almacenamiento en bater\u00eda<\/strong>, puedes utilizar electricidad de bajo coste de la red o de tu sistema fotovoltaico y almacenarla para cuando realmente la necesites.  <\/p>\n<p data-start=\"2435\" data-end=\"2530\"><\/div>\n\t\t\t<\/div>\n\t\t\t<\/div>\n\t\t\t\t\n\t\t\t\t\n\t\t\t\t\n\t\t\t\t\n\t\t\t<\/div><div class=\"et_d4_element et_pb_row et_pb_row_5  et_pb_css_mix_blend_mode et_block_row\">\n\t\t\t\t<div class=\"et_d4_element et_pb_column_4_4 et_pb_column et_pb_column_7  et_pb_css_mix_blend_mode et-last-child et_block_column\">\n\t\t\t\t\n\t\t\t\t\n\t\t\t\t\n\t\t\t\t\n\t\t\t\t<div class=\"et_pb_module et_d4_element et_pb_text et_pb_text_11  et_pb_text_align_left et_pb_bg_layout_light\">\n\t\t\t\t\n\t\t\t\t\n\t\t\t\t\n\t\t\t\t\n\t\t\t\t<div class=\"et_pb_text_inner\"><h3>Opcional: Optimizar a\u00fan m\u00e1s los costes de calefacci\u00f3n<\/h3>\n<p>Si lo desea, el sistema de calefacci\u00f3n por superficie de carbono puede combinarse con un sistema de almacenamiento en bater\u00eda. Esto permite almacenar electricidad m\u00e1s econ\u00f3mica y utilizarla de forma espec\u00edfica para la calefacci\u00f3n. <\/p>\n<p>Esta soluci\u00f3n es opcional y resulta especialmente adecuada para edificios con sistemas fotovoltaicos o tarifas el\u00e9ctricas din\u00e1micas.<br \/><a href=\"https:\/\/test.rebotherm.de\/es\/almacenamiento-en-bateria\/\" style=\"color: #009ddf; font-weight: 600;\">M\u00e1s informaci\u00f3n sobre el almacenamiento en bater\u00edas \u2192<br \/><\/a><\/p><\/div>\n\t\t\t<\/div>\n\t\t\t<\/div>\n\t\t\t\t\n\t\t\t\t\n\t\t\t\t\n\t\t\t\t\n\t\t\t<\/div>\n\t\t\t\t\n\t\t\t\t\n\t\t\t<\/div><\/p>\n","protected":false},"excerpt":{"rendered":"","protected":false},"author":5,"featured_media":0,"parent":0,"menu_order":0,"comment_status":"closed","ping_status":"closed","template":"","meta":{"_et_pb_use_builder":"on","_et_pb_old_content":"","_et_gb_content_width":"","footnotes":""},"class_list":["post-28804","page","type-page","status-publish","hentry"],"_links":{"self":[{"href":"https:\/\/test.rebotherm.de\/es\/wp-json\/wp\/v2\/pages\/28804","targetHints":{"allow":["GET"]}}],"collection":[{"href":"https:\/\/test.rebotherm.de\/es\/wp-json\/wp\/v2\/pages"}],"about":[{"href":"https:\/\/test.rebotherm.de\/es\/wp-json\/wp\/v2\/types\/page"}],"author":[{"embeddable":true,"href":"https:\/\/test.rebotherm.de\/es\/wp-json\/wp\/v2\/users\/5"}],"replies":[{"embeddable":true,"href":"https:\/\/test.rebotherm.de\/es\/wp-json\/wp\/v2\/comments?post=28804"}],"version-history":[{"count":30,"href":"https:\/\/test.rebotherm.de\/es\/wp-json\/wp\/v2\/pages\/28804\/revisions"}],"predecessor-version":[{"id":42391,"href":"https:\/\/test.rebotherm.de\/es\/wp-json\/wp\/v2\/pages\/28804\/revisions\/42391"}],"wp:attachment":[{"href":"https:\/\/test.rebotherm.de\/es\/wp-json\/wp\/v2\/media?parent=28804"}],"curies":[{"name":"wp","href":"https:\/\/api.w.org\/{rel}","templated":true}]}}