{"id":28607,"date":"2020-04-12T15:59:56","date_gmt":"2020-04-12T13:59:56","guid":{"rendered":"https:\/\/test.rebotherm.de\/noticias\/"},"modified":"2026-02-27T17:11:12","modified_gmt":"2026-02-27T16:11:12","slug":"noticias","status":"publish","type":"page","link":"https:\/\/test.rebotherm.de\/es\/noticias\/","title":{"rendered":"Noticias"},"content":{"rendered":"<p><div class=\"et_d4_element et_pb_section et_pb_section_0  et_pb_css_mix_blend_mode et_section_regular section_has_divider et_pb_bottom_divider et_block_section\" >\n\t\t\t\t\n\t\t\t\t\n\t\t\t\t\n\t\t\t\t\n\t\t\t\t\n\t\t\t\t\n\t\t\t\t<div class=\"et_d4_element et_pb_row et_pb_row_0  et_pb_css_mix_blend_mode et_block_row\">\n\t\t\t\t<div class=\"et_d4_element et_pb_column_4_4 et_pb_column et_pb_column_0  et_pb_css_mix_blend_mode et-last-child et_block_column\">\n\t\t\t\t\n\t\t\t\t\n\t\t\t\t\n\t\t\t\t\n\t\t\t\t<div class=\"et_pb_module et_d4_element et_pb_text et_pb_text_0  et_pb_text_align_left et_pb_bg_layout_light\">\n\t\t\t\t\n\t\t\t\t\n\t\t\t\t\n\t\t\t\t\n\t\t\t\t<div class=\"et_pb_text_inner\"><h1 style=\"text-align: center;\">Noticias de Rebotherm<\/h1>\n<p style=\"text-align: center;\">Aqu\u00ed encontrar\u00e1s noticias interesantes y todo lo que necesitas saber sobre los calentadores de infrarrojos con carb\u00f3n. Actualizamos peri\u00f3dicamente informaci\u00f3n importante sobre el tema del aislamiento interior.<\/p><\/div>\n\t\t\t<\/div>\n\t\t\t<\/div>\n\t\t\t\t\n\t\t\t\t\n\t\t\t\t\n\t\t\t\t\n\t\t\t<\/div>\n\t\t\t\t\n\t\t\t\t<div class=\"et_pb_bottom_inside_divider et-no-transition\"><\/div>\n\t\t\t<\/div><div class=\"et_d4_element et_pb_section et_pb_section_1  et_pb_css_mix_blend_mode et_section_regular et_block_section\" >\n\t\t\t\t\n\t\t\t\t\n\t\t\t\t\n\t\t\t\t\n\t\t\t\t\n\t\t\t\t\n\t\t\t\t<div class=\"et_d4_element et_pb_row et_pb_row_1  et_pb_css_mix_blend_mode et_block_row\">\n\t\t\t\t<div class=\"et_d4_element et_pb_column_4_4 et_pb_column et_pb_column_1  et_pb_css_mix_blend_mode et-last-child et_block_column\">\n\t\t\t\t\n\t\t\t\t\n\t\t\t\t\n\t\t\t\t\n\t\t\t\t<div class=\"et_pb_with_border et_pb_module et_d4_element et_pb_blog_0 et_animated  et_pb_css_mix_blend_mode et_pb_blog_grid_wrapper et_pb_bg_layout_light\">\n\t\t\t\t\t<div class=\"et_pb_blog_grid clearfix \">\n\t\t\t\t\t\n\t\t\t\t\t\n\t\t\t\t\t\n\t\t\t\t\t\n\t\t\t\t\t<div class=\"et_pb_ajax_pagination_container\">\n\t\t\t\t\t\t<div class=\"et_pb_salvattore_content\" data-columns>\n\t\t\t<article id=\"post-38663\" class=\"et_pb_post clearfix et_pb_no_thumb et_pb_has_overlay et_pb_blog_item_0_0 post-38663 post type-post status-publish format-standard hentry category-calefaccion-de-carbono category-sin-categorizar\">\n\n\t\t\t\t\n\t\t\t\t\t\t\t\t\t\t\t\t\t\t<h2 class=\"entry-title\">\n\t\t\t\t\t\t\t\t\t\t\t\t\t<a href=\"https:\/\/test.rebotherm.de\/es\/green-steel-home-casa-innovadora-con-calefaccion-de-carbono\/\">Green Steel Home \u2013 Casa innovadora con calefacci\u00f3n de carbono<\/a>\n\t\t\t\t\t\t\t\t\t\t\t<\/h2>\n\t\t\t\t\n\t\t\t\t\t<p class=\"post-meta\">por <span class=\"author vcard\"><a href=\"https:\/\/test.rebotherm.de\/es\/author\/udohamburg12\/\" title=\"Entradas de Udo Reifschl\u00e4ger\" rel=\"author\">Udo Reifschl\u00e4ger<\/a><\/span> | <span class=\"published\">20. Jul 2025<\/span><\/p><div class=\"post-content\"><div class=\"post-content-inner et_multi_view_hidden\"><p>Nuestro socio Green Steel Home ofrece un nuevo tipo de vivienda energ\u00e9ticamente eficiente que se basa totalmente en materiales sostenibles y tecnolog\u00eda innovadora.En combinaci\u00f3n con nuestro sistema de calefacci\u00f3n de carbono de \u00faltima generaci\u00f3n, esto crea un concepto...<\/p>\n<\/div><a href=\"https:\/\/test.rebotherm.de\/es\/green-steel-home-casa-innovadora-con-calefaccion-de-carbono\/\" class=\"more-link\">leer m\u00e1s<\/a><\/div>\t\t\t\n\t\t\t<\/article>\n\t\t\t\t\n\t\t\t<article id=\"post-28855\" class=\"et_pb_post clearfix et_pb_has_overlay et_pb_blog_item_0_1 post-28855 post type-post status-publish format-standard has-post-thumbnail hentry category-aislamiento tag-placa-aislante\">\n\n\t\t\t\t<div class=\"et_pb_image_container\"><a href=\"https:\/\/test.rebotherm.de\/es\/aislar-el-espacio-vital\/\" class=\"entry-featured-image-url\"><img decoding=\"async\" src=\"https:\/\/test.rebotherm.de\/wp-content\/uploads\/2023\/12\/Aerogel-Matte-400x250.jpg\" alt=\"Aislar el espacio vital con Aerogel\" class=\"\" srcset=\"https:\/\/test.rebotherm.de\/wp-content\/uploads\/2023\/12\/Aerogel-Matte.jpg 479w, https:\/\/test.rebotherm.de\/wp-content\/uploads\/2023\/12\/Aerogel-Matte-400x250.jpg 480w \" sizes=\"(max-width:479px) 479px, 100vw \" width=\"400\" height=\"250\" title=\"\"><span class=\"et_overlay et_pb_inline_icon\" data-icon=\"\ue07e\"><\/span><\/a><\/div>\n\t\t\t\t\t\t\t\t\t\t\t\t\t\t<h2 class=\"entry-title\">\n\t\t\t\t\t\t\t\t\t\t\t\t\t<a href=\"https:\/\/test.rebotherm.de\/es\/aislar-el-espacio-vital\/\">Aislar el espacio vital con Aerogel<\/a>\n\t\t\t\t\t\t\t\t\t\t\t<\/h2>\n\t\t\t\t\n\t\t\t\t\t<p class=\"post-meta\">por <span class=\"author vcard\"><a href=\"https:\/\/test.rebotherm.de\/es\/author\/udohamburg12\/\" title=\"Entradas de Udo Reifschl\u00e4ger\" rel=\"author\">Udo Reifschl\u00e4ger<\/a><\/span> | <span class=\"published\">7. Abr 2024<\/span><\/p><div class=\"post-content\"><div class=\"post-content-inner et_multi_view_hidden\"><p>\u00a1A\u00edsla tu espacio vital con Aerogel! Aislamiento t\u00e9rmico eficaz para tu vivienda En Aislar el espacio vital con Aerogel es un m\u00e9todo avanzado para aislar eficazmente tu vivienda. Aqu\u00ed tienes informaci\u00f3n importante: \u00bfQu\u00e9 es el aerogel? El aerogel es un material...<\/p>\n<\/div><a href=\"https:\/\/test.rebotherm.de\/es\/aislar-el-espacio-vital\/\" class=\"more-link\">leer m\u00e1s<\/a><\/div>\t\t\t\n\t\t\t<\/article>\n\t\t\t\t\n\t\t\t<article id=\"post-28776\" class=\"et_pb_post clearfix et_pb_has_overlay et_pb_blog_item_0_2 post-28776 post type-post status-publish format-standard has-post-thumbnail hentry category-aislamiento\">\n\n\t\t\t\t<div class=\"et_pb_image_container\"><a href=\"https:\/\/test.rebotherm.de\/es\/reduce-los-costes-energeticos-con-aislamiento-interior\/\" class=\"entry-featured-image-url\"><img decoding=\"async\" src=\"https:\/\/test.rebotherm.de\/wp-content\/uploads\/2021\/10\/Energiesparen-mit-Innendaemmung-400x250.jpg\" alt=\"Reduce los costes energ\u00e9ticos con aislamiento interior\" class=\"\" srcset=\"https:\/\/test.rebotherm.de\/wp-content\/uploads\/2021\/10\/Energiesparen-mit-Innendaemmung.jpg 479w, https:\/\/test.rebotherm.de\/wp-content\/uploads\/2021\/10\/Energiesparen-mit-Innendaemmung-400x250.jpg 480w \" sizes=\"(max-width:479px) 479px, 100vw \" width=\"400\" height=\"250\" title=\"\"><span class=\"et_overlay et_pb_inline_icon\" data-icon=\"\ue07e\"><\/span><\/a><\/div>\n\t\t\t\t\t\t\t\t\t\t\t\t\t\t<h2 class=\"entry-title\">\n\t\t\t\t\t\t\t\t\t\t\t\t\t<a href=\"https:\/\/test.rebotherm.de\/es\/reduce-los-costes-energeticos-con-aislamiento-interior\/\">Reduce los costes energ\u00e9ticos con aislamiento interior<\/a>\n\t\t\t\t\t\t\t\t\t\t\t<\/h2>\n\t\t\t\t\n\t\t\t\t\t<p class=\"post-meta\">por <span class=\"author vcard\"><a href=\"https:\/\/test.rebotherm.de\/es\/author\/udohamburg12\/\" title=\"Entradas de Udo Reifschl\u00e4ger\" rel=\"author\">Udo Reifschl\u00e4ger<\/a><\/span> | <span class=\"published\">31. Oct 2021<\/span><\/p><div class=\"post-content\"><div class=\"post-content-inner et_multi_view_hidden\"><p>\u00a1Reduce los costes energ\u00e9ticos con aislamiento interior! Ahorrar energ\u00eda con el aislamiento explicado de forma sencilla. Los precios del gas\u00f3leo de calefacci\u00f3n y del gas est\u00e1n por las nubes, justo a tiempo para la estaci\u00f3n oscura y fr\u00eda. El precio del gas natural...<\/p>\n<\/div><a href=\"https:\/\/test.rebotherm.de\/es\/reduce-los-costes-energeticos-con-aislamiento-interior\/\" class=\"more-link\">leer m\u00e1s<\/a><\/div>\t\t\t\n\t\t\t<\/article>\n\t\t\t\t\n\t\t\t<article id=\"post-28666\" class=\"et_pb_post clearfix et_pb_has_overlay et_pb_blog_item_0_3 post-28666 post type-post status-publish format-standard has-post-thumbnail hentry category-color-de-la-calefaccion\">\n\n\t\t\t\t<div class=\"et_pb_image_container\"><a href=\"https:\/\/test.rebotherm.de\/es\/ahorrar-con-pintura-termica\/\" class=\"entry-featured-image-url\"><img decoding=\"async\" src=\"https:\/\/test.rebotherm.de\/wp-content\/uploads\/2021\/01\/sparen-mit-Heizanstrich-400x250.jpg\" alt=\"Ahorrar con pintura t\u00e9rmica\" class=\"\" srcset=\"https:\/\/test.rebotherm.de\/wp-content\/uploads\/2021\/01\/sparen-mit-Heizanstrich-scaled.jpg 479w, https:\/\/test.rebotherm.de\/wp-content\/uploads\/2021\/01\/sparen-mit-Heizanstrich-400x250.jpg 480w \" sizes=\"(max-width:479px) 479px, 100vw \" width=\"400\" height=\"250\" title=\"\"><span class=\"et_overlay et_pb_inline_icon\" data-icon=\"\ue07e\"><\/span><\/a><\/div>\n\t\t\t\t\t\t\t\t\t\t\t\t\t\t<h2 class=\"entry-title\">\n\t\t\t\t\t\t\t\t\t\t\t\t\t<a href=\"https:\/\/test.rebotherm.de\/es\/ahorrar-con-pintura-termica\/\">Ahorrar con pintura t\u00e9rmica<\/a>\n\t\t\t\t\t\t\t\t\t\t\t<\/h2>\n\t\t\t\t\n\t\t\t\t\t<p class=\"post-meta\">por <span class=\"author vcard\"><a href=\"https:\/\/test.rebotherm.de\/es\/author\/udohamburg12\/\" title=\"Entradas de Udo Reifschl\u00e4ger\" rel=\"author\">Udo Reifschl\u00e4ger<\/a><\/span> | <span class=\"published\">3. Ene 2021<\/span><\/p><div class=\"post-content\"><div class=\"post-content-inner et_multi_view_hidden\"><p>Ahorrar con una capa de calefacci\u00f3n ya no es un deseo, sino una realidad gracias a la nueva GEG (Ley de Energ\u00eda de los Edificios). La nueva Ley de Conservaci\u00f3n de la Energ\u00eda y Utilizaci\u00f3n de Energ\u00edas Renovables para Calefacci\u00f3n y Refrigeraci\u00f3n en Edificios (Ley de...<\/p>\n<\/div><a href=\"https:\/\/test.rebotherm.de\/es\/ahorrar-con-pintura-termica\/\" class=\"more-link\">leer m\u00e1s<\/a><\/div>\t\t\t\n\t\t\t<\/article>\n\t\t\t\t\n\t\t\t<article id=\"post-28832\" class=\"et_pb_post clearfix et_pb_has_overlay et_pb_blog_item_0_4 post-28832 post type-post status-publish format-standard has-post-thumbnail hentry category-aislamiento tag-aislamiento-interior tag-barrera-de-vapor tag-placa-aislante tag-placas-aislantes-interiores tag-renovacion tag-superpared\">\n\n\t\t\t\t<div class=\"et_pb_image_container\"><a href=\"https:\/\/test.rebotherm.de\/es\/renovacion-con-aislamiento\/\" class=\"entry-featured-image-url\"><img decoding=\"async\" src=\"https:\/\/test.rebotherm.de\/wp-content\/uploads\/2020\/09\/Superwall-2-400x250.jpg\" alt=\"Renovaci\u00f3n con aislamiento\" class=\"\" srcset=\"https:\/\/test.rebotherm.de\/wp-content\/uploads\/2020\/09\/Superwall-2.jpg 479w, https:\/\/test.rebotherm.de\/wp-content\/uploads\/2020\/09\/Superwall-2-400x250.jpg 480w \" sizes=\"(max-width:479px) 479px, 100vw \" width=\"400\" height=\"250\" title=\"\"><span class=\"et_overlay et_pb_inline_icon\" data-icon=\"\ue07e\"><\/span><\/a><\/div>\n\t\t\t\t\t\t\t\t\t\t\t\t\t\t<h2 class=\"entry-title\">\n\t\t\t\t\t\t\t\t\t\t\t\t\t<a href=\"https:\/\/test.rebotherm.de\/es\/renovacion-con-aislamiento\/\">Renovaci\u00f3n con aislamiento<\/a>\n\t\t\t\t\t\t\t\t\t\t\t<\/h2>\n\t\t\t\t\n\t\t\t\t\t<p class=\"post-meta\">por <span class=\"author vcard\"><a href=\"https:\/\/test.rebotherm.de\/es\/author\/udohamburg12\/\" title=\"Entradas de Udo Reifschl\u00e4ger\" rel=\"author\">Udo Reifschl\u00e4ger<\/a><\/span> | <span class=\"published\">17. Oct 2020<\/span><\/p><div class=\"post-content\"><div class=\"post-content-inner et_multi_view_hidden\"><p>La renovaci\u00f3n con aislamiento explicada de forma sencilla. Ha llegado la inc\u00f3moda estaci\u00f3n de las bajas temperaturas, la lluvia y los largos periodos de oscuridad. \u00bfA qui\u00e9n no le apetece tener un hogar acogedor y, sobre todo, c\u00e1lido ? Pero, por desgracia, el confort...<\/p>\n<\/div><a href=\"https:\/\/test.rebotherm.de\/es\/renovacion-con-aislamiento\/\" class=\"more-link\">leer m\u00e1s<\/a><\/div>\t\t\t\n\t\t\t<\/article>\n\t\t\t\t\n\t\t\t<article id=\"post-28718\" class=\"et_pb_post clearfix et_pb_has_overlay et_pb_blog_item_0_5 post-28718 post type-post status-publish format-standard has-post-thumbnail hentry category-calefaccion-de-carbono tag-calefaccion-por-infrarrojos tag-color-de-la-calefaccion-de-carbono tag-control-de-la-temperatura tag-mando-a-distancia tag-novedad\">\n\n\t\t\t\t<div class=\"et_pb_image_container\"><a href=\"https:\/\/test.rebotherm.de\/es\/novedad-en-calefaccion-por-infrarrojos\/\" class=\"entry-featured-image-url\"><img decoding=\"async\" src=\"https:\/\/test.rebotherm.de\/wp-content\/uploads\/2020\/08\/Infrarotheizung-Carbon-400x250.jpg\" alt=\"Novedad en calefacci\u00f3n por infrarrojos\" class=\"\" srcset=\"https:\/\/test.rebotherm.de\/wp-content\/uploads\/2020\/08\/Infrarotheizung-Carbon.jpg 479w, https:\/\/test.rebotherm.de\/wp-content\/uploads\/2020\/08\/Infrarotheizung-Carbon-400x250.jpg 480w \" sizes=\"(max-width:479px) 479px, 100vw \" width=\"400\" height=\"250\" title=\"\"><span class=\"et_overlay et_pb_inline_icon\" data-icon=\"\ue07e\"><\/span><\/a><\/div>\n\t\t\t\t\t\t\t\t\t\t\t\t\t\t<h2 class=\"entry-title\">\n\t\t\t\t\t\t\t\t\t\t\t\t\t<a href=\"https:\/\/test.rebotherm.de\/es\/novedad-en-calefaccion-por-infrarrojos\/\">Novedad en calefacci\u00f3n por infrarrojos<\/a>\n\t\t\t\t\t\t\t\t\t\t\t<\/h2>\n\t\t\t\t\n\t\t\t\t\t<p class=\"post-meta\">por <span class=\"author vcard\"><a href=\"https:\/\/test.rebotherm.de\/es\/author\/udohamburg12\/\" title=\"Entradas de Udo Reifschl\u00e4ger\" rel=\"author\">Udo Reifschl\u00e4ger<\/a><\/span> | <span class=\"published\">9. Ago 2020<\/span><\/p><div class=\"post-content\"><div class=\"post-content-inner et_multi_view_hidden\"><p>Novedad en calefacci\u00f3n por infrarrojos con el acogedor calor del color de la calefacci\u00f3n de carbono. Nuestro innovador calefactor de infrarrojos en forma de panel con un elegante marco de aluminio coloreado, control de temperatura infinitamente variable y mando a...<\/p>\n<\/div><a href=\"https:\/\/test.rebotherm.de\/es\/novedad-en-calefaccion-por-infrarrojos\/\" class=\"more-link\">leer m\u00e1s<\/a><\/div>\t\t\t\n\t\t\t<\/article>\n\t\t\t\t\n\t\t\t<article id=\"post-28846\" class=\"et_pb_post clearfix et_pb_has_overlay et_pb_blog_item_0_6 post-28846 post type-post status-publish format-standard has-post-thumbnail hentry category-secado-de-la-pared-del-sotano tag-calor-infrarrojo tag-color-de-la-calefaccion-de-carbono tag-pared-humeda-del-sotano tag-pared-humeda-del-sotano-es tag-secado-de-la-pared-del-sotano tag-secado-de-paredes\">\n\n\t\t\t\t<div class=\"et_pb_image_container\"><a href=\"https:\/\/test.rebotherm.de\/es\/secado-de-la-pared-del-sotano\/\" class=\"entry-featured-image-url\"><img decoding=\"async\" src=\"https:\/\/test.rebotherm.de\/wp-content\/uploads\/2020\/07\/Kellerwand-Trocknung-mit-Carbon-Heizfarbe-min-400x250.jpg\" alt=\"Secado de la pared del s\u00f3tano con pintura calefactora de carbono\" class=\"\" srcset=\"https:\/\/test.rebotherm.de\/wp-content\/uploads\/2020\/07\/Kellerwand-Trocknung-mit-Carbon-Heizfarbe-min.jpg 479w, https:\/\/test.rebotherm.de\/wp-content\/uploads\/2020\/07\/Kellerwand-Trocknung-mit-Carbon-Heizfarbe-min-400x250.jpg 480w \" sizes=\"(max-width:479px) 479px, 100vw \" width=\"400\" height=\"250\" title=\"\"><span class=\"et_overlay et_pb_inline_icon\" data-icon=\"\ue07e\"><\/span><\/a><\/div>\n\t\t\t\t\t\t\t\t\t\t\t\t\t\t<h2 class=\"entry-title\">\n\t\t\t\t\t\t\t\t\t\t\t\t\t<a href=\"https:\/\/test.rebotherm.de\/es\/secado-de-la-pared-del-sotano\/\">Secado de la pared del s\u00f3tano con pintura calefactora de carbono<\/a>\n\t\t\t\t\t\t\t\t\t\t\t<\/h2>\n\t\t\t\t\n\t\t\t\t\t<p class=\"post-meta\">por <span class=\"author vcard\"><a href=\"https:\/\/test.rebotherm.de\/es\/author\/udohamburg12\/\" title=\"Entradas de Udo Reifschl\u00e4ger\" rel=\"author\">Udo Reifschl\u00e4ger<\/a><\/span> | <span class=\"published\">26. Jul 2020<\/span><\/p><div class=\"post-content\"><div class=\"post-content-inner et_multi_view_hidden\"><p>La pintura calefactora de carbono para el secado de paredes de s\u00f3tano simplifica la renovaci\u00f3n de paredes de s\u00f3tano h\u00famedas \u00a1con una sola capa! El calentamiento por infrarrojos garantiza de forma fiable una mamposter\u00eda seca. No hay agua del exterior, la pared del...<\/p>\n<\/div><a href=\"https:\/\/test.rebotherm.de\/es\/secado-de-la-pared-del-sotano\/\" class=\"more-link\">leer m\u00e1s<\/a><\/div>\t\t\t\n\t\t\t<\/article>\n\t\t\t\t\n\t\t\t<article id=\"post-28750\" class=\"et_pb_post clearfix et_pb_has_overlay et_pb_blog_item_0_7 post-28750 post type-post status-publish format-standard has-post-thumbnail hentry category-color-de-la-calefaccion tag-certificado-de-color-de-la-calefaccion tag-revestimiento-calefactor-de-carbono\">\n\n\t\t\t\t<div class=\"et_pb_image_container\"><a href=\"https:\/\/test.rebotherm.de\/es\/color-de-calefaccion-con-certificado-tuev\/\" class=\"entry-featured-image-url\"><img decoding=\"async\" src=\"https:\/\/test.rebotherm.de\/wp-content\/uploads\/2020\/04\/Laborfoto-TUeV-Heizfarbe-326x250.jpg\" alt=\"Color de calefacci\u00f3n con certificado T\u00dcV\" class=\"\" srcset=\"https:\/\/test.rebotherm.de\/wp-content\/uploads\/2020\/04\/Laborfoto-TUeV-Heizfarbe.jpg 479w, https:\/\/test.rebotherm.de\/wp-content\/uploads\/2020\/04\/Laborfoto-TUeV-Heizfarbe-326x250.jpg 480w \" sizes=\"(max-width:479px) 479px, 100vw \" width=\"400\" height=\"250\" title=\"\"><span class=\"et_overlay et_pb_inline_icon\" data-icon=\"\ue07e\"><\/span><\/a><\/div>\n\t\t\t\t\t\t\t\t\t\t\t\t\t\t<h2 class=\"entry-title\">\n\t\t\t\t\t\t\t\t\t\t\t\t\t<a href=\"https:\/\/test.rebotherm.de\/es\/color-de-calefaccion-con-certificado-tuev\/\">Color de calefacci\u00f3n con certificado T\u00dcV<\/a>\n\t\t\t\t\t\t\t\t\t\t\t<\/h2>\n\t\t\t\t\n\t\t\t\t\t<p class=\"post-meta\">por <span class=\"author vcard\"><a href=\"https:\/\/test.rebotherm.de\/es\/author\/udohamburg12\/\" title=\"Entradas de Udo Reifschl\u00e4ger\" rel=\"author\">Udo Reifschl\u00e4ger<\/a><\/span> | <span class=\"published\">26. Abr 2020<\/span><\/p><div class=\"post-content\"><div class=\"post-content-inner et_multi_view_hidden\"><p>Calefacci\u00f3n de color con certificado T\u00dcV El primer color de calefacci\u00f3n con certificaci\u00f3n T\u00dcV ya est\u00e1 en uso. Bas\u00e1ndonos en nuestros muchos a\u00f1os de experiencia con la calefacci\u00f3n de carbono, disponemos de dos colores de calefacci\u00f3n para su uso. Se utilizan colores de...<\/p>\n<\/div><a href=\"https:\/\/test.rebotherm.de\/es\/color-de-calefaccion-con-certificado-tuev\/\" class=\"more-link\">leer m\u00e1s<\/a><\/div>\t\t\t\n\t\t\t<\/article>\n\t\t\t\t<\/div>\n\t\t\t\t\t<\/div>\n\t\t\t\t\t<\/div> \n\t\t\t\t<\/div>\n\t\t\t<\/div>\n\t\t\t\t\n\t\t\t\t\n\t\t\t\t\n\t\t\t\t\n\t\t\t<\/div>\n\t\t\t\t\n\t\t\t\t\n\t\t\t<\/div><\/p>\n","protected":false},"excerpt":{"rendered":"","protected":false},"author":1,"featured_media":0,"parent":0,"menu_order":0,"comment_status":"open","ping_status":"closed","template":"","meta":{"_et_pb_use_builder":"on","_et_pb_old_content":"","_et_gb_content_width":"","footnotes":""},"class_list":["post-28607","page","type-page","status-publish","hentry"],"_links":{"self":[{"href":"https:\/\/test.rebotherm.de\/es\/wp-json\/wp\/v2\/pages\/28607","targetHints":{"allow":["GET"]}}],"collection":[{"href":"https:\/\/test.rebotherm.de\/es\/wp-json\/wp\/v2\/pages"}],"about":[{"href":"https:\/\/test.rebotherm.de\/es\/wp-json\/wp\/v2\/types\/page"}],"author":[{"embeddable":true,"href":"https:\/\/test.rebotherm.de\/es\/wp-json\/wp\/v2\/users\/1"}],"replies":[{"embeddable":true,"href":"https:\/\/test.rebotherm.de\/es\/wp-json\/wp\/v2\/comments?post=28607"}],"version-history":[{"count":5,"href":"https:\/\/test.rebotherm.de\/es\/wp-json\/wp\/v2\/pages\/28607\/revisions"}],"predecessor-version":[{"id":40725,"href":"https:\/\/test.rebotherm.de\/es\/wp-json\/wp\/v2\/pages\/28607\/revisions\/40725"}],"wp:attachment":[{"href":"https:\/\/test.rebotherm.de\/es\/wp-json\/wp\/v2\/media?parent=28607"}],"curies":[{"name":"wp","href":"https:\/\/api.w.org\/{rel}","templated":true}]}}